{"id":241109,"date":"2025-12-31T00:40:25","date_gmt":"2025-12-30T21:40:25","guid":{"rendered":"https:\/\/baldumarket.lt\/?post_type=product&#038;p=241109"},"modified":"2026-02-03T23:04:05","modified_gmt":"2026-02-03T20:04:05","slug":"sofa-dresivo-tkaniny-bella-promocja","status":"publish","type":"product","link":"https:\/\/baldumarket.lt\/lt\/product\/sofa-dresivo-tkaniny-bella-promocja\/","title":{"rendered":"Dresivo sofa \u2013 Bella audiniai \u2013 AKCIJA"},"content":{"rendered":"<p>\u201eDresivo\u201c sofa \u2013 \u012fdomus pasirinkimas moderniam interjerui.<br \/>\nSpecifikacijos:<br \/>\nmiego funkcija<br \/>\npatalyn\u0117s laikymo<br \/>\nDL automatinis i\u0161skleidimas<br \/>\nauk\u0161tos kokyb\u0117s zigzago spyruokl\u0117s ir T30 apmu\u0161al\u0173 putplastis u\u017etikrina tvirtum\u0105 ir ilgaam\u017ei\u0161kum\u0105<br \/>\npatogi s\u0117dyn\u0117<br \/>\npatogus atlo\u0161as<br \/>\npridedamos papildomos pagalv\u0117l\u0117s<br \/>\nSofa galima \u012fsigyti tik su audiniais<br \/>\nBella 35<br \/>\nBella 55<br \/>\nBella 70 \u2013 parodyta pagrindin\u0117je nuotraukoje<\/p>","protected":false},"excerpt":{"rendered":"<p>\u201eDresivo\u201c sofa \u2013 \u012fdomus pasirinkimas moderniam interjerui. Specifikacijos: miegojimo funkcija, patalyn\u0117s skyrius, automati\u0161kai i\u0161siskleid\u017eianti DL sistema, auk\u0161tos kokyb\u0117s zigzago spyruokl\u0117s ir T30 apmu\u0161al\u0173 putos u\u017etikrina tvirtum\u0105 ir ilgaam\u017ei\u0161kum\u0105, patogi s\u0117dyn\u0117, patogus atlo\u0161as, papildomos pagalv\u0117l\u0117s komplekte, sofa galima tik su audiniais. \u201eBella 35 Bella 55 Bella 70\u201c \u2013 parodyta pagrindin\u0117je nuotraukoje.<\/p>","protected":false},"featured_media":241140,"comment_status":"open","ping_status":"closed","template":"","meta":[],"product_brand":[],"product_cat":[9112,560],"product_tag":[],"class_list":{"0":"post-241109","1":"product","2":"type-product","3":"status-publish","4":"has-post-thumbnail","6":"product_cat-linneo","7":"product_cat-sofas-and-couches","9":"first","10":"instock","11":"shipping-taxable","12":"product-type-grouped"},"_links":{"self":[{"href":"https:\/\/baldumarket.lt\/lt\/wp-json\/wp\/v2\/product\/241109","targetHints":{"allow":["GET"]}}],"collection":[{"href":"https:\/\/baldumarket.lt\/lt\/wp-json\/wp\/v2\/product"}],"about":[{"href":"https:\/\/baldumarket.lt\/lt\/wp-json\/wp\/v2\/types\/product"}],"replies":[{"embeddable":true,"href":"https:\/\/baldumarket.lt\/lt\/wp-json\/wp\/v2\/comments?post=241109"}],"wp:featuredmedia":[{"embeddable":true,"href":"https:\/\/baldumarket.lt\/lt\/wp-json\/wp\/v2\/media\/241140"}],"wp:attachment":[{"href":"https:\/\/baldumarket.lt\/lt\/wp-json\/wp\/v2\/media?parent=241109"}],"wp:term":[{"taxonomy":"product_brand","embeddable":true,"href":"https:\/\/baldumarket.lt\/lt\/wp-json\/wp\/v2\/product_brand?post=241109"},{"taxonomy":"product_cat","embeddable":true,"href":"https:\/\/baldumarket.lt\/lt\/wp-json\/wp\/v2\/product_cat?post=241109"},{"taxonomy":"product_tag","embeddable":true,"href":"https:\/\/baldumarket.lt\/lt\/wp-json\/wp\/v2\/product_tag?post=241109"}],"curies":[{"name":"wp","href":"https:\/\/api.w.org\/{rel}","templated":true}]}}