{"id":241098,"date":"2025-12-31T00:39:51","date_gmt":"2025-12-30T21:39:51","guid":{"rendered":"https:\/\/baldumarket.lt\/?post_type=product&#038;p=241098"},"modified":"2026-02-03T23:04:05","modified_gmt":"2026-02-03T20:04:05","slug":"sofa-grini-tkanina-lumo-promocja","status":"publish","type":"product","link":"https:\/\/baldumarket.lt\/lt\/product\/sofa-grini-tkanina-lumo-promocja\/","title":{"rendered":"Grini sofa &#8211; Lumo audinys &#8211; AKCIJA"},"content":{"rendered":"<p>\u201eGrini\u201c sofa \u2013 \u012fdomus pasirinkimas moderniam interjerui.<br \/>\nSpecifikacijos:<br \/>\nmiego funkcija<br \/>\npatalyn\u0117s laikymo<br \/>\nDL automatin\u0117 i\u0161skleidimo sistema<br \/>\nauk\u0161tos kokyb\u0117s banguotos spyruokl\u0117s + ki\u0161enin\u0117s spyruokl\u0117s ir T30 apmu\u0161al\u0173 putplastis u\u017etikrina tvirtum\u0105 ir ilgaam\u017ei\u0161kum\u0105<br \/>\npatogi s\u0117dyn\u0117<br \/>\npatogus atlo\u0161as<br \/>\npridedamos papildomos pagalv\u0117l\u0117s<br \/>\nSofa galima \u012fsigyti tik su audiniais:<br \/>\nLumo 35<br \/>\nLumo 45<br \/>\nLumo 70 \u2013 parodyta pagrindin\u0117je nuotraukoje<\/p>","protected":false},"excerpt":{"rendered":"<p>The Grini sofa &#8211; an interesting option for modern interiors. Specifications: sleep function bedding storage DL automatic unfolding system high-quality wave springs + pocket springs and T30 upholstery foam provide firmness and durability comfortable seat comfortable backrest additional cushions included Sofa available only in fabrics: Lumo 35 Lumo 45 Lumo 70 &#8211; shown in the [&hellip;]<\/p>","protected":false},"featured_media":241127,"comment_status":"open","ping_status":"closed","template":"","meta":[],"product_brand":[],"product_cat":[9112,560],"product_tag":[],"class_list":{"0":"post-241098","1":"product","2":"type-product","3":"status-publish","4":"has-post-thumbnail","6":"product_cat-linneo","7":"product_cat-sofas-and-couches","9":"first","10":"instock","11":"shipping-taxable","12":"product-type-grouped"},"_links":{"self":[{"href":"https:\/\/baldumarket.lt\/lt\/wp-json\/wp\/v2\/product\/241098","targetHints":{"allow":["GET"]}}],"collection":[{"href":"https:\/\/baldumarket.lt\/lt\/wp-json\/wp\/v2\/product"}],"about":[{"href":"https:\/\/baldumarket.lt\/lt\/wp-json\/wp\/v2\/types\/product"}],"replies":[{"embeddable":true,"href":"https:\/\/baldumarket.lt\/lt\/wp-json\/wp\/v2\/comments?post=241098"}],"wp:featuredmedia":[{"embeddable":true,"href":"https:\/\/baldumarket.lt\/lt\/wp-json\/wp\/v2\/media\/241127"}],"wp:attachment":[{"href":"https:\/\/baldumarket.lt\/lt\/wp-json\/wp\/v2\/media?parent=241098"}],"wp:term":[{"taxonomy":"product_brand","embeddable":true,"href":"https:\/\/baldumarket.lt\/lt\/wp-json\/wp\/v2\/product_brand?post=241098"},{"taxonomy":"product_cat","embeddable":true,"href":"https:\/\/baldumarket.lt\/lt\/wp-json\/wp\/v2\/product_cat?post=241098"},{"taxonomy":"product_tag","embeddable":true,"href":"https:\/\/baldumarket.lt\/lt\/wp-json\/wp\/v2\/product_tag?post=241098"}],"curies":[{"name":"wp","href":"https:\/\/api.w.org\/{rel}","templated":true}]}}