{"id":241074,"date":"2025-12-31T00:38:36","date_gmt":"2025-12-30T21:38:36","guid":{"rendered":"https:\/\/baldumarket.lt\/?post_type=product&#038;p=241074"},"modified":"2026-02-03T23:04:06","modified_gmt":"2026-02-03T20:04:06","slug":"sofa-naroznik-2w1-cruzzo-tkanina-element-promocja-gr1","status":"publish","type":"product","link":"https:\/\/baldumarket.lt\/lt\/product\/sofa-naroznik-2w1-cruzzo-tkanina-element-promocja-gr1\/","title":{"rendered":"\u201eCruzzo\u201c 2 viename kampin\u0117 sofa \u2013 audinys \u201eElement\u201c \u2013 AKCIJA Gr1"},"content":{"rendered":"<p>\u201eCruzzo\u201c sofa \u2013 \u012fdomus pasirinkimas moderniam interjerui.<br \/>\nSpecifikacijos:<br \/>\nmiego funkcija<br \/>\npatalyn\u0117s laikymo<br \/>\nDL automatinis i\u0161skleidimas<br \/>\nauk\u0161tos kokyb\u0117s banguotos spyruokl\u0117s ir T30 apmu\u0161al\u0173 putplastis u\u017etikrina tvirtum\u0105 ir ilgaam\u017ei\u0161kum\u0105<br \/>\npatogi s\u0117dyn\u0117<br \/>\npatogus atlo\u0161as<br \/>\nI\u0161pl\u0117sdami de\u0161in\u0119 arba kair\u0119 pus\u0119 miegojimui, galite sukurti de\u0161iniarankiams arba kairiarankiams pritaikyt\u0105 kampin\u0119 sof\u0105.<br \/>\nSofa galima \u012fsigyti tik su audiniais<br \/>\nElementas 01<br \/>\n06 elementas \u2013 parodytas pagrindin\u0117je nuotraukoje<br \/>\n23 elementas<\/p>","protected":false},"excerpt":{"rendered":"<p>Plotis [cm]: 215<br \/>\n\u016agis [cm]: 77\u2013100<br \/>\nGylis [cm]: 112<br \/>\nS\u0117dyn\u0117s auk\u0161tis [cm]: 45<br \/>\nPatalyn\u0117: taip<br \/>\nMiegamasis plotas [cm]: 148 \u00d7 193<br \/>\nPagalv\u0117li\u0173 tipas: nuimamos pagalv\u0117l\u0117s<\/p>","protected":false},"featured_media":241113,"comment_status":"open","ping_status":"closed","template":"","meta":[],"product_brand":[],"product_cat":[9133],"product_tag":[],"class_list":{"0":"post-241074","1":"product","2":"type-product","3":"status-publish","4":"has-post-thumbnail","6":"product_cat-grouped","8":"first","9":"instock","10":"shipping-taxable","11":"purchasable","12":"product-type-variable","13":"wvs-archive-product-wrapper"},"_links":{"self":[{"href":"https:\/\/baldumarket.lt\/lt\/wp-json\/wp\/v2\/product\/241074","targetHints":{"allow":["GET"]}}],"collection":[{"href":"https:\/\/baldumarket.lt\/lt\/wp-json\/wp\/v2\/product"}],"about":[{"href":"https:\/\/baldumarket.lt\/lt\/wp-json\/wp\/v2\/types\/product"}],"replies":[{"embeddable":true,"href":"https:\/\/baldumarket.lt\/lt\/wp-json\/wp\/v2\/comments?post=241074"}],"wp:featuredmedia":[{"embeddable":true,"href":"https:\/\/baldumarket.lt\/lt\/wp-json\/wp\/v2\/media\/241113"}],"wp:attachment":[{"href":"https:\/\/baldumarket.lt\/lt\/wp-json\/wp\/v2\/media?parent=241074"}],"wp:term":[{"taxonomy":"product_brand","embeddable":true,"href":"https:\/\/baldumarket.lt\/lt\/wp-json\/wp\/v2\/product_brand?post=241074"},{"taxonomy":"product_cat","embeddable":true,"href":"https:\/\/baldumarket.lt\/lt\/wp-json\/wp\/v2\/product_cat?post=241074"},{"taxonomy":"product_tag","embeddable":true,"href":"https:\/\/baldumarket.lt\/lt\/wp-json\/wp\/v2\/product_tag?post=241074"}],"curies":[{"name":"wp","href":"https:\/\/api.w.org\/{rel}","templated":true}]}}