{"id":241071,"date":"2025-12-31T00:38:32","date_gmt":"2025-12-30T21:38:32","guid":{"rendered":"https:\/\/baldumarket.lt\/?post_type=product&#038;p=241071"},"modified":"2026-02-03T23:04:06","modified_gmt":"2026-02-03T20:04:06","slug":"sofa-enez-z-pufami-tkanina-pretty-promocja-gr3","status":"publish","type":"product","link":"https:\/\/baldumarket.lt\/lt\/product\/sofa-enez-z-pufami-tkanina-pretty-promocja-gr3\/","title":{"rendered":"Enez sofa su pufais &#8211; Gra\u017eus audinys &#8211; AKCIJA Gr3"},"content":{"rendered":"<p>\u201eEnez\u201c sofa \u2013 \u012fdomus pasirinkimas moderniam interjerui.<br \/>\nSpecifikacijos:<br \/>\nmiego funkcija<br \/>\npatalyn\u0117s laikymo<br \/>\nDL automatinis i\u0161skleidimas<br \/>\nauk\u0161tos kokyb\u0117s \u201eBonnell\u201c spyruokl\u0117s ir T30 apmu\u0161al\u0173 putos u\u017etikrina tvirtum\u0105 ir ilgaam\u017ei\u0161kum\u0105<br \/>\npatogi s\u0117dyn\u0117<br \/>\npatogus atlo\u0161as<br \/>\ndu pufai pridedami<br \/>\nSofa galima \u012fsigyti tik su audiniais<br \/>\nPretty 03 \u2013 pagrindin\u0117je nuotraukoje<br \/>\nGra\u017eu 09<br \/>\nGra\u017euol\u0117 17<\/p>","protected":false},"excerpt":{"rendered":"<p>Plotis [cm]: 259<br \/>\nAuk\u0161tis [cm]: 93<br \/>\nGylis [cm]: 103<br \/>\nPagalv\u0117li\u0173 tipas: nuimamos pagalv\u0117l\u0117s<br \/>\nPatalyn\u0117: taip<br \/>\nMiegamasis plotas [cm]: 143 \u00d7 200<br \/>\nSofos stilius: modernus<\/p>","protected":false},"featured_media":241102,"comment_status":"open","ping_status":"closed","template":"","meta":[],"product_brand":[],"product_cat":[9133],"product_tag":[],"class_list":{"0":"post-241071","1":"product","2":"type-product","3":"status-publish","4":"has-post-thumbnail","6":"product_cat-grouped","8":"first","9":"instock","10":"shipping-taxable","11":"purchasable","12":"product-type-variable","13":"wvs-archive-product-wrapper"},"_links":{"self":[{"href":"https:\/\/baldumarket.lt\/lt\/wp-json\/wp\/v2\/product\/241071","targetHints":{"allow":["GET"]}}],"collection":[{"href":"https:\/\/baldumarket.lt\/lt\/wp-json\/wp\/v2\/product"}],"about":[{"href":"https:\/\/baldumarket.lt\/lt\/wp-json\/wp\/v2\/types\/product"}],"replies":[{"embeddable":true,"href":"https:\/\/baldumarket.lt\/lt\/wp-json\/wp\/v2\/comments?post=241071"}],"wp:featuredmedia":[{"embeddable":true,"href":"https:\/\/baldumarket.lt\/lt\/wp-json\/wp\/v2\/media\/241102"}],"wp:attachment":[{"href":"https:\/\/baldumarket.lt\/lt\/wp-json\/wp\/v2\/media?parent=241071"}],"wp:term":[{"taxonomy":"product_brand","embeddable":true,"href":"https:\/\/baldumarket.lt\/lt\/wp-json\/wp\/v2\/product_brand?post=241071"},{"taxonomy":"product_cat","embeddable":true,"href":"https:\/\/baldumarket.lt\/lt\/wp-json\/wp\/v2\/product_cat?post=241071"},{"taxonomy":"product_tag","embeddable":true,"href":"https:\/\/baldumarket.lt\/lt\/wp-json\/wp\/v2\/product_tag?post=241071"}],"curies":[{"name":"wp","href":"https:\/\/api.w.org\/{rel}","templated":true}]}}