{"id":241032,"date":"2025-12-31T00:36:41","date_gmt":"2025-12-30T21:36:41","guid":{"rendered":"https:\/\/baldumarket.lt\/?post_type=product&#038;p=241032"},"modified":"2026-02-03T23:04:08","modified_gmt":"2026-02-03T20:04:08","slug":"naroznik-lofer-tkanina-lumo-promocja-gr1","status":"publish","type":"product","link":"https:\/\/baldumarket.lt\/lt\/product\/naroznik-lofer-tkanina-lumo-promocja-gr1\/","title":{"rendered":"Lofer kampin\u0117 sofa \u2013 Lumo audinys \u2013 AKCIJA Gr1"},"content":{"rendered":"<p>\u201eLofer\u201c kampin\u0117 sofa \u2013 \u012fdomus pasirinkimas moderniam interjerui.<br \/>\nParametrai:<br \/>\nmiego funkcija<br \/>\npatalyn\u0117s laikymo<br \/>\nDL automatinis i\u0161skleidimas<br \/>\nauk\u0161tos kokyb\u0117s \u201eBonnell\u201c spyruokl\u0117s ir T30 apmu\u0161al\u0173 putplastis u\u017etikrina tvirtum\u0105 ir ilgaam\u017ei\u0161kum\u0105<br \/>\npatogi s\u0117dyn\u0117<br \/>\npatogus atlo\u0161as<br \/>\nDe\u0161in\u0117je nuotraukoje kampin\u0117 sofa<br \/>\nKampin\u0117 sofa, galima \u012fsigyti tik su audiniais<br \/>\nLumo 40<br \/>\nLumo 45 \u2013 pagrindin\u0117 nuotrauka<br \/>\nLumo 70<\/p>","protected":false},"excerpt":{"rendered":"<p>Auk\u0161tis [cm]: 93<br \/>\nIlgesn\u0117s kra\u0161tin\u0117s plotis [cm]: 206<br \/>\nTrumpesn\u0117s kra\u0161tin\u0117s plotis [cm]: 155<br \/>\nMiegamasis plotas [cm]: 140 \u00d7 204<\/p>","protected":false},"featured_media":241077,"comment_status":"open","ping_status":"closed","template":"","meta":[],"product_brand":[],"product_cat":[9133],"product_tag":[],"class_list":{"0":"post-241032","1":"product","2":"type-product","3":"status-publish","4":"has-post-thumbnail","6":"product_cat-grouped","8":"first","9":"instock","10":"shipping-taxable","11":"purchasable","12":"product-type-variable","13":"wvs-archive-product-wrapper"},"_links":{"self":[{"href":"https:\/\/baldumarket.lt\/lt\/wp-json\/wp\/v2\/product\/241032","targetHints":{"allow":["GET"]}}],"collection":[{"href":"https:\/\/baldumarket.lt\/lt\/wp-json\/wp\/v2\/product"}],"about":[{"href":"https:\/\/baldumarket.lt\/lt\/wp-json\/wp\/v2\/types\/product"}],"replies":[{"embeddable":true,"href":"https:\/\/baldumarket.lt\/lt\/wp-json\/wp\/v2\/comments?post=241032"}],"wp:featuredmedia":[{"embeddable":true,"href":"https:\/\/baldumarket.lt\/lt\/wp-json\/wp\/v2\/media\/241077"}],"wp:attachment":[{"href":"https:\/\/baldumarket.lt\/lt\/wp-json\/wp\/v2\/media?parent=241032"}],"wp:term":[{"taxonomy":"product_brand","embeddable":true,"href":"https:\/\/baldumarket.lt\/lt\/wp-json\/wp\/v2\/product_brand?post=241032"},{"taxonomy":"product_cat","embeddable":true,"href":"https:\/\/baldumarket.lt\/lt\/wp-json\/wp\/v2\/product_cat?post=241032"},{"taxonomy":"product_tag","embeddable":true,"href":"https:\/\/baldumarket.lt\/lt\/wp-json\/wp\/v2\/product_tag?post=241032"}],"curies":[{"name":"wp","href":"https:\/\/api.w.org\/{rel}","templated":true}]}}