{"id":241020,"date":"2025-12-31T00:36:04","date_gmt":"2025-12-30T21:36:04","guid":{"rendered":"https:\/\/baldumarket.lt\/?post_type=product&#038;p=241020"},"modified":"2026-02-03T23:04:08","modified_gmt":"2026-02-03T20:04:08","slug":"naroznik-thin-tkanina-soft-promocja-gr2","status":"publish","type":"product","link":"https:\/\/baldumarket.lt\/lt\/product\/naroznik-thin-tkanina-soft-promocja-gr2\/","title":{"rendered":"Plona kampin\u0117 sofa \u2013 Mink\u0161tas audinys \u2013 AKCIJA Gr2"},"content":{"rendered":"<p>Plona kampin\u0117 sofa \u2013 \u012fdomus pasirinkimas moderniam interjerui.<br \/>\nParametrai:<br \/>\nmiego funkcija<br \/>\n2 x patalyn\u0117s laikymo vietos<br \/>\nDL automatin\u0117 i\u0161skleidimo sistema<br \/>\nAuk\u0161tos kokyb\u0117s \u201eBonnell\u201c spyruokl\u0117s ir T30 apmu\u0161al\u0173 putos u\u017etikrina tvirtum\u0105 ir ilgaam\u017ei\u0161kum\u0105<br \/>\nPatogi s\u0117dyn\u0117<br \/>\nPatogus atlo\u0161as<br \/>\nKampin\u0117 sofa, galima \u012fsigyti tik su audiniais<br \/>\nMink\u0161tas 04<br \/>\nMink\u0161tas 07<br \/>\n\u201eSoft 20\u201c \u2013 parodyta pagrindin\u0117je nuotraukoje<\/p>","protected":false},"excerpt":{"rendered":"<p>Auk\u0161tis [cm]: 93<br \/>\nIlgesn\u0117s kra\u0161tin\u0117s plotis [cm]: 210<br \/>\nTrumpesn\u0117s kra\u0161tin\u0117s plotis [cm]: 155<br \/>\nMiegamasis plotas [cm]: 139 \u00d7 204<\/p>","protected":false},"featured_media":241063,"comment_status":"open","ping_status":"closed","template":"","meta":[],"product_brand":[],"product_cat":[9133],"product_tag":[],"class_list":{"0":"post-241020","1":"product","2":"type-product","3":"status-publish","4":"has-post-thumbnail","6":"product_cat-grouped","8":"first","9":"instock","10":"shipping-taxable","11":"purchasable","12":"product-type-variable","13":"wvs-archive-product-wrapper"},"_links":{"self":[{"href":"https:\/\/baldumarket.lt\/lt\/wp-json\/wp\/v2\/product\/241020","targetHints":{"allow":["GET"]}}],"collection":[{"href":"https:\/\/baldumarket.lt\/lt\/wp-json\/wp\/v2\/product"}],"about":[{"href":"https:\/\/baldumarket.lt\/lt\/wp-json\/wp\/v2\/types\/product"}],"replies":[{"embeddable":true,"href":"https:\/\/baldumarket.lt\/lt\/wp-json\/wp\/v2\/comments?post=241020"}],"wp:featuredmedia":[{"embeddable":true,"href":"https:\/\/baldumarket.lt\/lt\/wp-json\/wp\/v2\/media\/241063"}],"wp:attachment":[{"href":"https:\/\/baldumarket.lt\/lt\/wp-json\/wp\/v2\/media?parent=241020"}],"wp:term":[{"taxonomy":"product_brand","embeddable":true,"href":"https:\/\/baldumarket.lt\/lt\/wp-json\/wp\/v2\/product_brand?post=241020"},{"taxonomy":"product_cat","embeddable":true,"href":"https:\/\/baldumarket.lt\/lt\/wp-json\/wp\/v2\/product_cat?post=241020"},{"taxonomy":"product_tag","embeddable":true,"href":"https:\/\/baldumarket.lt\/lt\/wp-json\/wp\/v2\/product_tag?post=241020"}],"curies":[{"name":"wp","href":"https:\/\/api.w.org\/{rel}","templated":true}]}}