{"id":241017,"date":"2025-12-31T00:36:00","date_gmt":"2025-12-30T21:36:00","guid":{"rendered":"https:\/\/baldumarket.lt\/?post_type=product&#038;p=241017"},"modified":"2026-02-03T23:04:08","modified_gmt":"2026-02-03T20:04:08","slug":"naroznik-katania-tkanina-lumo-promocja","status":"publish","type":"product","link":"https:\/\/baldumarket.lt\/lt\/product\/naroznik-katania-tkanina-lumo-promocja\/","title":{"rendered":"Katania kampin\u0117 sofa \u2013 Lumo audinys \u2013 AKCIJA"},"content":{"rendered":"<p>\u201eKatania\u201c kampin\u0117 sofa \u2013 \u012fdomus pasirinkimas moderniam interjerui.<br \/>\nSavyb\u0117s:<br \/>\nmiego funkcija<br \/>\npatalyn\u0117s laikymo<br \/>\nDL automatinis i\u0161skleidimo mechanizmas<br \/>\nauk\u0161tos kokyb\u0117s \u201eBonnell\u201c spyruokl\u0117s ir T30 apmu\u0161al\u0173 putos u\u017etikrina tvirtum\u0105 ir ilgaam\u017ei\u0161kum\u0105<br \/>\npatogi s\u0117dyn\u0117<br \/>\npatogus atlo\u0161as<br \/>\nKampin\u0117 sofa, galima \u012fsigyti tik su audiniais:<br \/>\nLumo 05<br \/>\nLumo 45<br \/>\nLumo 70 \u2013 parodyta pagrindin\u0117je nuotraukoje<\/p>","protected":false},"excerpt":{"rendered":"<p>Kampin\u0117 sofa \u201eKatania\u201c \u2013 \u012fdomus pasirinkimas moderniam interjerui. Savyb\u0117s: miegojimo funkcija; patalyn\u0117s laikymo vieta; automatinis i\u0161skleidimo mechanizmas \u201eDL\u201c; auk\u0161tos kokyb\u0117s \u201eBonnell\u201c spyruokl\u0117s ir T30 apmu\u0161al\u0173 putos u\u017etikrina tvirtum\u0105 ir ilgaam\u017ei\u0161kum\u0105; patogi s\u0117dyn\u0117; patogus atlo\u0161as; kampin\u0117 sofa, kuri\u0105 galima \u012fsigyti tik su \u0161iais audiniais: \u201eLumo 05 Lumo 45 Lumo 70\u201c \u2013 parodyta pagrindin\u0117je nuotraukoje.<\/p>","protected":false},"featured_media":241049,"comment_status":"open","ping_status":"closed","template":"","meta":[],"product_brand":[],"product_cat":[616,1983,9112],"product_tag":[],"class_list":{"0":"post-241017","1":"product","2":"type-product","3":"status-publish","4":"has-post-thumbnail","6":"product_cat-corners","7":"product_cat-corners-l","8":"product_cat-linneo","10":"first","11":"instock","12":"shipping-taxable","13":"product-type-grouped"},"_links":{"self":[{"href":"https:\/\/baldumarket.lt\/lt\/wp-json\/wp\/v2\/product\/241017","targetHints":{"allow":["GET"]}}],"collection":[{"href":"https:\/\/baldumarket.lt\/lt\/wp-json\/wp\/v2\/product"}],"about":[{"href":"https:\/\/baldumarket.lt\/lt\/wp-json\/wp\/v2\/types\/product"}],"replies":[{"embeddable":true,"href":"https:\/\/baldumarket.lt\/lt\/wp-json\/wp\/v2\/comments?post=241017"}],"wp:featuredmedia":[{"embeddable":true,"href":"https:\/\/baldumarket.lt\/lt\/wp-json\/wp\/v2\/media\/241049"}],"wp:attachment":[{"href":"https:\/\/baldumarket.lt\/lt\/wp-json\/wp\/v2\/media?parent=241017"}],"wp:term":[{"taxonomy":"product_brand","embeddable":true,"href":"https:\/\/baldumarket.lt\/lt\/wp-json\/wp\/v2\/product_brand?post=241017"},{"taxonomy":"product_cat","embeddable":true,"href":"https:\/\/baldumarket.lt\/lt\/wp-json\/wp\/v2\/product_cat?post=241017"},{"taxonomy":"product_tag","embeddable":true,"href":"https:\/\/baldumarket.lt\/lt\/wp-json\/wp\/v2\/product_tag?post=241017"}],"curies":[{"name":"wp","href":"https:\/\/api.w.org\/{rel}","templated":true}]}}