{"id":241003,"date":"2025-12-31T00:35:19","date_gmt":"2025-12-30T21:35:19","guid":{"rendered":"https:\/\/baldumarket.lt\/?post_type=product&#038;p=241003"},"modified":"2026-02-03T23:04:09","modified_gmt":"2026-02-03T20:04:09","slug":"naroznik-vito-tkanina-lumo-promocja","status":"publish","type":"product","link":"https:\/\/baldumarket.lt\/lt\/product\/naroznik-vito-tkanina-lumo-promocja\/","title":{"rendered":"Vito kampin\u0117 sofa &#8211; Lumo audinys &#8211; AKCIJA"},"content":{"rendered":"<p>\u201eVito\u201c kampin\u0117 sofa \u2013 \u012fdomus pasirinkimas moderniam interjerui.<br \/>\nParametrai:<br \/>\nmiego funkcija<br \/>\n2 x patalyn\u0117s laikymo vietos<br \/>\nDL automatin\u0117 i\u0161skleidimo sistema<br \/>\nAuk\u0161tos kokyb\u0117s \u201eBonnell\u201c spyruokl\u0117s ir T30 apmu\u0161al\u0173 putos u\u017etikrina tvirtum\u0105 ir ilgaam\u017ei\u0161kum\u0105<br \/>\nPatogi s\u0117dyn\u0117<br \/>\nPatogus atlo\u0161as<br \/>\nKampin\u0117 sofa, galima \u012fsigyti tik su audiniais:<br \/>\nLumo 30<br \/>\nLumo 40<br \/>\n\u201eLumo 75\u201c \u2013 parodytas pagrindin\u0117je nuotraukoje<\/p>","protected":false},"excerpt":{"rendered":"<p>The Vito corner sofa &#8211; an interesting option for modern interiors. Parameters: sleeping function 2 x bedding storage DL automatic unfolding system High-quality Bonnell springs and T30 upholstery foam provide firmness and durability Comfortable seat Comfortable backrest Corner sofa available only in fabrics: Lumo 30 Lumo 40 Lumo 75 &#8211; shown in the main photo<\/p>","protected":false},"featured_media":241035,"comment_status":"open","ping_status":"closed","template":"","meta":[],"product_brand":[],"product_cat":[616,1983,9112],"product_tag":[],"class_list":{"0":"post-241003","1":"product","2":"type-product","3":"status-publish","4":"has-post-thumbnail","6":"product_cat-corners","7":"product_cat-corners-l","8":"product_cat-linneo","10":"first","11":"instock","12":"shipping-taxable","13":"product-type-grouped"},"_links":{"self":[{"href":"https:\/\/baldumarket.lt\/lt\/wp-json\/wp\/v2\/product\/241003","targetHints":{"allow":["GET"]}}],"collection":[{"href":"https:\/\/baldumarket.lt\/lt\/wp-json\/wp\/v2\/product"}],"about":[{"href":"https:\/\/baldumarket.lt\/lt\/wp-json\/wp\/v2\/types\/product"}],"replies":[{"embeddable":true,"href":"https:\/\/baldumarket.lt\/lt\/wp-json\/wp\/v2\/comments?post=241003"}],"wp:featuredmedia":[{"embeddable":true,"href":"https:\/\/baldumarket.lt\/lt\/wp-json\/wp\/v2\/media\/241035"}],"wp:attachment":[{"href":"https:\/\/baldumarket.lt\/lt\/wp-json\/wp\/v2\/media?parent=241003"}],"wp:term":[{"taxonomy":"product_brand","embeddable":true,"href":"https:\/\/baldumarket.lt\/lt\/wp-json\/wp\/v2\/product_brand?post=241003"},{"taxonomy":"product_cat","embeddable":true,"href":"https:\/\/baldumarket.lt\/lt\/wp-json\/wp\/v2\/product_cat?post=241003"},{"taxonomy":"product_tag","embeddable":true,"href":"https:\/\/baldumarket.lt\/lt\/wp-json\/wp\/v2\/product_tag?post=241003"}],"curies":[{"name":"wp","href":"https:\/\/api.w.org\/{rel}","templated":true}]}}