{"id":240989,"date":"2025-12-31T00:34:35","date_gmt":"2025-12-30T21:34:35","guid":{"rendered":"https:\/\/baldumarket.lt\/?post_type=product&#038;p=240989"},"modified":"2026-02-03T23:04:10","modified_gmt":"2026-02-03T20:04:10","slug":"naroznik-claren-tkanina-bullet-promocja","status":"publish","type":"product","link":"https:\/\/baldumarket.lt\/lt\/product\/naroznik-claren-tkanina-bullet-promocja\/","title":{"rendered":"Claren kampin\u0117 sofa \u2013 Audinys \u201eBullet\u201c \u2013 AKCIJA"},"content":{"rendered":"<p>\u201eClaren\u201c kampin\u0117 sofa \u2013 \u012fdomus pasirinkimas moderniam interjerui.<br \/>\nParametrai:<br \/>\nmiego funkcija<br \/>\n2 x patalyn\u0117s laikymo vietos<br \/>\nDL automatin\u0117 i\u0161skleidimo sistema<br \/>\nAuk\u0161tos kokyb\u0117s \u201eBonnell\u201c spyruokl\u0117s ir T30 apmu\u0161al\u0173 putos u\u017etikrina tvirtum\u0105 ir ilgaam\u017ei\u0161kum\u0105<br \/>\nPatogi s\u0117dyn\u0117<br \/>\nPatogus atlo\u0161as<br \/>\nKampin\u0117 sofa, galima \u012fsigyti tik su audiniais<br \/>\n8-oji kulka \u2013 parodyta pagrindin\u0117je nuotraukoje<br \/>\n29 kulka<br \/>\nKulka 95<\/p>","protected":false},"excerpt":{"rendered":"<p>\u201eClaren\u201c kampin\u0117 sofa \u2013 \u012fdomus pasirinkimas moderniam interjerui. Parametrai: miegojimo funkcija, 2 x patalyn\u0117s skyriai, automatin\u0117 DL i\u0161skleidimo sistema, auk\u0161tos kokyb\u0117s \u201eBonnell\u201c spyruokl\u0117s ir T30 apmu\u0161al\u0173 putos u\u017etikrina tvirtum\u0105 ir ilgaam\u017ei\u0161kum\u0105, patogi s\u0117dyn\u0117, patogus atlo\u0161as, kampin\u0117 sofa si\u016bloma tik su audiniais \u201eBullet 08\u201c \u2013 parodyta pagrindin\u0117je nuotraukoje, \u201eBullet 29\u201c, \u201eBullet 95\u201c.<\/p>","protected":false},"featured_media":241021,"comment_status":"open","ping_status":"closed","template":"","meta":[],"product_brand":[],"product_cat":[616,1983,9112],"product_tag":[],"class_list":{"0":"post-240989","1":"product","2":"type-product","3":"status-publish","4":"has-post-thumbnail","6":"product_cat-corners","7":"product_cat-corners-l","8":"product_cat-linneo","10":"first","11":"instock","12":"shipping-taxable","13":"product-type-grouped"},"_links":{"self":[{"href":"https:\/\/baldumarket.lt\/lt\/wp-json\/wp\/v2\/product\/240989","targetHints":{"allow":["GET"]}}],"collection":[{"href":"https:\/\/baldumarket.lt\/lt\/wp-json\/wp\/v2\/product"}],"about":[{"href":"https:\/\/baldumarket.lt\/lt\/wp-json\/wp\/v2\/types\/product"}],"replies":[{"embeddable":true,"href":"https:\/\/baldumarket.lt\/lt\/wp-json\/wp\/v2\/comments?post=240989"}],"wp:featuredmedia":[{"embeddable":true,"href":"https:\/\/baldumarket.lt\/lt\/wp-json\/wp\/v2\/media\/241021"}],"wp:attachment":[{"href":"https:\/\/baldumarket.lt\/lt\/wp-json\/wp\/v2\/media?parent=240989"}],"wp:term":[{"taxonomy":"product_brand","embeddable":true,"href":"https:\/\/baldumarket.lt\/lt\/wp-json\/wp\/v2\/product_brand?post=240989"},{"taxonomy":"product_cat","embeddable":true,"href":"https:\/\/baldumarket.lt\/lt\/wp-json\/wp\/v2\/product_cat?post=240989"},{"taxonomy":"product_tag","embeddable":true,"href":"https:\/\/baldumarket.lt\/lt\/wp-json\/wp\/v2\/product_tag?post=240989"}],"curies":[{"name":"wp","href":"https:\/\/api.w.org\/{rel}","templated":true}]}}