{"id":240950,"date":"2025-12-31T00:32:44","date_gmt":"2025-12-30T21:32:44","guid":{"rendered":"https:\/\/baldumarket.lt\/?post_type=product&#038;p=240950"},"modified":"2026-02-03T23:04:11","modified_gmt":"2026-02-03T20:04:11","slug":"naroznik-taranto-tkanina-bella-promocja-gr2","status":"publish","type":"product","link":"https:\/\/baldumarket.lt\/lt\/product\/naroznik-taranto-tkanina-bella-promocja-gr2\/","title":{"rendered":"Taranto kampin\u0117 sofa &#8211; Bella audinys &#8211; AKCIJA Gr2"},"content":{"rendered":"<p>\u201eTaranto\u201c kampin\u0117 sofa \u2013 \u012fdomus pasirinkimas moderniam interjerui.<br \/>\nSpecifikacijos:<br \/>\nmiego funkcija<br \/>\npatalyn\u0117s laikymo<br \/>\nDL automatinis i\u0161skleidimas<br \/>\nauk\u0161tos kokyb\u0117s banguotos spyruokl\u0117s ir T30 apmu\u0161al\u0173 putplastis u\u017etikrina tvirtum\u0105 ir ilgaam\u017ei\u0161kum\u0105<br \/>\npatogi s\u0117dyn\u0117<br \/>\npatogus atlo\u0161as<br \/>\nDe\u0161in\u0117je nuotraukoje kampin\u0117 sofa.<br \/>\nKampin\u0117 sofa, galima \u012fsigyti tik su audiniais<br \/>\nBella 20<br \/>\nBella 35 \u2013 pagrindin\u0117 nuotrauka<br \/>\nBella 55<\/p>","protected":false},"excerpt":{"rendered":"<p>Auk\u0161tis [cm]: 83<br \/>\nIlgesn\u0117s kra\u0161tin\u0117s plotis [cm]: 225<br \/>\nTrumpesn\u0117s kra\u0161tin\u0117s plotis [cm]: 172<br \/>\nMiegamasis plotas [cm]: 142 \u00d7 211<\/p>","protected":false},"featured_media":240993,"comment_status":"open","ping_status":"closed","template":"","meta":[],"product_brand":[],"product_cat":[9133],"product_tag":[],"class_list":{"0":"post-240950","1":"product","2":"type-product","3":"status-publish","4":"has-post-thumbnail","6":"product_cat-grouped","8":"first","9":"instock","10":"shipping-taxable","11":"purchasable","12":"product-type-variable","13":"wvs-archive-product-wrapper"},"_links":{"self":[{"href":"https:\/\/baldumarket.lt\/lt\/wp-json\/wp\/v2\/product\/240950","targetHints":{"allow":["GET"]}}],"collection":[{"href":"https:\/\/baldumarket.lt\/lt\/wp-json\/wp\/v2\/product"}],"about":[{"href":"https:\/\/baldumarket.lt\/lt\/wp-json\/wp\/v2\/types\/product"}],"replies":[{"embeddable":true,"href":"https:\/\/baldumarket.lt\/lt\/wp-json\/wp\/v2\/comments?post=240950"}],"wp:featuredmedia":[{"embeddable":true,"href":"https:\/\/baldumarket.lt\/lt\/wp-json\/wp\/v2\/media\/240993"}],"wp:attachment":[{"href":"https:\/\/baldumarket.lt\/lt\/wp-json\/wp\/v2\/media?parent=240950"}],"wp:term":[{"taxonomy":"product_brand","embeddable":true,"href":"https:\/\/baldumarket.lt\/lt\/wp-json\/wp\/v2\/product_brand?post=240950"},{"taxonomy":"product_cat","embeddable":true,"href":"https:\/\/baldumarket.lt\/lt\/wp-json\/wp\/v2\/product_cat?post=240950"},{"taxonomy":"product_tag","embeddable":true,"href":"https:\/\/baldumarket.lt\/lt\/wp-json\/wp\/v2\/product_tag?post=240950"}],"curies":[{"name":"wp","href":"https:\/\/api.w.org\/{rel}","templated":true}]}}