{"id":240947,"date":"2025-12-31T00:32:40","date_gmt":"2025-12-30T21:32:40","guid":{"rendered":"https:\/\/baldumarket.lt\/?post_type=product&#038;p=240947"},"modified":"2026-02-03T23:04:11","modified_gmt":"2026-02-03T20:04:11","slug":"naroznik-oregon-tkanina-fredo-i-bella-promocja","status":"publish","type":"product","link":"https:\/\/baldumarket.lt\/lt\/product\/naroznik-oregon-tkanina-fredo-i-bella-promocja\/","title":{"rendered":"Oregono kampin\u0117 sofa \u2013 Fredo ir Bella audinys \u2013 AKCIJA"},"content":{"rendered":"<p>Kampin\u0117 sofa \u201eOregon\u201c \u2013 \u012fdomus pasirinkimas moderniam interjerui.<br \/>\nSpecifikacijos:<br \/>\nmiego funkcija<br \/>\npatalyn\u0117s laikymo<br \/>\ndelfino stiliaus automatinis<br \/>\nauk\u0161tos kokyb\u0117s banguotos spyruokl\u0117s ir T30 apmu\u0161al\u0173 putplastis u\u017etikrina tvirtum\u0105 ir ilgaam\u017ei\u0161kum\u0105<br \/>\npatogi s\u0117dyn\u0117<br \/>\npatogus atlo\u0161as<br \/>\njudamos galvos atramos<br \/>\nreguliuojamas atlo\u0161o gylis<br \/>\nKampin\u0117 sofa pavaizduota de\u0161in\u0117je.<br \/>\n\u0160i kampin\u0117 sofa si\u016bloma tik su audiniais<br \/>\nFredo 10<br \/>\nFredo 35<br \/>\nBella 20<br \/>\nBella 35<br \/>\nBella 55 \u2013 pavaizduota pagrindin\u0117je nuotraukoje<\/p>","protected":false},"excerpt":{"rendered":"<p>Kampin\u0117 sofa \u201eOregon\u201c \u2013 \u012fdomus pasirinkimas moderniam interjerui. Specifikacijos: miegojimo funkcija, patalyn\u0117s laikymo sistema, delfino stiliaus automatin\u0117s spyruokl\u0117s, auk\u0161tos kokyb\u0117s banguotos spyruokl\u0117s ir T30 apmu\u0161al\u0173 putos u\u017etikrina tvirtum\u0105 ir ilgaam\u017ei\u0161kum\u0105, patogi s\u0117dyn\u0117, patogus atlo\u0161as, judamos galvos atramos, reguliuojamas atlo\u0161o gylis. Kampin\u0117 sofa pavaizduota de\u0161in\u0117je. \u0160i kampin\u0117 sofa si\u016bloma tik su audiniais \u201eFredo\u201c [\u2026]<\/p>","protected":false},"featured_media":240979,"comment_status":"open","ping_status":"closed","template":"","meta":[],"product_brand":[],"product_cat":[616,1983,9112],"product_tag":[],"class_list":{"0":"post-240947","1":"product","2":"type-product","3":"status-publish","4":"has-post-thumbnail","6":"product_cat-corners","7":"product_cat-corners-l","8":"product_cat-linneo","10":"first","11":"instock","12":"shipping-taxable","13":"product-type-grouped"},"_links":{"self":[{"href":"https:\/\/baldumarket.lt\/lt\/wp-json\/wp\/v2\/product\/240947","targetHints":{"allow":["GET"]}}],"collection":[{"href":"https:\/\/baldumarket.lt\/lt\/wp-json\/wp\/v2\/product"}],"about":[{"href":"https:\/\/baldumarket.lt\/lt\/wp-json\/wp\/v2\/types\/product"}],"replies":[{"embeddable":true,"href":"https:\/\/baldumarket.lt\/lt\/wp-json\/wp\/v2\/comments?post=240947"}],"wp:featuredmedia":[{"embeddable":true,"href":"https:\/\/baldumarket.lt\/lt\/wp-json\/wp\/v2\/media\/240979"}],"wp:attachment":[{"href":"https:\/\/baldumarket.lt\/lt\/wp-json\/wp\/v2\/media?parent=240947"}],"wp:term":[{"taxonomy":"product_brand","embeddable":true,"href":"https:\/\/baldumarket.lt\/lt\/wp-json\/wp\/v2\/product_brand?post=240947"},{"taxonomy":"product_cat","embeddable":true,"href":"https:\/\/baldumarket.lt\/lt\/wp-json\/wp\/v2\/product_cat?post=240947"},{"taxonomy":"product_tag","embeddable":true,"href":"https:\/\/baldumarket.lt\/lt\/wp-json\/wp\/v2\/product_tag?post=240947"}],"curies":[{"name":"wp","href":"https:\/\/api.w.org\/{rel}","templated":true}]}}