{"id":240936,"date":"2025-12-31T00:32:04","date_gmt":"2025-12-30T21:32:04","guid":{"rendered":"https:\/\/baldumarket.lt\/?post_type=product&#038;p=240936"},"modified":"2026-02-03T23:04:12","modified_gmt":"2026-02-03T20:04:12","slug":"naroznik-denny-tkanina-fredo-i-bella-promocja","status":"publish","type":"product","link":"https:\/\/baldumarket.lt\/lt\/product\/naroznik-denny-tkanina-fredo-i-bella-promocja\/","title":{"rendered":"Denny kampin\u0117 sofa &#8211; Fredo ir Bella audinys &#8211; AKCIJA"},"content":{"rendered":"<p>\u201eDenny\u201c kampin\u0117 sofa \u2013 \u012fdomus pasirinkimas moderniam interjerui.<br \/>\nSpecifikacijos:<br \/>\nmiego funkcija<br \/>\npatalyn\u0117s laikymo<br \/>\ndelfino stiliaus automatinis<br \/>\nauk\u0161tos kokyb\u0117s banguotos spyruokl\u0117s ir T30 apmu\u0161al\u0173 putplastis u\u017etikrina tvirtum\u0105 ir ilgaam\u017ei\u0161kum\u0105<br \/>\npatogi s\u0117dyn\u0117<br \/>\npatogus atlo\u0161as<br \/>\njudamos galvos atramos<br \/>\nKampin\u0117 sofa pavaizduota de\u0161in\u0117je.<br \/>\n\u0160i kampin\u0117 sofa si\u016bloma tik su audiniais<br \/>\nFredo 10<br \/>\nFredo 35<br \/>\nBella 10<br \/>\nBella 20<br \/>\nBella 65 \u2013 pagrindin\u0117je nuotraukoje<\/p>","protected":false},"excerpt":{"rendered":"<p>The Denny corner sofa &#8211; an interesting option for modern interiors. Specifications: sleep function bedding storage dolphin-style automatic high-quality wave springs and T30 upholstery foam provide firmness and durability comfortable seat comfortable backrest movable headrests The corner sofa is pictured on the right. This corner sofa is available only in fabrics Fredo 10 Fredo 35 [&hellip;]<\/p>","protected":false},"featured_media":240965,"comment_status":"open","ping_status":"closed","template":"","meta":[],"product_brand":[],"product_cat":[616,1983,9112],"product_tag":[],"class_list":{"0":"post-240936","1":"product","2":"type-product","3":"status-publish","4":"has-post-thumbnail","6":"product_cat-corners","7":"product_cat-corners-l","8":"product_cat-linneo","10":"first","11":"instock","12":"shipping-taxable","13":"product-type-grouped"},"_links":{"self":[{"href":"https:\/\/baldumarket.lt\/lt\/wp-json\/wp\/v2\/product\/240936","targetHints":{"allow":["GET"]}}],"collection":[{"href":"https:\/\/baldumarket.lt\/lt\/wp-json\/wp\/v2\/product"}],"about":[{"href":"https:\/\/baldumarket.lt\/lt\/wp-json\/wp\/v2\/types\/product"}],"replies":[{"embeddable":true,"href":"https:\/\/baldumarket.lt\/lt\/wp-json\/wp\/v2\/comments?post=240936"}],"wp:featuredmedia":[{"embeddable":true,"href":"https:\/\/baldumarket.lt\/lt\/wp-json\/wp\/v2\/media\/240965"}],"wp:attachment":[{"href":"https:\/\/baldumarket.lt\/lt\/wp-json\/wp\/v2\/media?parent=240936"}],"wp:term":[{"taxonomy":"product_brand","embeddable":true,"href":"https:\/\/baldumarket.lt\/lt\/wp-json\/wp\/v2\/product_brand?post=240936"},{"taxonomy":"product_cat","embeddable":true,"href":"https:\/\/baldumarket.lt\/lt\/wp-json\/wp\/v2\/product_cat?post=240936"},{"taxonomy":"product_tag","embeddable":true,"href":"https:\/\/baldumarket.lt\/lt\/wp-json\/wp\/v2\/product_tag?post=240936"}],"curies":[{"name":"wp","href":"https:\/\/api.w.org\/{rel}","templated":true}]}}