{"id":240926,"date":"2025-12-31T00:31:21","date_gmt":"2025-12-30T21:31:21","guid":{"rendered":"https:\/\/baldumarket.lt\/?post_type=product&#038;p=240926"},"modified":"2026-02-03T23:04:12","modified_gmt":"2026-02-03T20:04:12","slug":"naroznik-taranto-tkaniny-bella-promocja","status":"publish","type":"product","link":"https:\/\/baldumarket.lt\/lt\/product\/naroznik-taranto-tkaniny-bella-promocja\/","title":{"rendered":"Taranto kampin\u0117 sofa &#8211; Bella audiniai &#8211; AKCIJA"},"content":{"rendered":"<p>I\u0161skleid\u017eiama kampin\u0117 sofa \u201eTaranto\u201c yra patogus mink\u0161tas baldas, pagamintas moderniu stiliumi ir kruop\u0161\u010diai pagamintas.<br \/>\nFerrano savyb\u0117s:<br \/>\nmiego funkcija<br \/>\npatalyn\u0117s laikymo<br \/>\nDL automatinis i\u0161skleidimo mechanizmas<br \/>\nauk\u0161tos kokyb\u0117s banguotos spyruokl\u0117s ir T30 apmu\u0161al\u0173 putplastis u\u017etikrina tvirtum\u0105 ir ilgaam\u017ei\u0161kum\u0105<br \/>\npatogi s\u0117dyn\u0117<br \/>\npatogus atlo\u0161as<br \/>\nkampin\u0117 sofa parodyta tinkamoje pad\u0117tyje<br \/>\ndekoratyvin\u0117s pagalv\u0117l\u0117s<br \/>\ndekoratyvinis si\u016bl\u0117s<br \/>\nKampin\u0117 sofa si\u016bloma tik su Bella 20, 35 ir 55 audiniais<\/p>","protected":false},"excerpt":{"rendered":"<p>The Taranto extendable corner sofa is a comfortable piece of upholstered furniture, crafted in a modern style and meticulously crafted. Ferrano features: sleep function bedding storage DL automatic unfolding mechanism high-quality wave springs and T30 upholstery foam provide firmness and durability comfortable seat comfortable backrest corner sofa shown in the right position decorative cushions decorative [&hellip;]<\/p>","protected":false},"featured_media":240953,"comment_status":"open","ping_status":"closed","template":"","meta":[],"product_brand":[],"product_cat":[616,1983,9112],"product_tag":[],"class_list":{"0":"post-240926","1":"product","2":"type-product","3":"status-publish","4":"has-post-thumbnail","6":"product_cat-corners","7":"product_cat-corners-l","8":"product_cat-linneo","10":"first","11":"instock","12":"shipping-taxable","13":"product-type-grouped"},"_links":{"self":[{"href":"https:\/\/baldumarket.lt\/lt\/wp-json\/wp\/v2\/product\/240926","targetHints":{"allow":["GET"]}}],"collection":[{"href":"https:\/\/baldumarket.lt\/lt\/wp-json\/wp\/v2\/product"}],"about":[{"href":"https:\/\/baldumarket.lt\/lt\/wp-json\/wp\/v2\/types\/product"}],"replies":[{"embeddable":true,"href":"https:\/\/baldumarket.lt\/lt\/wp-json\/wp\/v2\/comments?post=240926"}],"wp:featuredmedia":[{"embeddable":true,"href":"https:\/\/baldumarket.lt\/lt\/wp-json\/wp\/v2\/media\/240953"}],"wp:attachment":[{"href":"https:\/\/baldumarket.lt\/lt\/wp-json\/wp\/v2\/media?parent=240926"}],"wp:term":[{"taxonomy":"product_brand","embeddable":true,"href":"https:\/\/baldumarket.lt\/lt\/wp-json\/wp\/v2\/product_brand?post=240926"},{"taxonomy":"product_cat","embeddable":true,"href":"https:\/\/baldumarket.lt\/lt\/wp-json\/wp\/v2\/product_cat?post=240926"},{"taxonomy":"product_tag","embeddable":true,"href":"https:\/\/baldumarket.lt\/lt\/wp-json\/wp\/v2\/product_tag?post=240926"}],"curies":[{"name":"wp","href":"https:\/\/api.w.org\/{rel}","templated":true}]}}