{"id":240912,"date":"2025-12-31T00:30:43","date_gmt":"2025-12-30T21:30:43","guid":{"rendered":"https:\/\/baldumarket.lt\/?post_type=product&#038;p=240912"},"modified":"2026-02-03T23:04:13","modified_gmt":"2026-02-03T20:04:13","slug":"naroznik-ferrano-tkanina-soft-04-promocja","status":"publish","type":"product","link":"https:\/\/baldumarket.lt\/lt\/product\/naroznik-ferrano-tkanina-soft-04-promocja\/","title":{"rendered":"Ferrano kampin\u0117 sofa &#8211; Soft 04 audinys &#8211; AKCIJA"},"content":{"rendered":"<p>\u201eFerrano\u201c i\u0161skleid\u017eiama kampin\u0117 sofa yra patogus mink\u0161tas baldas, pasi\u017eymintis moderniu dizainu ir kruop\u0161\u010diu d\u0117mesiu detal\u0117ms.<br \/>\nFerrano savyb\u0117s:<br \/>\nmiego funkcija<br \/>\npatalyn\u0117s laikymo<br \/>\nDL automatinis i\u0161skleidimo mechanizmas<br \/>\nauk\u0161tos kokyb\u0117s banguotos spyruokl\u0117s ir T30 apmu\u0161al\u0173 putplastis u\u017etikrina tvirtum\u0105 ir ilgaam\u017ei\u0161kum\u0105<br \/>\npatogi s\u0117dyn\u0117<br \/>\npatogus atlo\u0161as<br \/>\ndekoratyvin\u0117 pagalv\u0117<br \/>\ndekoratyvinis si\u016bl\u0117s<br \/>\n\u0160i kampin\u0117 sofa galima \u012fsigyti tik su \u201eSoft 04\u201c audiniu, kaip parodyta pagrindin\u0117je nuotraukoje \u2013 ruda.<\/p>","protected":false},"excerpt":{"rendered":"<p>The Ferrano extendable corner sofa is a comfortable piece of upholstered furniture with a modern design and meticulous attention to detail. Ferrano features: sleep function bedding storage DL automatic unfolding mechanism high-quality wave springs and T30 upholstery foam provide firmness and durability comfortable seat comfortable backrest decorative pillow decorative stitching This corner sofa is only [&hellip;]<\/p>","protected":false},"featured_media":240942,"comment_status":"open","ping_status":"closed","template":"","meta":[],"product_brand":[],"product_cat":[616,1983,9112],"product_tag":[],"class_list":{"0":"post-240912","1":"product","2":"type-product","3":"status-publish","4":"has-post-thumbnail","6":"product_cat-corners","7":"product_cat-corners-l","8":"product_cat-linneo","10":"first","11":"instock","12":"shipping-taxable","13":"product-type-grouped"},"_links":{"self":[{"href":"https:\/\/baldumarket.lt\/lt\/wp-json\/wp\/v2\/product\/240912","targetHints":{"allow":["GET"]}}],"collection":[{"href":"https:\/\/baldumarket.lt\/lt\/wp-json\/wp\/v2\/product"}],"about":[{"href":"https:\/\/baldumarket.lt\/lt\/wp-json\/wp\/v2\/types\/product"}],"replies":[{"embeddable":true,"href":"https:\/\/baldumarket.lt\/lt\/wp-json\/wp\/v2\/comments?post=240912"}],"wp:featuredmedia":[{"embeddable":true,"href":"https:\/\/baldumarket.lt\/lt\/wp-json\/wp\/v2\/media\/240942"}],"wp:attachment":[{"href":"https:\/\/baldumarket.lt\/lt\/wp-json\/wp\/v2\/media?parent=240912"}],"wp:term":[{"taxonomy":"product_brand","embeddable":true,"href":"https:\/\/baldumarket.lt\/lt\/wp-json\/wp\/v2\/product_brand?post=240912"},{"taxonomy":"product_cat","embeddable":true,"href":"https:\/\/baldumarket.lt\/lt\/wp-json\/wp\/v2\/product_cat?post=240912"},{"taxonomy":"product_tag","embeddable":true,"href":"https:\/\/baldumarket.lt\/lt\/wp-json\/wp\/v2\/product_tag?post=240912"}],"curies":[{"name":"wp","href":"https:\/\/api.w.org\/{rel}","templated":true}]}}