{"id":240897,"date":"2025-12-31T00:30:01","date_gmt":"2025-12-30T21:30:01","guid":{"rendered":"https:\/\/baldumarket.lt\/?post_type=product&#038;p=240897"},"modified":"2026-02-03T23:04:14","modified_gmt":"2026-02-03T20:04:14","slug":"wersalka-rozkladana-bono-tkanina-neve-90-100-promocja-gr3","status":"publish","type":"product","link":"https:\/\/baldumarket.lt\/lt\/product\/wersalka-rozkladana-bono-tkanina-neve-90-100-promocja-gr3\/","title":{"rendered":"Bono sofa-lova \u2013 Neve 90 + 100 audinys \u2013 AKCIJA Gr3"},"content":{"rendered":"<p>Bono sofa-lova yra patogus, mink\u0161tas baldas, pasi\u017eymintis moderniu dizainu ir kruop\u0161\u010diu d\u0117mesiu detal\u0117ms.<br \/>\nSavyb\u0117s:<br \/>\nPatalyn\u0117 saugykla<br \/>\nAuk\u0161tos kokyb\u0117s \u201eBonnell\u201c spyruokl\u0117s ir T30 apmu\u0161al\u0173 putos suteikia sofai tvirtumo ir ilgaam\u017ei\u0161kumo<br \/>\nMiego funkcija<br \/>\nSofa-lova galima \u012fsigyti tik su nuotraukoje parodytu \u201eNeve 90+100\u201c audiniu.<br \/>\nI\u0161skleidimo sistema \u201eClick-clack\u201c, medin\u0117s kojel\u0117s.<\/p>","protected":false},"excerpt":{"rendered":"<p>Plotis [cm]: 199<br \/>\nAuk\u0161tis [cm]: 91<br \/>\nGylis [cm]: 91<br \/>\nMiegamasis plotas [cm]: 118 \u00d7 198<\/p>","protected":false},"featured_media":240930,"comment_status":"open","ping_status":"closed","template":"","meta":[],"product_brand":[],"product_cat":[9133],"product_tag":[],"class_list":{"0":"post-240897","1":"product","2":"type-product","3":"status-publish","4":"has-post-thumbnail","6":"product_cat-grouped","8":"first","9":"instock","10":"shipping-taxable","11":"purchasable","12":"product-type-variable","13":"wvs-archive-product-wrapper"},"_links":{"self":[{"href":"https:\/\/baldumarket.lt\/lt\/wp-json\/wp\/v2\/product\/240897","targetHints":{"allow":["GET"]}}],"collection":[{"href":"https:\/\/baldumarket.lt\/lt\/wp-json\/wp\/v2\/product"}],"about":[{"href":"https:\/\/baldumarket.lt\/lt\/wp-json\/wp\/v2\/types\/product"}],"replies":[{"embeddable":true,"href":"https:\/\/baldumarket.lt\/lt\/wp-json\/wp\/v2\/comments?post=240897"}],"wp:featuredmedia":[{"embeddable":true,"href":"https:\/\/baldumarket.lt\/lt\/wp-json\/wp\/v2\/media\/240930"}],"wp:attachment":[{"href":"https:\/\/baldumarket.lt\/lt\/wp-json\/wp\/v2\/media?parent=240897"}],"wp:term":[{"taxonomy":"product_brand","embeddable":true,"href":"https:\/\/baldumarket.lt\/lt\/wp-json\/wp\/v2\/product_brand?post=240897"},{"taxonomy":"product_cat","embeddable":true,"href":"https:\/\/baldumarket.lt\/lt\/wp-json\/wp\/v2\/product_cat?post=240897"},{"taxonomy":"product_tag","embeddable":true,"href":"https:\/\/baldumarket.lt\/lt\/wp-json\/wp\/v2\/product_tag?post=240897"}],"curies":[{"name":"wp","href":"https:\/\/api.w.org\/{rel}","templated":true}]}}