{"id":240885,"date":"2025-12-31T00:29:27","date_gmt":"2025-12-30T21:29:27","guid":{"rendered":"https:\/\/baldumarket.lt\/?post_type=product&#038;p=240885"},"modified":"2026-02-03T23:04:14","modified_gmt":"2026-02-03T20:04:14","slug":"naroznik-glow-tkanina-soft-04-promocja","status":"publish","type":"product","link":"https:\/\/baldumarket.lt\/lt\/product\/naroznik-glow-tkanina-soft-04-promocja\/","title":{"rendered":"\u0160vytinti kampin\u0117 sofa \u2013 audinys \u201eSoft 04\u201c \u2013 AKCIJA"},"content":{"rendered":"<p>I\u0161skleid\u017eiama kampin\u0117 sofa \u201eGlow\u201c \u2013 tai patogus, mink\u0161tas baldas, pasi\u017eymintis moderniu dizainu ir kruop\u0161\u010diu d\u0117mesiu detal\u0117ms.<br \/>\n\u0160vyt\u0117jimo savyb\u0117s:<br \/>\nmiego funkcija<br \/>\ndvigubos patalyn\u0117s saugykla<br \/>\nDL automatinis i\u0161skleidimo mechanizmas<br \/>\nauk\u0161tos kokyb\u0117s \u201eBonnell\u201c spyruokl\u0117s ir T30 apmu\u0161al\u0173 putos u\u017etikrina tvirtum\u0105 ir ilgaam\u017ei\u0161kum\u0105<br \/>\npatogi s\u0117dyn\u0117<br \/>\npatogus atlo\u0161as<br \/>\ndekoratyvin\u0117s pagalv\u0117l\u0117s<br \/>\ndekoratyvinis si\u016bl\u0117s<br \/>\n\u0160i kampin\u0117 sofa galima \u012fsigyti tik su \u201eSoft 04\u201c audiniu, kaip parodyta pagrindin\u0117je nuotraukoje \u2013 ruda.<\/p>","protected":false},"excerpt":{"rendered":"<p>I\u0161skleid\u017eiama kampin\u0117 sofa \u201eGlow\u201c \u2013 tai patogus, mink\u0161tas baldas, pasi\u017eymintis moderniu dizainu ir kruop\u0161\u010diu d\u0117mesiu detal\u0117ms. \u201eGlow\u201c savyb\u0117s: miegojimo funkcija; dviguba patalyn\u0117s d\u0117\u017e\u0117; automatinis DL i\u0161skleidimo mechanizmas; auk\u0161tos kokyb\u0117s \u201eBonnell\u201c spyruokl\u0117s ir T30 apmu\u0161al\u0173 putos u\u017etikrina tvirtum\u0105 ir ilgaam\u017ei\u0161kum\u0105; patogi s\u0117dyn\u0117; patogus atlo\u0161as; dekoratyvin\u0117s pagalv\u0117l\u0117s; dekoratyvin\u0117s si\u016bl\u0117s. \u0160i kampin\u0117 sofa yra [\u2026]<\/p>","protected":false},"featured_media":240916,"comment_status":"open","ping_status":"closed","template":"","meta":[],"product_brand":[],"product_cat":[616,1983,9112],"product_tag":[],"class_list":{"0":"post-240885","1":"product","2":"type-product","3":"status-publish","4":"has-post-thumbnail","6":"product_cat-corners","7":"product_cat-corners-l","8":"product_cat-linneo","10":"first","11":"instock","12":"shipping-taxable","13":"product-type-grouped"},"_links":{"self":[{"href":"https:\/\/baldumarket.lt\/lt\/wp-json\/wp\/v2\/product\/240885","targetHints":{"allow":["GET"]}}],"collection":[{"href":"https:\/\/baldumarket.lt\/lt\/wp-json\/wp\/v2\/product"}],"about":[{"href":"https:\/\/baldumarket.lt\/lt\/wp-json\/wp\/v2\/types\/product"}],"replies":[{"embeddable":true,"href":"https:\/\/baldumarket.lt\/lt\/wp-json\/wp\/v2\/comments?post=240885"}],"wp:featuredmedia":[{"embeddable":true,"href":"https:\/\/baldumarket.lt\/lt\/wp-json\/wp\/v2\/media\/240916"}],"wp:attachment":[{"href":"https:\/\/baldumarket.lt\/lt\/wp-json\/wp\/v2\/media?parent=240885"}],"wp:term":[{"taxonomy":"product_brand","embeddable":true,"href":"https:\/\/baldumarket.lt\/lt\/wp-json\/wp\/v2\/product_brand?post=240885"},{"taxonomy":"product_cat","embeddable":true,"href":"https:\/\/baldumarket.lt\/lt\/wp-json\/wp\/v2\/product_cat?post=240885"},{"taxonomy":"product_tag","embeddable":true,"href":"https:\/\/baldumarket.lt\/lt\/wp-json\/wp\/v2\/product_tag?post=240885"}],"curies":[{"name":"wp","href":"https:\/\/api.w.org\/{rel}","templated":true}]}}