{"id":240869,"date":"2025-12-31T00:28:48","date_gmt":"2025-12-30T21:28:48","guid":{"rendered":"https:\/\/baldumarket.lt\/?post_type=product&#038;p=240869"},"modified":"2026-02-03T23:04:15","modified_gmt":"2026-02-03T20:04:15","slug":"naroznik-krabi-tkanina-neve-90-promocja-gr3","status":"publish","type":"product","link":"https:\/\/baldumarket.lt\/lt\/product\/naroznik-krabi-tkanina-neve-90-promocja-gr3\/","title":{"rendered":"Krabi kampin\u0117 sofa &#8211; Neve 90 audinys &#8211; AKCIJA Gr3"},"content":{"rendered":"<p>Krabi i\u0161skleid\u017eiama kampin\u0117 sofa yra patogus, mink\u0161tas baldas, pasi\u017eymintis moderniu dizainu ir kruop\u0161\u010diu d\u0117mesiu detal\u0117ms.<br \/>\nKrabio ypatyb\u0117s:<br \/>\nmiego funkcija<br \/>\npatalyn\u0117s laikymo<br \/>\nDL automatinis i\u0161skleidimo mechanizmas<br \/>\nauk\u0161tos kokyb\u0117s \u201eBonnell\u201c spyruokl\u0117s ir T30 apmu\u0161al\u0173 putos u\u017etikrina tvirtum\u0105 ir ilgaam\u017ei\u0161kum\u0105<br \/>\npatogi s\u0117dyn\u0117<br \/>\npatogus atlo\u0161as<br \/>\ndekoratyvin\u0117s pagalv\u0117l\u0117s<br \/>\ndekoratyvinis si\u016bl\u0117s<br \/>\n\u0160i kampin\u0117 sofa si\u016bloma tik su \u201eNeve 90\u201c audiniu, melan\u017eo pilka spalva<br \/>\nI\u0161skleistos kampin\u0117s sofos nuotraukos yra tik iliustracin\u0117s.<\/p>","protected":false},"excerpt":{"rendered":"<p>Auk\u0161tis [cm]: 93<br \/>\nIlgesn\u0117s kra\u0161tin\u0117s plotis [cm]: 240<br \/>\nTrumpesn\u0117s kra\u0161tin\u0117s plotis [cm]: 167<br \/>\nMiegamasis plotas [cm]: 143 \u00d7 211<\/p>","protected":false},"featured_media":240903,"comment_status":"open","ping_status":"closed","template":"","meta":[],"product_brand":[],"product_cat":[9133],"product_tag":[],"class_list":{"0":"post-240869","1":"product","2":"type-product","3":"status-publish","4":"has-post-thumbnail","6":"product_cat-grouped","8":"first","9":"instock","10":"shipping-taxable","11":"purchasable","12":"product-type-variable","13":"wvs-archive-product-wrapper"},"_links":{"self":[{"href":"https:\/\/baldumarket.lt\/lt\/wp-json\/wp\/v2\/product\/240869","targetHints":{"allow":["GET"]}}],"collection":[{"href":"https:\/\/baldumarket.lt\/lt\/wp-json\/wp\/v2\/product"}],"about":[{"href":"https:\/\/baldumarket.lt\/lt\/wp-json\/wp\/v2\/types\/product"}],"replies":[{"embeddable":true,"href":"https:\/\/baldumarket.lt\/lt\/wp-json\/wp\/v2\/comments?post=240869"}],"wp:featuredmedia":[{"embeddable":true,"href":"https:\/\/baldumarket.lt\/lt\/wp-json\/wp\/v2\/media\/240903"}],"wp:attachment":[{"href":"https:\/\/baldumarket.lt\/lt\/wp-json\/wp\/v2\/media?parent=240869"}],"wp:term":[{"taxonomy":"product_brand","embeddable":true,"href":"https:\/\/baldumarket.lt\/lt\/wp-json\/wp\/v2\/product_brand?post=240869"},{"taxonomy":"product_cat","embeddable":true,"href":"https:\/\/baldumarket.lt\/lt\/wp-json\/wp\/v2\/product_cat?post=240869"},{"taxonomy":"product_tag","embeddable":true,"href":"https:\/\/baldumarket.lt\/lt\/wp-json\/wp\/v2\/product_tag?post=240869"}],"curies":[{"name":"wp","href":"https:\/\/api.w.org\/{rel}","templated":true}]}}