{"id":240855,"date":"2025-12-31T00:28:10","date_gmt":"2025-12-30T21:28:10","guid":{"rendered":"https:\/\/baldumarket.lt\/?post_type=product&#038;p=240855"},"modified":"2026-02-03T23:04:15","modified_gmt":"2026-02-03T20:04:15","slug":"naroznik-casivo-tkanina-ambience-18-promocja-gr3","status":"publish","type":"product","link":"https:\/\/baldumarket.lt\/lt\/product\/naroznik-casivo-tkanina-ambience-18-promocja-gr3\/","title":{"rendered":"Casivo kampin\u0117 sofa \u2013 Ambience 18 audinys \u2013 AKCIJA Gr3"},"content":{"rendered":"<p>\u201eCasivo\u201c kampin\u0117 sofa \u2013 \u012fdomus pasirinkimas moderniam interjerui.<br \/>\nCasivo parametrai:<br \/>\nDidel\u0117 miegojimo funkcija<br \/>\nPatalyn\u0117 saugykla<br \/>\nDL automatinis i\u0161skleidimas<br \/>\nAuk\u0161tos kokyb\u0117s zigzago spyruokl\u0117s ir T30 apmu\u0161al\u0173 putplastis u\u017etikrina tvirtum\u0105 ir ilgaam\u017ei\u0161kum\u0105<br \/>\nPatogi s\u0117dyn\u0117<br \/>\nPatogus atlo\u0161as<br \/>\nUniversali kampin\u0117 sofa.<br \/>\n\u0160i kampin\u0117 sofa galima \u012fsigyti tik su \u201eAmbience 18\u201c audiniu \u2013 pilka.<br \/>\nAudinio tipas: aksomas<br \/>\nSud\u0117tis: 100% poliesteris<br \/>\nBazinis svoris: 400 g\/m\u00b2 +\/- 5%<br \/>\nRa\u0161tas: velvetas<br \/>\nAtsparumas dilimui pagal Martindale skal\u0119: 100 000 cikl\u0173<br \/>\nPilingas ir pilingas: 4<br \/>\nSpalvos atsparumas trin\u010diai: 5, kai sausa, 5, kai \u0161lapia<br \/>\nSi\u016blo nesutapimas ties si\u016ble: 1,5 mm metmen\u0173 \/ 1,0 mm ataud\u0173<br \/>\nSpalvos atsparumas \u0161viesai: 5<\/p>","protected":false},"excerpt":{"rendered":"<p>Auk\u0161tis [cm]: 93<br \/>\nIlgesn\u0117s kra\u0161tin\u0117s plotis [cm]: 264<br \/>\nTrumpesn\u0117s kra\u0161tin\u0117s plotis [cm]: 157<br \/>\nMiegamasis plotas [cm]: 150 \u00d7 212<\/p>","protected":false},"featured_media":240889,"comment_status":"open","ping_status":"closed","template":"","meta":[],"product_brand":[],"product_cat":[9133],"product_tag":[],"class_list":{"0":"post-240855","1":"product","2":"type-product","3":"status-publish","4":"has-post-thumbnail","6":"product_cat-grouped","8":"first","9":"instock","10":"shipping-taxable","11":"purchasable","12":"product-type-variable","13":"wvs-archive-product-wrapper"},"_links":{"self":[{"href":"https:\/\/baldumarket.lt\/lt\/wp-json\/wp\/v2\/product\/240855","targetHints":{"allow":["GET"]}}],"collection":[{"href":"https:\/\/baldumarket.lt\/lt\/wp-json\/wp\/v2\/product"}],"about":[{"href":"https:\/\/baldumarket.lt\/lt\/wp-json\/wp\/v2\/types\/product"}],"replies":[{"embeddable":true,"href":"https:\/\/baldumarket.lt\/lt\/wp-json\/wp\/v2\/comments?post=240855"}],"wp:featuredmedia":[{"embeddable":true,"href":"https:\/\/baldumarket.lt\/lt\/wp-json\/wp\/v2\/media\/240889"}],"wp:attachment":[{"href":"https:\/\/baldumarket.lt\/lt\/wp-json\/wp\/v2\/media?parent=240855"}],"wp:term":[{"taxonomy":"product_brand","embeddable":true,"href":"https:\/\/baldumarket.lt\/lt\/wp-json\/wp\/v2\/product_brand?post=240855"},{"taxonomy":"product_cat","embeddable":true,"href":"https:\/\/baldumarket.lt\/lt\/wp-json\/wp\/v2\/product_cat?post=240855"},{"taxonomy":"product_tag","embeddable":true,"href":"https:\/\/baldumarket.lt\/lt\/wp-json\/wp\/v2\/product_tag?post=240855"}],"curies":[{"name":"wp","href":"https:\/\/api.w.org\/{rel}","templated":true}]}}