{"id":240832,"date":"2025-12-31T00:26:58","date_gmt":"2025-12-30T21:26:58","guid":{"rendered":"https:\/\/baldumarket.lt\/?post_type=product&#038;p=240832"},"modified":"2026-02-03T23:04:16","modified_gmt":"2026-02-03T20:04:16","slug":"naroznik-z-zaglowkami-onny-tkanina-gerra-15-promocja-gr2","status":"publish","type":"product","link":"https:\/\/baldumarket.lt\/lt\/product\/naroznik-z-zaglowkami-onny-tkanina-gerra-15-promocja-gr2\/","title":{"rendered":"Onny kampin\u0117 sofa su galvos atramomis \u2013 Gerra 15 audinys \u2013 AKCIJA Gr2"},"content":{"rendered":"<p>\u201eOnna\u201c kampin\u0117 sofa su reguliuojamais galvos atlo\u0161ais yra \u012fdomus pasirinkimas moderniam interjerui.<br \/>\nOnos parametrai:<br \/>\nmiego funkcija<br \/>\npatalyn\u0117s laikymo<br \/>\nDelfin i\u0161lankstymo sistema<br \/>\nauk\u0161tos kokyb\u0117s banguotos spyruokl\u0117s ir T30 apmu\u0161al\u0173 putplastis u\u017etikrina tvirtum\u0105 ir ilgaam\u017ei\u0161kum\u0105<br \/>\npatogi s\u0117dyn\u0117<br \/>\npatogus atlo\u0161as<br \/>\nreguliuojamos galvos atramos<br \/>\nPagrindin\u0117je nuotraukoje kampin\u0117 sofa yra de\u0161in\u0117je.<br \/>\n\u0160i kampin\u0117 sofa galima \u012fsigyti tik su \u201eGerra 15\u201c audiniu \u2013 sm\u0117lio spalvos.<\/p>","protected":false},"excerpt":{"rendered":"<p>Auk\u0161tis [cm]: 95<br \/>\nIlgesn\u0117s kra\u0161tin\u0117s plotis [cm]: 263<br \/>\nTrumpesn\u0117s kra\u0161tin\u0117s plotis [cm]: 200<br \/>\nMiegamasis plotas [cm]: 122 \u00d7 190<\/p>","protected":false},"featured_media":240875,"comment_status":"open","ping_status":"closed","template":"","meta":[],"product_brand":[],"product_cat":[9133],"product_tag":[],"class_list":{"0":"post-240832","1":"product","2":"type-product","3":"status-publish","4":"has-post-thumbnail","6":"product_cat-grouped","8":"first","9":"instock","10":"shipping-taxable","11":"purchasable","12":"product-type-variable","13":"wvs-archive-product-wrapper"},"_links":{"self":[{"href":"https:\/\/baldumarket.lt\/lt\/wp-json\/wp\/v2\/product\/240832","targetHints":{"allow":["GET"]}}],"collection":[{"href":"https:\/\/baldumarket.lt\/lt\/wp-json\/wp\/v2\/product"}],"about":[{"href":"https:\/\/baldumarket.lt\/lt\/wp-json\/wp\/v2\/types\/product"}],"replies":[{"embeddable":true,"href":"https:\/\/baldumarket.lt\/lt\/wp-json\/wp\/v2\/comments?post=240832"}],"wp:featuredmedia":[{"embeddable":true,"href":"https:\/\/baldumarket.lt\/lt\/wp-json\/wp\/v2\/media\/240875"}],"wp:attachment":[{"href":"https:\/\/baldumarket.lt\/lt\/wp-json\/wp\/v2\/media?parent=240832"}],"wp:term":[{"taxonomy":"product_brand","embeddable":true,"href":"https:\/\/baldumarket.lt\/lt\/wp-json\/wp\/v2\/product_brand?post=240832"},{"taxonomy":"product_cat","embeddable":true,"href":"https:\/\/baldumarket.lt\/lt\/wp-json\/wp\/v2\/product_cat?post=240832"},{"taxonomy":"product_tag","embeddable":true,"href":"https:\/\/baldumarket.lt\/lt\/wp-json\/wp\/v2\/product_tag?post=240832"}],"curies":[{"name":"wp","href":"https:\/\/api.w.org\/{rel}","templated":true}]}}