{"id":240829,"date":"2025-12-31T00:26:54","date_gmt":"2025-12-30T21:26:54","guid":{"rendered":"https:\/\/baldumarket.lt\/?post_type=product&#038;p=240829"},"modified":"2026-02-03T23:04:16","modified_gmt":"2026-02-03T20:04:16","slug":"wersalka-z-bokami-paris-tkaniny-soft-promocja","status":"publish","type":"product","link":"https:\/\/baldumarket.lt\/lt\/product\/wersalka-z-bokami-paris-tkaniny-soft-promocja\/","title":{"rendered":"Pary\u017eiaus sofa-lova su \u0161onais &#8211; Mink\u0161ti audiniai &#8211; AKCIJA"},"content":{"rendered":"<p>Sofa-lova \u201eParis\u201c \u2013 tai patogus, mink\u0161tas, klasikinio stiliaus baldas su modernizuotu dizainu. Tod\u0117l ji tinka tiek klasikiniam, tiek moderniam interjerui.<br \/>\nSofos atlo\u0161as aptrauktas techniniu audiniu.<br \/>\nSavyb\u0117s:<br \/>\ndaiktad\u0117\u017e\u0117,<br \/>\nauk\u0161tos kokyb\u0117s \u201eBonnell\u201c spyruokl\u0117s ir T30 apmu\u0161al\u0173 putplastis, suteikiantys sofai tvirtumo ir ilgaam\u017ei\u0161kumo,<br \/>\nmiegojimo funkcija,<br \/>\nspragtel\u0117jimo operacija.<br \/>\nSofa-lova si\u016bloma tik su pilku \u201eSoft 20\u201c arba sm\u0117lio spalvos \u201eSoft 03\u201c audiniu.<\/p>","protected":false},"excerpt":{"rendered":"<p>The Paris sofa bed is a comfortable, upholstered piece of furniture in a classic style that has been modernized. This makes it suitable for both classic and modern interiors. The back of the sofa is upholstered in technical fabric. Features: a storage compartment, high-quality Bonnell springs and T30 upholstery foam, which provide the sofa with [&hellip;]<\/p>","protected":false},"featured_media":240861,"comment_status":"open","ping_status":"closed","template":"","meta":[],"product_brand":[],"product_cat":[9112,560],"product_tag":[],"class_list":{"0":"post-240829","1":"product","2":"type-product","3":"status-publish","4":"has-post-thumbnail","6":"product_cat-linneo","7":"product_cat-sofas-and-couches","9":"first","10":"instock","11":"shipping-taxable","12":"product-type-grouped"},"_links":{"self":[{"href":"https:\/\/baldumarket.lt\/lt\/wp-json\/wp\/v2\/product\/240829","targetHints":{"allow":["GET"]}}],"collection":[{"href":"https:\/\/baldumarket.lt\/lt\/wp-json\/wp\/v2\/product"}],"about":[{"href":"https:\/\/baldumarket.lt\/lt\/wp-json\/wp\/v2\/types\/product"}],"replies":[{"embeddable":true,"href":"https:\/\/baldumarket.lt\/lt\/wp-json\/wp\/v2\/comments?post=240829"}],"wp:featuredmedia":[{"embeddable":true,"href":"https:\/\/baldumarket.lt\/lt\/wp-json\/wp\/v2\/media\/240861"}],"wp:attachment":[{"href":"https:\/\/baldumarket.lt\/lt\/wp-json\/wp\/v2\/media?parent=240829"}],"wp:term":[{"taxonomy":"product_brand","embeddable":true,"href":"https:\/\/baldumarket.lt\/lt\/wp-json\/wp\/v2\/product_brand?post=240829"},{"taxonomy":"product_cat","embeddable":true,"href":"https:\/\/baldumarket.lt\/lt\/wp-json\/wp\/v2\/product_cat?post=240829"},{"taxonomy":"product_tag","embeddable":true,"href":"https:\/\/baldumarket.lt\/lt\/wp-json\/wp\/v2\/product_tag?post=240829"}],"curies":[{"name":"wp","href":"https:\/\/api.w.org\/{rel}","templated":true}]}}