{"id":240804,"date":"2025-12-31T00:25:37","date_gmt":"2025-12-30T21:25:37","guid":{"rendered":"https:\/\/baldumarket.lt\/?post_type=product&#038;p=240804"},"modified":"2026-02-03T23:04:17","modified_gmt":"2026-02-03T20:04:17","slug":"sofa-orbis-tkanina-gerra-65-promocja-gr2","status":"publish","type":"product","link":"https:\/\/baldumarket.lt\/lt\/product\/sofa-orbis-tkanina-gerra-65-promocja-gr2\/","title":{"rendered":"Orbis sofa &#8211; Gerra 65 audinys &#8211; AKCIJA Gr2"},"content":{"rendered":"<p>\u201eOrbis\u201c \u2013 sofa m\u0117g\u0117jams, ie\u0161kantiems elegancijos ir prakti\u0161kumo. Eleganti\u0161ka, nes masyvi, ta\u010diau kartu lengva ir prakti\u0161ka, nes si\u016blo didel\u0119 miegojimo erdv\u0119, kurios dydis prilygsta standartin\u0117ms lovoms.<br \/>\nOrbis specifikacijos:<br \/>\nmiego funkcija<br \/>\npatalyn\u0117s laikymo<br \/>\nDL automatinis i\u0161skleidimo mechanizmas<br \/>\nauk\u0161tos kokyb\u0117s \u201eBonnell\u201c spyruokl\u0117s ir T30 apmu\u0161al\u0173 putos suteikia sofai tvirtumo ir ilgaam\u017ei\u0161kumo<br \/>\npatogi s\u0117dyn\u0117<br \/>\nSofa galima \u012fsigyti tik su \u201eGerra 65\u201c audiniu, kaip parodyta pagrindin\u0117je nuotraukoje \u2013 pilka.<br \/>\nI\u0161skleistos sofos nuotraukos yra tik iliustracin\u0117s.<\/p>","protected":false},"excerpt":{"rendered":"<p>Plotis [cm]: 211<br \/>\n\u016agis [cm]: 74\u201393<br \/>\nGylis [cm]: 103<br \/>\nPagalv\u0117li\u0173 tipas: nuimamos pagalv\u0117l\u0117s<br \/>\nPatalyn\u0117: taip<br \/>\nMiegamasis plotas [cm]: 144 \u00d7 200<br \/>\nSofos stilius: modernus<\/p>","protected":false},"featured_media":240847,"comment_status":"open","ping_status":"closed","template":"","meta":[],"product_brand":[],"product_cat":[9133],"product_tag":[],"class_list":{"0":"post-240804","1":"product","2":"type-product","3":"status-publish","4":"has-post-thumbnail","6":"product_cat-grouped","8":"first","9":"instock","10":"shipping-taxable","11":"purchasable","12":"product-type-variable","13":"wvs-archive-product-wrapper"},"_links":{"self":[{"href":"https:\/\/baldumarket.lt\/lt\/wp-json\/wp\/v2\/product\/240804","targetHints":{"allow":["GET"]}}],"collection":[{"href":"https:\/\/baldumarket.lt\/lt\/wp-json\/wp\/v2\/product"}],"about":[{"href":"https:\/\/baldumarket.lt\/lt\/wp-json\/wp\/v2\/types\/product"}],"replies":[{"embeddable":true,"href":"https:\/\/baldumarket.lt\/lt\/wp-json\/wp\/v2\/comments?post=240804"}],"wp:featuredmedia":[{"embeddable":true,"href":"https:\/\/baldumarket.lt\/lt\/wp-json\/wp\/v2\/media\/240847"}],"wp:attachment":[{"href":"https:\/\/baldumarket.lt\/lt\/wp-json\/wp\/v2\/media?parent=240804"}],"wp:term":[{"taxonomy":"product_brand","embeddable":true,"href":"https:\/\/baldumarket.lt\/lt\/wp-json\/wp\/v2\/product_brand?post=240804"},{"taxonomy":"product_cat","embeddable":true,"href":"https:\/\/baldumarket.lt\/lt\/wp-json\/wp\/v2\/product_cat?post=240804"},{"taxonomy":"product_tag","embeddable":true,"href":"https:\/\/baldumarket.lt\/lt\/wp-json\/wp\/v2\/product_tag?post=240804"}],"curies":[{"name":"wp","href":"https:\/\/api.w.org\/{rel}","templated":true}]}}