{"id":240787,"date":"2025-12-31T00:24:53","date_gmt":"2025-12-30T21:24:53","guid":{"rendered":"https:\/\/baldumarket.lt\/?post_type=product&#038;p=240787"},"modified":"2026-02-03T23:04:18","modified_gmt":"2026-02-03T20:04:18","slug":"sofa-teriva-tkanina-soft-04-promocja","status":"publish","type":"product","link":"https:\/\/baldumarket.lt\/lt\/product\/sofa-teriva-tkanina-soft-04-promocja\/","title":{"rendered":"Teriva sofa &#8211; Soft 04 audinys &#8211; AKCIJA"},"content":{"rendered":"<p>\u201eTeriva\u201c \u2013 sofa m\u0117g\u0117jams, ie\u0161kantiems elegancijos ir prakti\u0161kumo. Eleganti\u0161ka, nes masyvi, ta\u010diau kartu lengva ir prakti\u0161ka, nes si\u016blo didel\u0119 miegojimo erdv\u0119, kurios dydis prilygsta standartin\u0117ms lovoms.<br \/>\nTerivos parametrai:<br \/>\nmiego funkcija<br \/>\npatalyn\u0117s laikymo<br \/>\nDL automatinis i\u0161skleidimo mechanizmas<br \/>\nauk\u0161tos kokyb\u0117s vingiuotos spyruokl\u0117s ir T30 apmu\u0161al\u0173 putplastis u\u017etikrina tvirtum\u0105 ir ilgaam\u017ei\u0161kum\u0105<br \/>\npatogi s\u0117dyn\u0117 ir atlo\u0161as<br \/>\nSofa galima \u012fsigyti tik su \u201eSoft 04\u201c audiniu, kaip parodyta pagrindin\u0117je nuotraukoje \u2013 ruda.<\/p>","protected":false},"excerpt":{"rendered":"<p>\u201eTeriva\u201c \u2013 sofa m\u0117g\u0117jams, ie\u0161kantiems elegancijos ir prakti\u0161kumo. Eleganti\u0161ka, nes masyvi, ta\u010diau kartu lengva ir prakti\u0161ka, nes si\u016blo didel\u0119 miegojimo erdv\u0119, kurios dydis prilygsta standartin\u0117ms lovoms. \u201eTeriva\u201c parametrai: miegojimo funkcija, patalyn\u0117s laikymo sistema, automatinis i\u0161skleidimo mechanizmas DL, auk\u0161tos kokyb\u0117s vingiuotos spyruokl\u0117s ir T30 apmu\u0161al\u0173 putos tvirtumui ir ilgaam\u017ei\u0161kumui, patogi s\u0117dyn\u0117 [\u2026]<\/p>","protected":false},"featured_media":240819,"comment_status":"open","ping_status":"closed","template":"","meta":[],"product_brand":[],"product_cat":[9112,560],"product_tag":[],"class_list":{"0":"post-240787","1":"product","2":"type-product","3":"status-publish","4":"has-post-thumbnail","6":"product_cat-linneo","7":"product_cat-sofas-and-couches","9":"first","10":"instock","11":"shipping-taxable","12":"product-type-grouped"},"_links":{"self":[{"href":"https:\/\/baldumarket.lt\/lt\/wp-json\/wp\/v2\/product\/240787","targetHints":{"allow":["GET"]}}],"collection":[{"href":"https:\/\/baldumarket.lt\/lt\/wp-json\/wp\/v2\/product"}],"about":[{"href":"https:\/\/baldumarket.lt\/lt\/wp-json\/wp\/v2\/types\/product"}],"replies":[{"embeddable":true,"href":"https:\/\/baldumarket.lt\/lt\/wp-json\/wp\/v2\/comments?post=240787"}],"wp:featuredmedia":[{"embeddable":true,"href":"https:\/\/baldumarket.lt\/lt\/wp-json\/wp\/v2\/media\/240819"}],"wp:attachment":[{"href":"https:\/\/baldumarket.lt\/lt\/wp-json\/wp\/v2\/media?parent=240787"}],"wp:term":[{"taxonomy":"product_brand","embeddable":true,"href":"https:\/\/baldumarket.lt\/lt\/wp-json\/wp\/v2\/product_brand?post=240787"},{"taxonomy":"product_cat","embeddable":true,"href":"https:\/\/baldumarket.lt\/lt\/wp-json\/wp\/v2\/product_cat?post=240787"},{"taxonomy":"product_tag","embeddable":true,"href":"https:\/\/baldumarket.lt\/lt\/wp-json\/wp\/v2\/product_tag?post=240787"}],"curies":[{"name":"wp","href":"https:\/\/api.w.org\/{rel}","templated":true}]}}