{"id":240734,"date":"2025-12-31T00:21:59","date_gmt":"2025-12-30T21:21:59","guid":{"rendered":"https:\/\/baldumarket.lt\/?post_type=product&#038;p=240734"},"modified":"2026-02-03T23:04:19","modified_gmt":"2026-02-03T20:04:19","slug":"sofa-big-ottranto-tkaniny-soft-02-lub-soft-20-promocja-gr2","status":"publish","type":"product","link":"https:\/\/baldumarket.lt\/lt\/product\/sofa-big-ottranto-tkaniny-soft-02-lub-soft-20-promocja-gr2\/","title":{"rendered":"Didel\u0117 \u201eOtranto\u201c sofa \u2013 \u201eSoft 02\u201c arba \u201eSoft 20\u201c audiniai \u2013 AKCIJA Gr2"},"content":{"rendered":"<p>\u201eBig Ottranto\u201c \u2013 sofa m\u0117g\u0117jams, ie\u0161kantiems elegancijos ir prakti\u0161kumo. Eleganti\u0161ka, nes masyvi, ta\u010diau kartu lengva ir prakti\u0161ka, nes si\u016blo didel\u0119 miegojimo erdv\u0119, kurios dydis prilygsta standartin\u0117ms lovoms.<br \/>\n\u201eBig Ottranto\u201c ypatyb\u0117s:<br \/>\nmiego funkcija<br \/>\npatalyn\u0117s laikymo<br \/>\nDL automatinis i\u0161skleidimo mechanizmas<br \/>\nauk\u0161tos kokyb\u0117s vingiuotos spyruokl\u0117s ir T30 apmu\u0161al\u0173 putplastis suteikia sofai tvirtumo ir ilgaam\u017ei\u0161kumo<br \/>\npatogi s\u0117dyn\u0117<br \/>\nSofa galima \u012fsigyti tik su sm\u0117lio spalvos \u201eSoft 02\u201c arba pelen\u0173 spalvos \u201eSoft 20\u201c audiniu (pasirinkt\u0105 spalv\u0105 nurodykite u\u017esakymo pastabose).<br \/>\nI\u0161skleistos sofos nuotraukos yra tik iliustracin\u0117s.<\/p>","protected":false},"excerpt":{"rendered":"<p>Plotis [cm]: 250<br \/>\n\u016agis [cm]: 74\u201393<br \/>\nGylis [cm]: 118<br \/>\nPagalv\u0117li\u0173 tipas: nuimamos pagalv\u0117l\u0117s<br \/>\nPatalyn\u0117: taip<br \/>\nMiegamasis plotas [cm]: 163 \u00d7 200<br \/>\nSofos stilius: modernus<\/p>","protected":false},"featured_media":240777,"comment_status":"open","ping_status":"closed","template":"","meta":[],"product_brand":[],"product_cat":[9133],"product_tag":[],"class_list":{"0":"post-240734","1":"product","2":"type-product","3":"status-publish","4":"has-post-thumbnail","6":"product_cat-grouped","8":"first","9":"instock","10":"shipping-taxable","11":"purchasable","12":"product-type-variable","13":"wvs-archive-product-wrapper"},"_links":{"self":[{"href":"https:\/\/baldumarket.lt\/lt\/wp-json\/wp\/v2\/product\/240734","targetHints":{"allow":["GET"]}}],"collection":[{"href":"https:\/\/baldumarket.lt\/lt\/wp-json\/wp\/v2\/product"}],"about":[{"href":"https:\/\/baldumarket.lt\/lt\/wp-json\/wp\/v2\/types\/product"}],"replies":[{"embeddable":true,"href":"https:\/\/baldumarket.lt\/lt\/wp-json\/wp\/v2\/comments?post=240734"}],"wp:featuredmedia":[{"embeddable":true,"href":"https:\/\/baldumarket.lt\/lt\/wp-json\/wp\/v2\/media\/240777"}],"wp:attachment":[{"href":"https:\/\/baldumarket.lt\/lt\/wp-json\/wp\/v2\/media?parent=240734"}],"wp:term":[{"taxonomy":"product_brand","embeddable":true,"href":"https:\/\/baldumarket.lt\/lt\/wp-json\/wp\/v2\/product_brand?post=240734"},{"taxonomy":"product_cat","embeddable":true,"href":"https:\/\/baldumarket.lt\/lt\/wp-json\/wp\/v2\/product_cat?post=240734"},{"taxonomy":"product_tag","embeddable":true,"href":"https:\/\/baldumarket.lt\/lt\/wp-json\/wp\/v2\/product_tag?post=240734"}],"curies":[{"name":"wp","href":"https:\/\/api.w.org\/{rel}","templated":true}]}}