{"id":240729,"date":"2025-12-31T00:21:50","date_gmt":"2025-12-30T21:21:50","guid":{"rendered":"https:\/\/baldumarket.lt\/?post_type=product&#038;p=240729"},"modified":"2026-02-03T23:04:19","modified_gmt":"2026-02-03T20:04:19","slug":"lozko-tapicerowane-na-nozkach-caffe-gr3","status":"publish","type":"product","link":"https:\/\/baldumarket.lt\/lt\/product\/lozko-tapicerowane-na-nozkach-caffe-gr3\/","title":{"rendered":"Mink\u0161ta lova ant koj\u0173 Caffe Gr3"},"content":{"rendered":"<p>I\u0161skirtin\u0117 \u201eCaffe\u201c mink\u0161ta lova \u2013 tai baldas, kurio prabangi i\u0161vaizda suteiks bet kuriam miegamajam unikalaus \u017eavesio, o d\u0117l joje esan\u010dios d\u0117tuv\u0117s ji palaikys tvark\u0105 ir tvark\u0105 kambaryje.<br \/>\nKavin\u0117s lovos privalumai, \u012fskai\u010diuoti \u012f kain\u0105:<br \/>\nLovos r\u0117mas<br \/>\nPatalyn\u0117<br \/>\nMetalinis r\u0117mas<br \/>\nDujiniai keltuvai<br \/>\nSpyruoklin\u0117s skersin\u0117s<br \/>\nYpa\u010d auk\u0161tas lovos galv\u016bgalis suteikia i\u0161skirtin\u012f komfort\u0105 ne tik miegant, bet ir leid\u017eia patogiai pusry\u010diauti ar skaityti knyg\u0105.<br \/>\nBaldai su 10 cm kojel\u0117mis, idealiai tinka iROBOT dulki\u0173 siurbliams<br \/>\nDekoratyvinis dygsniavimas su auksin\u0117mis plok\u0161tel\u0117mis<br \/>\nPagrindin\u0117je nuotraukoje matyti baldai su \u201eNeve 03\u201c audiniu<br \/>\nLova be \u010diu\u017einio \u2013 galima \u012fsigyti i\u0161 m\u016bs\u0173 \u010diu\u017eini\u0173 asortimento<\/p>","protected":false},"excerpt":{"rendered":"<p>Plotis [cm]: 129, 149, 169, 189<br \/>\nAuk\u0161tis [cm]: 107<br \/>\nLovos \u0161ono auk\u0161tis [cm]: 38<br \/>\nGylis [cm]: 218<br \/>\nLovos koj\u0173 tipas: Su robotu suderinamos kojos: auk\u0161tos kojos<br \/>\nLED lovos ap\u0161vietimas: be ap\u0161vietimo<br \/>\nMiegamosios zonos dydis [cm]: 120 \u00d7 200, 140 \u00d7 200, 160 \u00d7 200, 180 \u00d7 200<br \/>\nLovos r\u0117mo tipas (standartinis\/plonas): plonas r\u0117mas (storis ~4 cm)<br \/>\nPatalyn\u0117: atidaroma priekyje<\/p>","protected":false},"featured_media":240763,"comment_status":"open","ping_status":"closed","template":"","meta":[],"product_brand":[],"product_cat":[9133],"product_tag":[],"class_list":{"0":"post-240729","1":"product","2":"type-product","3":"status-publish","4":"has-post-thumbnail","6":"product_cat-grouped","8":"first","9":"instock","10":"shipping-taxable","11":"purchasable","12":"product-type-variable","13":"wvs-archive-product-wrapper"},"_links":{"self":[{"href":"https:\/\/baldumarket.lt\/lt\/wp-json\/wp\/v2\/product\/240729","targetHints":{"allow":["GET"]}}],"collection":[{"href":"https:\/\/baldumarket.lt\/lt\/wp-json\/wp\/v2\/product"}],"about":[{"href":"https:\/\/baldumarket.lt\/lt\/wp-json\/wp\/v2\/types\/product"}],"replies":[{"embeddable":true,"href":"https:\/\/baldumarket.lt\/lt\/wp-json\/wp\/v2\/comments?post=240729"}],"wp:featuredmedia":[{"embeddable":true,"href":"https:\/\/baldumarket.lt\/lt\/wp-json\/wp\/v2\/media\/240763"}],"wp:attachment":[{"href":"https:\/\/baldumarket.lt\/lt\/wp-json\/wp\/v2\/media?parent=240729"}],"wp:term":[{"taxonomy":"product_brand","embeddable":true,"href":"https:\/\/baldumarket.lt\/lt\/wp-json\/wp\/v2\/product_brand?post=240729"},{"taxonomy":"product_cat","embeddable":true,"href":"https:\/\/baldumarket.lt\/lt\/wp-json\/wp\/v2\/product_cat?post=240729"},{"taxonomy":"product_tag","embeddable":true,"href":"https:\/\/baldumarket.lt\/lt\/wp-json\/wp\/v2\/product_tag?post=240729"}],"curies":[{"name":"wp","href":"https:\/\/api.w.org\/{rel}","templated":true}]}}