{"id":240703,"date":"2025-12-31T00:20:25","date_gmt":"2025-12-30T21:20:25","guid":{"rendered":"https:\/\/baldumarket.lt\/?post_type=product&#038;p=240703"},"modified":"2026-02-03T23:04:20","modified_gmt":"2026-02-03T20:04:20","slug":"lozko-tapicerowane-na-nozkach-soul","status":"publish","type":"product","link":"https:\/\/baldumarket.lt\/lt\/product\/lozko-tapicerowane-na-nozkach-soul\/","title":{"rendered":"Mink\u0161ta lova ant koj\u0173 Soul"},"content":{"rendered":"<p>I\u0161skirtin\u0117 \u201eSoul\u201c mink\u0161ta lova \u2013 tai baldas, kurio prabangi i\u0161vaizda suteiks bet kuriam miegamajam unikalaus \u017eavesio, o d\u0117l joje esan\u010dios d\u0117tuv\u0117s ji palaikys tvark\u0105 ir tvark\u0105 kambaryje.<br \/>\n\u012e kain\u0105 \u012fskai\u010diuoti \u201eSoul\u201c lovos privalumai:<br \/>\nLovos r\u0117mas<br \/>\nPatalyn\u0117<br \/>\nMetalinis r\u0117mas<br \/>\nDujiniai keltuvai<br \/>\nSpyruoklin\u0117s skersin\u0117s<br \/>\nYpa\u010d auk\u0161tas galv\u016bgalis suteikia i\u0161skirtin\u012f komfort\u0105 ne tik miegant, bet ir leid\u017eia patogiai pusry\u010diauti ar skaityti knyg\u0105.<br \/>\nBaldas turi 10 cm kojeles, idealiai tinkan\u010dias \u201eiROBOT\u201c dulki\u0173 siurbliams.<br \/>\nPagrindin\u0117je nuotraukoje matyti baldai i\u0161 \u201eLouis 661\u201c audinio<br \/>\nLova be \u010diu\u017einio \u2013 galima \u012fsigyti i\u0161 m\u016bs\u0173 \u010diu\u017eini\u0173 asortimento<\/p>","protected":false},"excerpt":{"rendered":"<p>I\u0161skirtin\u0117 mink\u0161ta \u201eSoul\u201c lova \u2013 tai baldas, kurio prabangi i\u0161vaizda suteiks bet kuriam miegamajam unikalaus \u017eavesio, o d\u0117l joje esan\u010dios d\u0117tuv\u0117s kambaryje bus tvarkinga ir tvarkinga. \u201eSoul\u201c lovos privalumai, \u012fskai\u010diuoti \u012f kain\u0105: Lovos r\u0117mas; Patalyn\u0117s skyrius; Metalinis r\u0117mas; Dujiniai keltuvai; Spyruoklin\u0117s grotel\u0117s. Papildomi [\u2026]<\/p>","protected":false},"featured_media":240735,"comment_status":"open","ping_status":"closed","template":"","meta":[],"product_brand":[],"product_cat":[505,9112],"product_tag":[],"class_list":{"0":"post-240703","1":"product","2":"type-product","3":"status-publish","4":"has-post-thumbnail","6":"product_cat-bedroom-beds","7":"product_cat-linneo","9":"first","10":"instock","11":"shipping-taxable","12":"product-type-grouped"},"_links":{"self":[{"href":"https:\/\/baldumarket.lt\/lt\/wp-json\/wp\/v2\/product\/240703","targetHints":{"allow":["GET"]}}],"collection":[{"href":"https:\/\/baldumarket.lt\/lt\/wp-json\/wp\/v2\/product"}],"about":[{"href":"https:\/\/baldumarket.lt\/lt\/wp-json\/wp\/v2\/types\/product"}],"replies":[{"embeddable":true,"href":"https:\/\/baldumarket.lt\/lt\/wp-json\/wp\/v2\/comments?post=240703"}],"wp:featuredmedia":[{"embeddable":true,"href":"https:\/\/baldumarket.lt\/lt\/wp-json\/wp\/v2\/media\/240735"}],"wp:attachment":[{"href":"https:\/\/baldumarket.lt\/lt\/wp-json\/wp\/v2\/media?parent=240703"}],"wp:term":[{"taxonomy":"product_brand","embeddable":true,"href":"https:\/\/baldumarket.lt\/lt\/wp-json\/wp\/v2\/product_brand?post=240703"},{"taxonomy":"product_cat","embeddable":true,"href":"https:\/\/baldumarket.lt\/lt\/wp-json\/wp\/v2\/product_cat?post=240703"},{"taxonomy":"product_tag","embeddable":true,"href":"https:\/\/baldumarket.lt\/lt\/wp-json\/wp\/v2\/product_tag?post=240703"}],"curies":[{"name":"wp","href":"https:\/\/api.w.org\/{rel}","templated":true}]}}