{"id":240676,"date":"2025-12-31T00:18:57","date_gmt":"2025-12-30T21:18:57","guid":{"rendered":"https:\/\/baldumarket.lt\/?post_type=product&#038;p=240676"},"modified":"2026-02-03T23:04:22","modified_gmt":"2026-02-03T20:04:22","slug":"lozko-tapicerowane-ze-wstawkami-wotan-gr1","status":"publish","type":"product","link":"https:\/\/baldumarket.lt\/lt\/product\/lozko-tapicerowane-ze-wstawkami-wotan-gr1\/","title":{"rendered":"Mink\u0161ta lova su \u012fd\u0117klais Wotan Gr1"},"content":{"rendered":"<p>I\u0161skirtin\u0117 \u201eWotan\u201c mink\u0161ta lova \u2013 tai baldas, kurio prabangi i\u0161vaizda suteiks bet kuriam miegamajam unikalaus \u017eavesio, o d\u0117l joje esan\u010dios daiktad\u0117\u017e\u0117s kambaryje i\u0161laikys tvark\u0105 ir tvark\u0105.<br \/>\n\u012e kain\u0105 \u012fskai\u010diuotos \u201eWotan\u201c lovos savyb\u0117s:<br \/>\nLovos r\u0117mas<br \/>\nPatalyn\u0117<br \/>\nMetalinis r\u0117mas<br \/>\nDujiniai keltuvai<br \/>\nSpyruoklin\u0117s skersin\u0117s<br \/>\nYpa\u010d auk\u0161tas galv\u016bgalis suteikia i\u0161skirtin\u012f komfort\u0105 ne tik miegant, bet ir pusry\u010diaujant ar skaitant knyg\u0105<br \/>\nWotano spalvos lentos \u012fd\u0117klai<br \/>\nKojos yra 10 cm auk\u0161\u010dio<br \/>\nPagrindin\u0117je nuotraukoje matyti baldai su \u201eKronos 7\u201c audiniu<br \/>\nLova be \u010diu\u017einio \u2013 galima \u012fsigyti i\u0161 m\u016bs\u0173 \u010diu\u017eini\u0173 asortimento<\/p>","protected":false},"excerpt":{"rendered":"<p>Plotis [cm]: 129, 149, 169, 189<br \/>\nAuk\u0161tis [cm]: 107<br \/>\nLovos \u0161ono auk\u0161tis [cm]: 38<br \/>\nGylis [cm]: 218<br \/>\nLovos koj\u0173 tipas: auk\u0161tos kojos<br \/>\nLED lovos ap\u0161vietimas: be ap\u0161vietimo<br \/>\nMiegamosios zonos dydis [cm]: 120 \u00d7 200, 140 \u00d7 200, 160 \u00d7 200, 180 \u00d7 200<br \/>\nLovos r\u0117mo tipas (standartinis\/plonas): plonas r\u0117mas (storis ~4 cm)<br \/>\nPatalyn\u0117s skyrius: atidaromas priekyje<\/p>","protected":false},"featured_media":240721,"comment_status":"open","ping_status":"closed","template":"","meta":[],"product_brand":[],"product_cat":[9133],"product_tag":[],"class_list":{"0":"post-240676","1":"product","2":"type-product","3":"status-publish","4":"has-post-thumbnail","6":"product_cat-grouped","8":"first","9":"instock","10":"shipping-taxable","11":"purchasable","12":"product-type-variable","13":"wvs-archive-product-wrapper"},"_links":{"self":[{"href":"https:\/\/baldumarket.lt\/lt\/wp-json\/wp\/v2\/product\/240676","targetHints":{"allow":["GET"]}}],"collection":[{"href":"https:\/\/baldumarket.lt\/lt\/wp-json\/wp\/v2\/product"}],"about":[{"href":"https:\/\/baldumarket.lt\/lt\/wp-json\/wp\/v2\/types\/product"}],"replies":[{"embeddable":true,"href":"https:\/\/baldumarket.lt\/lt\/wp-json\/wp\/v2\/comments?post=240676"}],"wp:featuredmedia":[{"embeddable":true,"href":"https:\/\/baldumarket.lt\/lt\/wp-json\/wp\/v2\/media\/240721"}],"wp:attachment":[{"href":"https:\/\/baldumarket.lt\/lt\/wp-json\/wp\/v2\/media?parent=240676"}],"wp:term":[{"taxonomy":"product_brand","embeddable":true,"href":"https:\/\/baldumarket.lt\/lt\/wp-json\/wp\/v2\/product_brand?post=240676"},{"taxonomy":"product_cat","embeddable":true,"href":"https:\/\/baldumarket.lt\/lt\/wp-json\/wp\/v2\/product_cat?post=240676"},{"taxonomy":"product_tag","embeddable":true,"href":"https:\/\/baldumarket.lt\/lt\/wp-json\/wp\/v2\/product_tag?post=240676"}],"curies":[{"name":"wp","href":"https:\/\/api.w.org\/{rel}","templated":true}]}}