{"id":240650,"date":"2025-12-31T00:17:32","date_gmt":"2025-12-30T21:17:32","guid":{"rendered":"https:\/\/baldumarket.lt\/?post_type=product&#038;p=240650"},"modified":"2026-02-03T23:04:22","modified_gmt":"2026-02-03T20:04:22","slug":"lozko-kontynentalne-bergen-160x200-cm-gr2","status":"publish","type":"product","link":"https:\/\/baldumarket.lt\/lt\/product\/lozko-kontynentalne-bergen-160x200-cm-gr2\/","title":{"rendered":"Bergenin\u0117 kontinentin\u0117 lova 160\u00d7200 cm Gr2"},"content":{"rendered":"<p>I\u0161skirtin\u0117 \u201eBergen\u201c kontinentin\u0117 lova \u2013 tai baldas, kurio prabangi ir moderni i\u0161vaizda suteiks bet kuriam miegamajam unikalaus \u017eavesio.<br \/>\nSpecifikacijos:<br \/>\nPagrindinis \u010diu\u017einys \u2013 Bonnell spyruokl\u0117s<br \/>\nPagrindinio \u010diu\u017einio kietumas \u2013 H3 (vidutinio kietumo)<br \/>\nPagrindinio \u010diu\u017einio auk\u0161tis \u2013 16 cm<br \/>\nVir\u0161utin\u0117 dalis pagaminta i\u0161 didelio elastingumo T28 putplas\u010dio<br \/>\nVir\u0161utinio sluoksnio storis: 5 cm<br \/>\nVir\u0161utin\u0117 dalis turi u\u017etrauktuk\u0105<br \/>\nVir\u0161utin\u0117 dalis turi elastin\u0119 juostel\u0119, kad neslyst\u0173<br \/>\nAutomatinis atidarymas lengvam atidarymui<br \/>\nDu patalyn\u0117s skyriai<br \/>\nDekoratyvinis dygsniavimas<br \/>\n\u0160ios lovos galimi dyd\u017eiai:<br \/>\n120 cm \u2013 kainos: 2 992\u20133 134\u20133 347 PLN<br \/>\n140 cm \u2013 kainos: 3 148\u20133 290\u20133 503 PLN<br \/>\n180 cm \u2013 kainos: 3 485\u20133 627\u20133 840 PLN<br \/>\nPagrindin\u0117je nuotraukoje matyti baldai i\u0161 \u201eNeve 03\u201c audinio.<\/p>","protected":false},"excerpt":{"rendered":"<p>Plotis [cm]: 160<br \/>\nAuk\u0161tis [cm]: 112 | S\u0117dyn\u0117 52<br \/>\nGylis [cm]: 208<br \/>\nPatalyn\u0117: du konteineriai, atidaromi i\u0161 kair\u0117s ir de\u0161in\u0117s<br \/>\nLovos galv\u016bgalio tipas: su galv\u016bgaliu<br \/>\nLovos \u010diu\u017einio tipas: su \u010diu\u017einiais<br \/>\nMiegamasis plotas [cm]: 160 \u00d7 200<br \/>\nLovos r\u0117mo tipas (standartinis\/plonas): plonas r\u0117mas (storis ~4 cm)<br \/>\nElektrinis \u010diu\u017einio reguliavimas: nereikia reguliuoti<\/p>","protected":false},"featured_media":240693,"comment_status":"open","ping_status":"closed","template":"","meta":[],"product_brand":[],"product_cat":[9133],"product_tag":[],"class_list":{"0":"post-240650","1":"product","2":"type-product","3":"status-publish","4":"has-post-thumbnail","6":"product_cat-grouped","8":"first","9":"instock","10":"shipping-taxable","11":"purchasable","12":"product-type-variable","13":"wvs-archive-product-wrapper"},"_links":{"self":[{"href":"https:\/\/baldumarket.lt\/lt\/wp-json\/wp\/v2\/product\/240650","targetHints":{"allow":["GET"]}}],"collection":[{"href":"https:\/\/baldumarket.lt\/lt\/wp-json\/wp\/v2\/product"}],"about":[{"href":"https:\/\/baldumarket.lt\/lt\/wp-json\/wp\/v2\/types\/product"}],"replies":[{"embeddable":true,"href":"https:\/\/baldumarket.lt\/lt\/wp-json\/wp\/v2\/comments?post=240650"}],"wp:featuredmedia":[{"embeddable":true,"href":"https:\/\/baldumarket.lt\/lt\/wp-json\/wp\/v2\/media\/240693"}],"wp:attachment":[{"href":"https:\/\/baldumarket.lt\/lt\/wp-json\/wp\/v2\/media?parent=240650"}],"wp:term":[{"taxonomy":"product_brand","embeddable":true,"href":"https:\/\/baldumarket.lt\/lt\/wp-json\/wp\/v2\/product_brand?post=240650"},{"taxonomy":"product_cat","embeddable":true,"href":"https:\/\/baldumarket.lt\/lt\/wp-json\/wp\/v2\/product_cat?post=240650"},{"taxonomy":"product_tag","embeddable":true,"href":"https:\/\/baldumarket.lt\/lt\/wp-json\/wp\/v2\/product_tag?post=240650"}],"curies":[{"name":"wp","href":"https:\/\/api.w.org\/{rel}","templated":true}]}}