{"id":240647,"date":"2025-12-31T00:17:28","date_gmt":"2025-12-30T21:17:28","guid":{"rendered":"https:\/\/baldumarket.lt\/?post_type=product&#038;p=240647"},"modified":"2026-02-03T23:04:23","modified_gmt":"2026-02-03T20:04:23","slug":"lozko-kontynentalne-ramos-160x200-cm","status":"publish","type":"product","link":"https:\/\/baldumarket.lt\/lt\/product\/lozko-kontynentalne-ramos-160x200-cm\/","title":{"rendered":"Ramos kontinentin\u0117 lova 160&#215;200 cm"},"content":{"rendered":"<p>I\u0161skirtin\u0117 \u201eRamos\u201c kontinentin\u0117 lova \u2013 tai baldas, kurio prabangi ir moderni i\u0161vaizda suteiks bet kuriam miegamajam unikalaus \u017eavesio. Specifikacijos:<br \/>\nPagrindinis \u010diu\u017einys \u2013 Bonnell spyruokl\u0117s<br \/>\nPagrindinis \u010diu\u017einio kietumas \u2013 H3 (vidutinio kietumo)<br \/>\nPagrindinio \u010diu\u017einio auk\u0161tis \u2013 16 cm<br \/>\nVir\u0161utin\u0117 dalis pagaminta i\u0161 didelio elastingumo T28 putplas\u010dio<br \/>\nVir\u0161utinio sluoksnio storis: 5 cm<br \/>\nVir\u0161utin\u0117 dalis turi u\u017etrauktuk\u0105<br \/>\nVir\u0161utin\u0117 dalis turi elastin\u0119 juostel\u0119, kad neslyst\u0173<br \/>\nAutomatinis atidarymas lengvam atidarymui<br \/>\nDu patalyn\u0117s skyriai<br \/>\nDekoratyvinis dygsniavimas su aukso plok\u0161tel\u0117mis<br \/>\n\u0160ios lovos galimi dyd\u017eiai:<br \/>\n120 cm \u2013 kainos: 2 992\u20133 134\u20133 347 PLN<br \/>\n140 cm \u2013 kainos: 3 148\u20133 290\u20133 503 PLN<br \/>\n180 cm \u2013 kainos: 3 485\u20133 627\u20133 840 PLN<br \/>\nPagrindin\u0117je nuotraukoje pavaizduota lova su \u201eNeve 03\u201c audiniu.<\/p>","protected":false},"excerpt":{"rendered":"<p>The exclusive Ramos continental bed is a piece of furniture whose luxurious and modern look will add a unique charm to any bedroom. Specifications: Main mattress &#8211; Bonnell springs Main mattress firmness &#8211; H3 (medium firm) Main mattress height &#8211; 16 cm Topper made of T28 high-resilience foam Topper thickness: 5 cm Topper has a [&hellip;]<\/p>","protected":false},"featured_media":240679,"comment_status":"open","ping_status":"closed","template":"","meta":[],"product_brand":[],"product_cat":[505,1971,514,9112],"product_tag":[],"class_list":{"0":"post-240647","1":"product","2":"type-product","3":"status-publish","4":"has-post-thumbnail","6":"product_cat-bedroom-beds","7":"product_cat-beds-160x200","8":"product_cat-continental-beds","9":"product_cat-linneo","11":"first","12":"instock","13":"shipping-taxable","14":"product-type-grouped"},"_links":{"self":[{"href":"https:\/\/baldumarket.lt\/lt\/wp-json\/wp\/v2\/product\/240647","targetHints":{"allow":["GET"]}}],"collection":[{"href":"https:\/\/baldumarket.lt\/lt\/wp-json\/wp\/v2\/product"}],"about":[{"href":"https:\/\/baldumarket.lt\/lt\/wp-json\/wp\/v2\/types\/product"}],"replies":[{"embeddable":true,"href":"https:\/\/baldumarket.lt\/lt\/wp-json\/wp\/v2\/comments?post=240647"}],"wp:featuredmedia":[{"embeddable":true,"href":"https:\/\/baldumarket.lt\/lt\/wp-json\/wp\/v2\/media\/240679"}],"wp:attachment":[{"href":"https:\/\/baldumarket.lt\/lt\/wp-json\/wp\/v2\/media?parent=240647"}],"wp:term":[{"taxonomy":"product_brand","embeddable":true,"href":"https:\/\/baldumarket.lt\/lt\/wp-json\/wp\/v2\/product_brand?post=240647"},{"taxonomy":"product_cat","embeddable":true,"href":"https:\/\/baldumarket.lt\/lt\/wp-json\/wp\/v2\/product_cat?post=240647"},{"taxonomy":"product_tag","embeddable":true,"href":"https:\/\/baldumarket.lt\/lt\/wp-json\/wp\/v2\/product_tag?post=240647"}],"curies":[{"name":"wp","href":"https:\/\/api.w.org\/{rel}","templated":true}]}}