{"id":240592,"date":"2025-12-31T00:14:26","date_gmt":"2025-12-30T21:14:26","guid":{"rendered":"https:\/\/baldumarket.lt\/?post_type=product&#038;p=240592"},"modified":"2026-02-03T23:04:25","modified_gmt":"2026-02-03T20:04:25","slug":"wersalka-rozkladana-bez-bokow-nardo-gr1","status":"publish","type":"product","link":"https:\/\/baldumarket.lt\/lt\/product\/wersalka-rozkladana-bez-bokow-nardo-gr1\/","title":{"rendered":"Nardo Gr1 i\u0161skleid\u017eiama sofa-lova be \u0161on\u0173"},"content":{"rendered":"<p>\u201eNardo\u201c sofa-lova \u2013 tai patogus, mink\u0161tas klasikinio stiliaus baldas su modernizuotu dizainu. Tod\u0117l jis tinka tiek klasikiniam, tiek moderniam interjerui.<br \/>\nSofos atlo\u0161as aptrauktas techniniu audiniu.<br \/>\nSavyb\u0117s:<br \/>\ndaiktad\u0117\u017e\u0117,<br \/>\nauk\u0161tos kokyb\u0117s \u201eBonnell\u201c spyruokl\u0117s ir T30 apmu\u0161al\u0173 putplastis, suteikiantys sofai tvirtumo ir ilgaam\u017ei\u0161kumo,<br \/>\nmiegojimo funkcija,<br \/>\nspragtel\u0117jimo operacija.<br \/>\nPagrindin\u0117je nuotraukoje pavaizduota sofa, aptraukta \u201eGerra 15\u201c audiniu.<\/p>","protected":false},"excerpt":{"rendered":"<p>Plotis [cm]: 199<br \/>\nAuk\u0161tis [cm]: 91<br \/>\nS\u0117dyn\u0117s auk\u0161tis [cm]: 45<br \/>\nGylis [cm]: 91<br \/>\nS\u0117dyn\u0117s gylis [cm]: 56<br \/>\nMiegamasis plotas [cm]: 118 \u00d7 198<\/p>","protected":false},"featured_media":240637,"comment_status":"open","ping_status":"closed","template":"","meta":[],"product_brand":[],"product_cat":[9133],"product_tag":[],"class_list":{"0":"post-240592","1":"product","2":"type-product","3":"status-publish","4":"has-post-thumbnail","6":"product_cat-grouped","8":"first","9":"instock","10":"shipping-taxable","11":"purchasable","12":"product-type-variable","13":"wvs-archive-product-wrapper"},"_links":{"self":[{"href":"https:\/\/baldumarket.lt\/lt\/wp-json\/wp\/v2\/product\/240592","targetHints":{"allow":["GET"]}}],"collection":[{"href":"https:\/\/baldumarket.lt\/lt\/wp-json\/wp\/v2\/product"}],"about":[{"href":"https:\/\/baldumarket.lt\/lt\/wp-json\/wp\/v2\/types\/product"}],"replies":[{"embeddable":true,"href":"https:\/\/baldumarket.lt\/lt\/wp-json\/wp\/v2\/comments?post=240592"}],"wp:featuredmedia":[{"embeddable":true,"href":"https:\/\/baldumarket.lt\/lt\/wp-json\/wp\/v2\/media\/240637"}],"wp:attachment":[{"href":"https:\/\/baldumarket.lt\/lt\/wp-json\/wp\/v2\/media?parent=240592"}],"wp:term":[{"taxonomy":"product_brand","embeddable":true,"href":"https:\/\/baldumarket.lt\/lt\/wp-json\/wp\/v2\/product_brand?post=240592"},{"taxonomy":"product_cat","embeddable":true,"href":"https:\/\/baldumarket.lt\/lt\/wp-json\/wp\/v2\/product_cat?post=240592"},{"taxonomy":"product_tag","embeddable":true,"href":"https:\/\/baldumarket.lt\/lt\/wp-json\/wp\/v2\/product_tag?post=240592"}],"curies":[{"name":"wp","href":"https:\/\/api.w.org\/{rel}","templated":true}]}}