{"id":240577,"date":"2025-12-31T00:13:41","date_gmt":"2025-12-30T21:13:41","guid":{"rendered":"https:\/\/baldumarket.lt\/?post_type=product&#038;p=240577"},"modified":"2026-02-03T23:04:26","modified_gmt":"2026-02-03T20:04:26","slug":"sofa-rozkladana-bez-bokow-valeska","status":"publish","type":"product","link":"https:\/\/baldumarket.lt\/lt\/product\/sofa-rozkladana-bez-bokow-valeska\/","title":{"rendered":"Valeska sofa-lova be \u0161on\u0173"},"content":{"rendered":"<p>Valeska \u2013 sofa m\u0117g\u0117jams, ie\u0161kantiems elegancijos ir prakti\u0161kumo. Eleganti\u0161ka, nes masyvi, ta\u010diau kartu lengva ir prakti\u0161ka, nes si\u016blo didel\u0119 miegojimo erdv\u0119, kurios dydis prilygsta standartin\u0117ms lovoms.<br \/>\nValeskos parametrai:<br \/>\nmiego funkcija<br \/>\n\u00a0patalyn\u0117s laikymo<br \/>\n\u00a0DL automatinis i\u0161skleidimo mechanizmas<br \/>\n\u00a0auk\u0161tos kokyb\u0117s zigzago spyruokl\u0117s + ki\u0161enin\u0117s spyruokl\u0117s ir T30 apmu\u0161al\u0173 putplastis tvirtumui ir ilgaam\u017ei\u0161kumui u\u017etikrinti<br \/>\npatogi s\u0117dyn\u0117<br \/>\nPagrindin\u0117je nuotraukoje pavaizduota sofa su \u201eRetro Bliss 90\u201c audiniu<\/p>","protected":false},"excerpt":{"rendered":"<p>Valeska &#8211; a sofa for lovers seeking elegance and practicality. Elegant because it&#8217;s massive, yet also lightweight and practical because it offers a large sleeping area, comparable in size to standard beds. Valeska parameters: sleep function \u00a0bedding storage \u00a0DL automatic unfolding mechanism \u00a0high-quality zigzag springs + pocket springs, and T30 upholstery foam for firmness and [&hellip;]<\/p>","protected":false},"featured_media":240609,"comment_status":"open","ping_status":"closed","template":"","meta":[],"product_brand":[],"product_cat":[9112,560],"product_tag":[],"class_list":{"0":"post-240577","1":"product","2":"type-product","3":"status-publish","4":"has-post-thumbnail","6":"product_cat-linneo","7":"product_cat-sofas-and-couches","9":"first","10":"instock","11":"shipping-taxable","12":"product-type-grouped"},"_links":{"self":[{"href":"https:\/\/baldumarket.lt\/lt\/wp-json\/wp\/v2\/product\/240577","targetHints":{"allow":["GET"]}}],"collection":[{"href":"https:\/\/baldumarket.lt\/lt\/wp-json\/wp\/v2\/product"}],"about":[{"href":"https:\/\/baldumarket.lt\/lt\/wp-json\/wp\/v2\/types\/product"}],"replies":[{"embeddable":true,"href":"https:\/\/baldumarket.lt\/lt\/wp-json\/wp\/v2\/comments?post=240577"}],"wp:featuredmedia":[{"embeddable":true,"href":"https:\/\/baldumarket.lt\/lt\/wp-json\/wp\/v2\/media\/240609"}],"wp:attachment":[{"href":"https:\/\/baldumarket.lt\/lt\/wp-json\/wp\/v2\/media?parent=240577"}],"wp:term":[{"taxonomy":"product_brand","embeddable":true,"href":"https:\/\/baldumarket.lt\/lt\/wp-json\/wp\/v2\/product_brand?post=240577"},{"taxonomy":"product_cat","embeddable":true,"href":"https:\/\/baldumarket.lt\/lt\/wp-json\/wp\/v2\/product_cat?post=240577"},{"taxonomy":"product_tag","embeddable":true,"href":"https:\/\/baldumarket.lt\/lt\/wp-json\/wp\/v2\/product_tag?post=240577"}],"curies":[{"name":"wp","href":"https:\/\/api.w.org\/{rel}","templated":true}]}}