{"id":240563,"date":"2025-12-31T00:12:55","date_gmt":"2025-12-30T21:12:55","guid":{"rendered":"https:\/\/baldumarket.lt\/?post_type=product&#038;p=240563"},"modified":"2026-02-03T23:04:26","modified_gmt":"2026-02-03T20:04:26","slug":"sofa-rozkladana-bez-bokow-rocket","status":"publish","type":"product","link":"https:\/\/baldumarket.lt\/lt\/product\/sofa-rozkladana-bez-bokow-rocket\/","title":{"rendered":"\u201eRocket\u201c sofa-lova be \u0161on\u0173"},"content":{"rendered":"<p>\u201eRocket\u201c \u2013 sofa m\u0117g\u0117jams, ie\u0161kantiems elegancijos ir prakti\u0161kumo. Eleganti\u0161ka, nes masyvi, ta\u010diau lengva ir prakti\u0161ka, nes si\u016blo didel\u0119 miegojimo erdv\u0119, kurios dydis prilygsta standartin\u0117ms lovoms.<br \/>\nRaketos parametrai:<br \/>\nmiego funkcija<br \/>\npatalyn\u0117s laikymo<br \/>\nDL automatinis i\u0161skleidimo mechanizmas<br \/>\nauk\u0161tos kokyb\u0117s \u201eBonnell\u201c spyruokl\u0117s ir T30 apmu\u0161al\u0173 putplastis u\u017etikrina tvirtum\u0105 ir ilgaam\u017ei\u0161kum\u0105<br \/>\npatogi s\u0117dyn\u0117<br \/>\nPagrindin\u0117je nuotraukoje pavaizduota sofa su \u201eMuse 8\u201c audiniu<\/p>","protected":false},"excerpt":{"rendered":"<p>\u201eRocket\u201c \u2013 sofa m\u0117g\u0117jams, ie\u0161kantiems elegancijos ir prakti\u0161kumo. Eleganti\u0161ka, nes masyvi, ta\u010diau lengva ir prakti\u0161ka, nes si\u016blo didel\u0119 miegojimo erdv\u0119, kurios dydis prilygsta standartin\u0117ms lovoms. \u201eRocket\u201c parametrai: miego funkcija, patalyn\u0117s laikymo sistema, automatinis i\u0161skleidimo mechanizmas \u201eDL\u201c, auk\u0161tos kokyb\u0117s \u201eBonnell\u201c spyruokl\u0117s ir T30 apmu\u0161al\u0173 putos tvirtumui ir ilgaam\u017ei\u0161kumui, patogi s\u0117dyn\u0117.<\/p>","protected":false},"featured_media":240595,"comment_status":"open","ping_status":"closed","template":"","meta":[],"product_brand":[],"product_cat":[9112,560],"product_tag":[],"class_list":{"0":"post-240563","1":"product","2":"type-product","3":"status-publish","4":"has-post-thumbnail","6":"product_cat-linneo","7":"product_cat-sofas-and-couches","9":"first","10":"instock","11":"shipping-taxable","12":"product-type-grouped"},"_links":{"self":[{"href":"https:\/\/baldumarket.lt\/lt\/wp-json\/wp\/v2\/product\/240563","targetHints":{"allow":["GET"]}}],"collection":[{"href":"https:\/\/baldumarket.lt\/lt\/wp-json\/wp\/v2\/product"}],"about":[{"href":"https:\/\/baldumarket.lt\/lt\/wp-json\/wp\/v2\/types\/product"}],"replies":[{"embeddable":true,"href":"https:\/\/baldumarket.lt\/lt\/wp-json\/wp\/v2\/comments?post=240563"}],"wp:featuredmedia":[{"embeddable":true,"href":"https:\/\/baldumarket.lt\/lt\/wp-json\/wp\/v2\/media\/240595"}],"wp:attachment":[{"href":"https:\/\/baldumarket.lt\/lt\/wp-json\/wp\/v2\/media?parent=240563"}],"wp:term":[{"taxonomy":"product_brand","embeddable":true,"href":"https:\/\/baldumarket.lt\/lt\/wp-json\/wp\/v2\/product_brand?post=240563"},{"taxonomy":"product_cat","embeddable":true,"href":"https:\/\/baldumarket.lt\/lt\/wp-json\/wp\/v2\/product_cat?post=240563"},{"taxonomy":"product_tag","embeddable":true,"href":"https:\/\/baldumarket.lt\/lt\/wp-json\/wp\/v2\/product_tag?post=240563"}],"curies":[{"name":"wp","href":"https:\/\/api.w.org\/{rel}","templated":true}]}}