{"id":240437,"date":"2025-12-31T00:06:24","date_gmt":"2025-12-30T21:06:24","guid":{"rendered":"https:\/\/baldumarket.lt\/?post_type=product&#038;p=240437"},"modified":"2026-02-03T23:04:30","modified_gmt":"2026-02-03T20:04:30","slug":"sofa-rozkladana-venga-chowane-poduszki","status":"publish","type":"product","link":"https:\/\/baldumarket.lt\/lt\/product\/sofa-rozkladana-venga-chowane-poduszki\/","title":{"rendered":"\u201eVenga\u201c sofa-lova su i\u0161traukiamomis pagalv\u0117l\u0117mis"},"content":{"rendered":"<p>\u201eVenga\u201c \u2013 sofa m\u0117g\u0117jams, ie\u0161kantiems elegancijos ir prakti\u0161kumo. Eleganti\u0161ka, nes masyvi, ta\u010diau lengva ir prakti\u0161ka, nes si\u016blo didel\u0119 miegojimo erdv\u0119, kurios dydis prilygsta standartin\u0117ms lovoms.<br \/>\nVengos parametrai:<br \/>\nmiego funkcija<br \/>\npatalyn\u0117s laikymo<br \/>\nDL automatinis i\u0161skleidimo mechanizmas<br \/>\nAuk\u0161tos kokyb\u0117s vingiuotos spyruokl\u0117s ir T30 apmu\u0161al\u0173 putos suteikia sofai tvirtumo ir ilgaam\u017ei\u0161kumo<br \/>\npatogi s\u0117dyn\u0117<br \/>\n\u012e kain\u0105 \u012fskai\u010diuotos dvi juosmens pagalv\u0117s.<br \/>\nPagrindin\u0117je nuotraukoje pavaizduota sofa su \u201eDress Me 3 + 18\u201c audiniu, reklaminiu \u201eWind 84 + 21\u201c audiniu.<br \/>\nSofos i\u0161skleidimo b\u016bdas (i\u0161lankstoma ant \u201eMeriva\u201c sofos pagrindo \u2013 pagalv\u0117l\u0117s laikomos d\u0117\u017e\u0117je)<\/p>","protected":false},"excerpt":{"rendered":"<p>Venga &#8211; a sofa for lovers seeking elegance and practicality. Elegant because it&#8217;s massive, yet lightweight and practical because it offers a large sleeping area, comparable in size to standard beds. Venga parameters: sleep function bedding storage DL automatic unfolding mechanism high-quality sinuous springs and T30 upholstery foam give the sofa firmness and durability comfortable [&hellip;]<\/p>","protected":false},"featured_media":240469,"comment_status":"open","ping_status":"closed","template":"","meta":[],"product_brand":[],"product_cat":[9112,560],"product_tag":[],"class_list":{"0":"post-240437","1":"product","2":"type-product","3":"status-publish","4":"has-post-thumbnail","6":"product_cat-linneo","7":"product_cat-sofas-and-couches","9":"first","10":"instock","11":"shipping-taxable","12":"product-type-grouped"},"_links":{"self":[{"href":"https:\/\/baldumarket.lt\/lt\/wp-json\/wp\/v2\/product\/240437","targetHints":{"allow":["GET"]}}],"collection":[{"href":"https:\/\/baldumarket.lt\/lt\/wp-json\/wp\/v2\/product"}],"about":[{"href":"https:\/\/baldumarket.lt\/lt\/wp-json\/wp\/v2\/types\/product"}],"replies":[{"embeddable":true,"href":"https:\/\/baldumarket.lt\/lt\/wp-json\/wp\/v2\/comments?post=240437"}],"wp:featuredmedia":[{"embeddable":true,"href":"https:\/\/baldumarket.lt\/lt\/wp-json\/wp\/v2\/media\/240469"}],"wp:attachment":[{"href":"https:\/\/baldumarket.lt\/lt\/wp-json\/wp\/v2\/media?parent=240437"}],"wp:term":[{"taxonomy":"product_brand","embeddable":true,"href":"https:\/\/baldumarket.lt\/lt\/wp-json\/wp\/v2\/product_brand?post=240437"},{"taxonomy":"product_cat","embeddable":true,"href":"https:\/\/baldumarket.lt\/lt\/wp-json\/wp\/v2\/product_cat?post=240437"},{"taxonomy":"product_tag","embeddable":true,"href":"https:\/\/baldumarket.lt\/lt\/wp-json\/wp\/v2\/product_tag?post=240437"}],"curies":[{"name":"wp","href":"https:\/\/api.w.org\/{rel}","templated":true}]}}