{"id":240353,"date":"2025-12-30T23:46:34","date_gmt":"2025-12-30T20:46:34","guid":{"rendered":"https:\/\/baldumarket.lt\/?post_type=product&#038;p=240353"},"modified":"2026-02-03T23:04:33","modified_gmt":"2026-02-03T20:04:33","slug":"sofa-rozkladana-landeno","status":"publish","type":"product","link":"https:\/\/baldumarket.lt\/lt\/product\/sofa-rozkladana-landeno\/","title":{"rendered":"\u201eLandeno\u201c sofa-lova"},"content":{"rendered":"<p>\u201eLandeno\u201c \u2013 sofa m\u0117g\u0117jams, ie\u0161kantiems elegancijos ir prakti\u0161kumo. Eleganti\u0161ka, nes masyvi, ta\u010diau kartu lengva ir prakti\u0161ka, nes si\u016blo didel\u0119 miegojimo erdv\u0119, kurios dydis prilygsta standartin\u0117ms lovoms.<br \/>\nLandeno parametrai:<br \/>\nmiego funkcija<br \/>\npatalyn\u0117s laikymo<br \/>\nDL automatinis i\u0161skleidimo mechanizmas<br \/>\nauk\u0161tos kokyb\u0117s vingiuotos spyruokl\u0117s ir T30 apmu\u0161al\u0173 putplastis u\u017etikrina tvirtum\u0105 ir ilgaam\u017ei\u0161kum\u0105<br \/>\npatogi s\u0117dyn\u0117<br \/>\nPagrindin\u0117je nuotraukoje pavaizduota sofa su \u201eElement 17\u201c audiniu<\/p>","protected":false},"excerpt":{"rendered":"<p>\u201eLandeno\u201c \u2013 sofa m\u0117g\u0117jams, ie\u0161kantiems elegancijos ir prakti\u0161kumo. Eleganti\u0161ka, nes masyvi, ta\u010diau kartu lengva ir prakti\u0161ka, nes si\u016blo didel\u0119 miegojimo erdv\u0119, kurios dydis prilygsta standartin\u0117ms lovoms. \u201eLandeno\u201c parametrai: miegojimo funkcija, patalyn\u0117s laikymo sistema, automatinis i\u0161skleidimo mechanizmas DL, auk\u0161tos kokyb\u0117s vingiuotos spyruokl\u0117s ir T30 apmu\u0161al\u0173 putos tvirtumui ir ilgaam\u017ei\u0161kumui, patogi s\u0117dyn\u0117 [\u2026]<\/p>","protected":false},"featured_media":240385,"comment_status":"open","ping_status":"closed","template":"","meta":[],"product_brand":[],"product_cat":[9112,560],"product_tag":[],"class_list":{"0":"post-240353","1":"product","2":"type-product","3":"status-publish","4":"has-post-thumbnail","6":"product_cat-linneo","7":"product_cat-sofas-and-couches","9":"first","10":"instock","11":"shipping-taxable","12":"product-type-grouped"},"_links":{"self":[{"href":"https:\/\/baldumarket.lt\/lt\/wp-json\/wp\/v2\/product\/240353","targetHints":{"allow":["GET"]}}],"collection":[{"href":"https:\/\/baldumarket.lt\/lt\/wp-json\/wp\/v2\/product"}],"about":[{"href":"https:\/\/baldumarket.lt\/lt\/wp-json\/wp\/v2\/types\/product"}],"replies":[{"embeddable":true,"href":"https:\/\/baldumarket.lt\/lt\/wp-json\/wp\/v2\/comments?post=240353"}],"wp:featuredmedia":[{"embeddable":true,"href":"https:\/\/baldumarket.lt\/lt\/wp-json\/wp\/v2\/media\/240385"}],"wp:attachment":[{"href":"https:\/\/baldumarket.lt\/lt\/wp-json\/wp\/v2\/media?parent=240353"}],"wp:term":[{"taxonomy":"product_brand","embeddable":true,"href":"https:\/\/baldumarket.lt\/lt\/wp-json\/wp\/v2\/product_brand?post=240353"},{"taxonomy":"product_cat","embeddable":true,"href":"https:\/\/baldumarket.lt\/lt\/wp-json\/wp\/v2\/product_cat?post=240353"},{"taxonomy":"product_tag","embeddable":true,"href":"https:\/\/baldumarket.lt\/lt\/wp-json\/wp\/v2\/product_tag?post=240353"}],"curies":[{"name":"wp","href":"https:\/\/api.w.org\/{rel}","templated":true}]}}