{"id":240255,"date":"2025-12-30T23:41:09","date_gmt":"2025-12-30T20:41:09","guid":{"rendered":"https:\/\/baldumarket.lt\/?post_type=product&#038;p=240255"},"modified":"2026-02-03T23:04:37","modified_gmt":"2026-02-03T20:04:37","slug":"sofa-rozkladana-naroznik-2w1-cruzzo","status":"publish","type":"product","link":"https:\/\/baldumarket.lt\/lt\/product\/sofa-rozkladana-naroznik-2w1-cruzzo\/","title":{"rendered":"\u201eCruzzo\u201c 2 viename kampin\u0117 sofa-lova"},"content":{"rendered":"<p>\u201eCruzzo\u201c \u2013 kampin\u0117 sofa m\u0117g\u0117jams, ie\u0161kantiems elegancijos ir prakti\u0161kumo. Eleganti\u0161ka, nes masyvi, ta\u010diau kartu lengva ir prakti\u0161ka, nes si\u016blo didel\u0119 miegojimo erdv\u0119, kurios dydis prilygsta standartin\u0117ms lovoms.<br \/>\nI\u0161pl\u0117sdami de\u0161in\u0119 arba kair\u0119 pus\u0119 miegojimui, galite sukurti de\u0161in\u0117s arba kair\u0117s pus\u0117s kampin\u0119 sof\u0105.<br \/>\n\u201eCruzzo\u201c parametrai:<br \/>\nmiego funkcija<br \/>\npatalyn\u0117s laikymo<br \/>\nDL automatinis i\u0161skleidimo mechanizmas<br \/>\nauk\u0161tos kokyb\u0117s vingiuotos spyruokl\u0117s ir T30 apmu\u0161al\u0173 putplastis u\u017etikrina tvirtum\u0105 ir ilgaam\u017ei\u0161kum\u0105<br \/>\npatogi s\u0117dyn\u0117<br \/>\nPagrindin\u0117je nuotraukoje pavaizduota sofa su \u201eCastel 80\u201c audiniu<\/p>","protected":false},"excerpt":{"rendered":"<p>Cruzzo &#8211; a corner sofa for lovers seeking elegance and practicality. Elegant because it&#8217;s massive, yet also lightweight and practical because it offers a large sleeping area, comparable in size to standard beds. By extending the right or left side for the sleeping function, you can create a right- or left-sided corner sofa. Cruzzo parameters: [&hellip;]<\/p>","protected":false},"featured_media":240287,"comment_status":"open","ping_status":"closed","template":"","meta":[],"product_brand":[],"product_cat":[9112,560],"product_tag":[],"class_list":{"0":"post-240255","1":"product","2":"type-product","3":"status-publish","4":"has-post-thumbnail","6":"product_cat-linneo","7":"product_cat-sofas-and-couches","9":"first","10":"instock","11":"shipping-taxable","12":"product-type-grouped"},"_links":{"self":[{"href":"https:\/\/baldumarket.lt\/lt\/wp-json\/wp\/v2\/product\/240255","targetHints":{"allow":["GET"]}}],"collection":[{"href":"https:\/\/baldumarket.lt\/lt\/wp-json\/wp\/v2\/product"}],"about":[{"href":"https:\/\/baldumarket.lt\/lt\/wp-json\/wp\/v2\/types\/product"}],"replies":[{"embeddable":true,"href":"https:\/\/baldumarket.lt\/lt\/wp-json\/wp\/v2\/comments?post=240255"}],"wp:featuredmedia":[{"embeddable":true,"href":"https:\/\/baldumarket.lt\/lt\/wp-json\/wp\/v2\/media\/240287"}],"wp:attachment":[{"href":"https:\/\/baldumarket.lt\/lt\/wp-json\/wp\/v2\/media?parent=240255"}],"wp:term":[{"taxonomy":"product_brand","embeddable":true,"href":"https:\/\/baldumarket.lt\/lt\/wp-json\/wp\/v2\/product_brand?post=240255"},{"taxonomy":"product_cat","embeddable":true,"href":"https:\/\/baldumarket.lt\/lt\/wp-json\/wp\/v2\/product_cat?post=240255"},{"taxonomy":"product_tag","embeddable":true,"href":"https:\/\/baldumarket.lt\/lt\/wp-json\/wp\/v2\/product_tag?post=240255"}],"curies":[{"name":"wp","href":"https:\/\/api.w.org\/{rel}","templated":true}]}}