{"id":240199,"date":"2025-12-30T23:38:04","date_gmt":"2025-12-30T20:38:04","guid":{"rendered":"https:\/\/baldumarket.lt\/?post_type=product&#038;p=240199"},"modified":"2026-02-03T23:04:39","modified_gmt":"2026-02-03T20:04:39","slug":"sofa-rozkladana-auris-lux","status":"publish","type":"product","link":"https:\/\/baldumarket.lt\/lt\/product\/sofa-rozkladana-auris-lux\/","title":{"rendered":"Auris Lux sofa-lova"},"content":{"rendered":"<p>\u201eAuris Lux\u201c \u2013 sofa ie\u0161kantiems elegancijos ir prakti\u0161kumo. Eleganti\u0161ka, nes masyvi, ta\u010diau kartu lengva ir prakti\u0161ka, nes si\u016blo didel\u0119 miegojimo erdv\u0119, kurios dydis prilygsta standartin\u0117ms lovoms.<br \/>\n\u201eAuris Lux\u201c parametrai:<br \/>\nmiego funkcija<br \/>\npatalyn\u0117s laikymo<br \/>\nDL automatinis i\u0161skleidimo mechanizmas<br \/>\nauk\u0161tos kokyb\u0117s \u201eBonnell\u201c spyruokl\u0117s ir T30 apmu\u0161al\u0173 putplastis u\u017etikrina tvirtum\u0105 ir ilgaam\u017ei\u0161kum\u0105<br \/>\npatogi s\u0117dyn\u0117<br \/>\nPagrindin\u0117je nuotraukoje pavaizduota sofa su \u201eWind 84\u201c audiniu<\/p>","protected":false},"excerpt":{"rendered":"<p>Auris Lux &#8211; a sofa for those seeking elegance and practicality. Elegant because it&#8217;s massive, yet also lightweight and practical because it offers a large sleeping area, comparable in size to standard beds. Auris Lux parameters: sleep function bedding storage DL automatic unfolding mechanism high-quality Bonnell springs and T30 upholstery foam for firmness and durability [&hellip;]<\/p>","protected":false},"featured_media":240231,"comment_status":"open","ping_status":"closed","template":"","meta":[],"product_brand":[],"product_cat":[9112,560],"product_tag":[],"class_list":{"0":"post-240199","1":"product","2":"type-product","3":"status-publish","4":"has-post-thumbnail","6":"product_cat-linneo","7":"product_cat-sofas-and-couches","9":"first","10":"instock","11":"shipping-taxable","12":"product-type-grouped"},"_links":{"self":[{"href":"https:\/\/baldumarket.lt\/lt\/wp-json\/wp\/v2\/product\/240199","targetHints":{"allow":["GET"]}}],"collection":[{"href":"https:\/\/baldumarket.lt\/lt\/wp-json\/wp\/v2\/product"}],"about":[{"href":"https:\/\/baldumarket.lt\/lt\/wp-json\/wp\/v2\/types\/product"}],"replies":[{"embeddable":true,"href":"https:\/\/baldumarket.lt\/lt\/wp-json\/wp\/v2\/comments?post=240199"}],"wp:featuredmedia":[{"embeddable":true,"href":"https:\/\/baldumarket.lt\/lt\/wp-json\/wp\/v2\/media\/240231"}],"wp:attachment":[{"href":"https:\/\/baldumarket.lt\/lt\/wp-json\/wp\/v2\/media?parent=240199"}],"wp:term":[{"taxonomy":"product_brand","embeddable":true,"href":"https:\/\/baldumarket.lt\/lt\/wp-json\/wp\/v2\/product_brand?post=240199"},{"taxonomy":"product_cat","embeddable":true,"href":"https:\/\/baldumarket.lt\/lt\/wp-json\/wp\/v2\/product_cat?post=240199"},{"taxonomy":"product_tag","embeddable":true,"href":"https:\/\/baldumarket.lt\/lt\/wp-json\/wp\/v2\/product_tag?post=240199"}],"curies":[{"name":"wp","href":"https:\/\/api.w.org\/{rel}","templated":true}]}}