{"id":240141,"date":"2025-12-30T23:34:47","date_gmt":"2025-12-30T20:34:47","guid":{"rendered":"https:\/\/baldumarket.lt\/?post_type=product&#038;p=240141"},"modified":"2026-02-03T23:04:41","modified_gmt":"2026-02-03T20:04:41","slug":"naroznik-rozkladany-volt-gr3","status":"publish","type":"product","link":"https:\/\/baldumarket.lt\/lt\/product\/naroznik-rozkladany-volt-gr3\/","title":{"rendered":"Volt Gr3 i\u0161skleid\u017eiama kampin\u0117 sofa"},"content":{"rendered":"<p>I\u0161skleid\u017eiama kampin\u0117 sofa \u201eVolt\u201c \u2013 tai patogus mink\u0161tas baldas, pasi\u017eymintis moderniu dizainu ir kruop\u0161\u010diu d\u0117mesiu detal\u0117ms.<br \/>\nTrevi savyb\u0117s:<br \/>\nmiego funkcija<br \/>\npatalyn\u0117s laikymo<br \/>\nDL automatinis i\u0161skleidimas<br \/>\nauk\u0161tos kokyb\u0117s \u201eBonnell\u201c spyruokl\u0117s ir T30 apmu\u0161al\u0173 putos u\u017etikrina tvirtum\u0105 ir ilgaam\u017ei\u0161kum\u0105<br \/>\npatogi s\u0117dyn\u0117<br \/>\npatogi atlo\u0161o pagalv\u0117l\u0117<br \/>\nPagrindin\u0117je nuotraukoje pavaizduota sofa su \u201ePoso 100\u201c audiniu.<\/p>","protected":false},"excerpt":{"rendered":"<p>Ilgosios pus\u0117s plotis [cm]: 238<br \/>\nTrumposios pus\u0117s plotis [cm]: 155<br \/>\n\u016agis [cm]: 74\u201393<br \/>\nS\u0117dyn\u0117s auk\u0161tis [cm]: 45<br \/>\nPagalv\u0117l\u0117s \/ atlo\u0161o tipas: nuimamos pagalv\u0117l\u0117s<br \/>\n\u0160onin\u0117s atlo\u0161o dalys: su atlo\u0161ais<br \/>\nMiegamasis plotas [cm]: 141 \u00d7 204<br \/>\nKampin\u0117s sofos stilius: modernus<br \/>\nI\u0161skleidimo sistema: Automatin\u0117, kad b\u016bt\u0173 lengva i\u0161skleisti \/ DL<\/p>","protected":false},"featured_media":240175,"comment_status":"open","ping_status":"closed","template":"","meta":[],"product_brand":[],"product_cat":[9133],"product_tag":[],"class_list":{"0":"post-240141","1":"product","2":"type-product","3":"status-publish","4":"has-post-thumbnail","6":"product_cat-grouped","8":"first","9":"instock","10":"shipping-taxable","11":"purchasable","12":"product-type-variable","13":"wvs-archive-product-wrapper"},"_links":{"self":[{"href":"https:\/\/baldumarket.lt\/lt\/wp-json\/wp\/v2\/product\/240141","targetHints":{"allow":["GET"]}}],"collection":[{"href":"https:\/\/baldumarket.lt\/lt\/wp-json\/wp\/v2\/product"}],"about":[{"href":"https:\/\/baldumarket.lt\/lt\/wp-json\/wp\/v2\/types\/product"}],"replies":[{"embeddable":true,"href":"https:\/\/baldumarket.lt\/lt\/wp-json\/wp\/v2\/comments?post=240141"}],"wp:featuredmedia":[{"embeddable":true,"href":"https:\/\/baldumarket.lt\/lt\/wp-json\/wp\/v2\/media\/240175"}],"wp:attachment":[{"href":"https:\/\/baldumarket.lt\/lt\/wp-json\/wp\/v2\/media?parent=240141"}],"wp:term":[{"taxonomy":"product_brand","embeddable":true,"href":"https:\/\/baldumarket.lt\/lt\/wp-json\/wp\/v2\/product_brand?post=240141"},{"taxonomy":"product_cat","embeddable":true,"href":"https:\/\/baldumarket.lt\/lt\/wp-json\/wp\/v2\/product_cat?post=240141"},{"taxonomy":"product_tag","embeddable":true,"href":"https:\/\/baldumarket.lt\/lt\/wp-json\/wp\/v2\/product_tag?post=240141"}],"curies":[{"name":"wp","href":"https:\/\/api.w.org\/{rel}","templated":true}]}}