{"id":240101,"date":"2025-12-30T23:32:33","date_gmt":"2025-12-30T20:32:33","guid":{"rendered":"https:\/\/baldumarket.lt\/?post_type=product&#038;p=240101"},"modified":"2026-02-03T23:04:43","modified_gmt":"2026-02-03T20:04:43","slug":"naroznik-rozkladany-trevi","status":"publish","type":"product","link":"https:\/\/baldumarket.lt\/lt\/product\/naroznik-rozkladany-trevi\/","title":{"rendered":"Trevi kampin\u0117 sofa-lova"},"content":{"rendered":"<p>I\u0161skleid\u017eiama kampin\u0117 sofa \u201eTrevi\u201c \u2013 tai patogus mink\u0161tas baldas, pasi\u017eymintis moderniu dizainu ir d\u0117mesiu detal\u0117ms.<br \/>\nTrevi parametrai:<br \/>\nmiego funkcija<br \/>\npatalyn\u0117s laikymo<br \/>\nDL automatinis i\u0161skleidimas<br \/>\nauk\u0161tos kokyb\u0117s banguotos spyruokl\u0117s ir T30 apmu\u0161al\u0173 putplastis u\u017etikrina tvirtum\u0105 ir ilgaam\u017ei\u0161kum\u0105<br \/>\npatogi s\u0117dyn\u0117<br \/>\npatogus atlo\u0161as<br \/>\ndekoratyvinis si\u016bl\u0117s<br \/>\nPagrindin\u0117je nuotraukoje matyti baldai i\u0161 \u201eWind 84\u201c audinio<\/p>","protected":false},"excerpt":{"rendered":"<p>I\u0161skleid\u017eiama kampin\u0117 sofa \u201eTrevi\u201c \u2013 tai patogus mink\u0161tas baldas, pasi\u017eymintis moderniu dizainu ir d\u0117mesiu detal\u0117ms. \u201eTrevi\u201c parametrai: miegojimo funkcija, patalyn\u0117s skyrius, automati\u0161kai i\u0161siskleid\u017eiantis DL, auk\u0161tos kokyb\u0117s banguotos spyruokl\u0117s ir T30 apmu\u0161al\u0173 putos u\u017etikrina tvirtum\u0105 ir ilgaam\u017ei\u0161kum\u0105, patogi s\u0117dyn\u0117, patogus atlo\u0161as, dekoratyvin\u0117s si\u016bl\u0117s. Pagrindin\u0117je nuotraukoje pavaizduotas baldas \u201eWind 84\u201c [\u2026]<\/p>","protected":false},"featured_media":240133,"comment_status":"open","ping_status":"closed","template":"","meta":[],"product_brand":[],"product_cat":[616,1983,9112],"product_tag":[],"class_list":{"0":"post-240101","1":"product","2":"type-product","3":"status-publish","4":"has-post-thumbnail","6":"product_cat-corners","7":"product_cat-corners-l","8":"product_cat-linneo","10":"first","11":"instock","12":"shipping-taxable","13":"product-type-grouped"},"_links":{"self":[{"href":"https:\/\/baldumarket.lt\/lt\/wp-json\/wp\/v2\/product\/240101","targetHints":{"allow":["GET"]}}],"collection":[{"href":"https:\/\/baldumarket.lt\/lt\/wp-json\/wp\/v2\/product"}],"about":[{"href":"https:\/\/baldumarket.lt\/lt\/wp-json\/wp\/v2\/types\/product"}],"replies":[{"embeddable":true,"href":"https:\/\/baldumarket.lt\/lt\/wp-json\/wp\/v2\/comments?post=240101"}],"wp:featuredmedia":[{"embeddable":true,"href":"https:\/\/baldumarket.lt\/lt\/wp-json\/wp\/v2\/media\/240133"}],"wp:attachment":[{"href":"https:\/\/baldumarket.lt\/lt\/wp-json\/wp\/v2\/media?parent=240101"}],"wp:term":[{"taxonomy":"product_brand","embeddable":true,"href":"https:\/\/baldumarket.lt\/lt\/wp-json\/wp\/v2\/product_brand?post=240101"},{"taxonomy":"product_cat","embeddable":true,"href":"https:\/\/baldumarket.lt\/lt\/wp-json\/wp\/v2\/product_cat?post=240101"},{"taxonomy":"product_tag","embeddable":true,"href":"https:\/\/baldumarket.lt\/lt\/wp-json\/wp\/v2\/product_tag?post=240101"}],"curies":[{"name":"wp","href":"https:\/\/api.w.org\/{rel}","templated":true}]}}