{"id":240031,"date":"2025-12-30T23:28:44","date_gmt":"2025-12-30T20:28:44","guid":{"rendered":"https:\/\/baldumarket.lt\/?post_type=product&#038;p=240031"},"modified":"2026-05-04T17:22:42","modified_gmt":"2026-05-04T14:22:42","slug":"naroznik-z-zaglowkami-senso","status":"publish","type":"product","link":"https:\/\/baldumarket.lt\/lt\/product\/naroznik-z-zaglowkami-senso\/","title":{"rendered":"Senso kampin\u0117 sofa su galvos atramomis"},"content":{"rendered":"<p>\u201eSenso\u201c kampin\u0117 sofa su reguliuojamais galvos atlo\u0161ais \u2013 \u012fdomus pasirinkimas moderniam interjerui.<br \/>\nSenso parametrai:<br \/>\nmiego funkcija<br \/>\npatalyn\u0117s laikymo<br \/>\nDelfin i\u0161lankstymo sistema<br \/>\nauk\u0161tos kokyb\u0117s banguotos spyruokl\u0117s ir T30 apmu\u0161al\u0173 putplastis u\u017etikrina tvirtum\u0105 ir ilgaam\u017ei\u0161kum\u0105<br \/>\npatogi s\u0117dyn\u0117<br \/>\npatogus atlo\u0161as<br \/>\nreguliuojamos galvos atramos<br \/>\nreguliuojamas atlo\u0161o gylis<br \/>\nPagrindin\u0117je nuotraukoje kampin\u0117 sofa yra kair\u0117je.<br \/>\nPagrindin\u0117je nuotraukoje pavaizduota sofa su \u201eElement 13\u201c audiniu.<\/p>","protected":false},"excerpt":{"rendered":"<p>\u201eSenso\u201c kampin\u0117 sofa su reguliuojamomis galvos atramomis \u2013 \u012fdomus pasirinkimas moderniam interjerui. \u201eSenso\u201c parametrai: miegojimo funkcija, patalyn\u0117s laikymo sistema, \u201eDelfin\u201c i\u0161lankstymo sistema, auk\u0161tos kokyb\u0117s banguotos spyruokl\u0117s ir T30 apmu\u0161al\u0173 putos u\u017etikrina tvirtum\u0105 ir didel\u012f patvarum\u0105, patogi s\u0117dyn\u0117, patogus atlo\u0161as, reguliuojamos galvos atramos, reguliuojamas atlo\u0161o gylis. Pagrindin\u0117je nuotraukoje esanti kampin\u0117 sofa yra kair\u0117je. Pagrindin\u0117 [\u2026]<\/p>","protected":false},"featured_media":240063,"comment_status":"open","ping_status":"closed","template":"","meta":[],"product_brand":[],"product_cat":[10299,616,1983,9112],"product_tag":[],"class_list":{"0":"post-240031","1":"product","2":"type-product","3":"status-publish","4":"has-post-thumbnail","6":"product_cat-corners-linneo","7":"product_cat-corners","8":"product_cat-corners-l","9":"product_cat-linneo","11":"first","12":"instock","13":"shipping-taxable","14":"product-type-grouped"},"_links":{"self":[{"href":"https:\/\/baldumarket.lt\/lt\/wp-json\/wp\/v2\/product\/240031","targetHints":{"allow":["GET"]}}],"collection":[{"href":"https:\/\/baldumarket.lt\/lt\/wp-json\/wp\/v2\/product"}],"about":[{"href":"https:\/\/baldumarket.lt\/lt\/wp-json\/wp\/v2\/types\/product"}],"replies":[{"embeddable":true,"href":"https:\/\/baldumarket.lt\/lt\/wp-json\/wp\/v2\/comments?post=240031"}],"wp:featuredmedia":[{"embeddable":true,"href":"https:\/\/baldumarket.lt\/lt\/wp-json\/wp\/v2\/media\/240063"}],"wp:attachment":[{"href":"https:\/\/baldumarket.lt\/lt\/wp-json\/wp\/v2\/media?parent=240031"}],"wp:term":[{"taxonomy":"product_brand","embeddable":true,"href":"https:\/\/baldumarket.lt\/lt\/wp-json\/wp\/v2\/product_brand?post=240031"},{"taxonomy":"product_cat","embeddable":true,"href":"https:\/\/baldumarket.lt\/lt\/wp-json\/wp\/v2\/product_cat?post=240031"},{"taxonomy":"product_tag","embeddable":true,"href":"https:\/\/baldumarket.lt\/lt\/wp-json\/wp\/v2\/product_tag?post=240031"}],"curies":[{"name":"wp","href":"https:\/\/api.w.org\/{rel}","templated":true}]}}