{"id":239877,"date":"2025-12-30T23:20:14","date_gmt":"2025-12-30T20:20:14","guid":{"rendered":"https:\/\/baldumarket.lt\/?post_type=product&#038;p=239877"},"modified":"2026-02-03T23:04:51","modified_gmt":"2026-02-03T20:04:51","slug":"naroznik-rozkladany-masivo-u","status":"publish","type":"product","link":"https:\/\/baldumarket.lt\/lt\/product\/naroznik-rozkladany-masivo-u\/","title":{"rendered":"\u201eMasivo U\u201c sulankstoma kampin\u0117 sofa"},"content":{"rendered":"<p>\u201eMasivo U\u201c i\u0161skleid\u017eiama kampin\u0117 sofa yra patogus, mink\u0161tas baldas, pasi\u017eymintis moderniu dizainu ir kruop\u0161\u010diu d\u0117mesiu detal\u0117ms.<br \/>\n\u201eMasivo\u201c savyb\u0117s:<br \/>\nmiego funkcija<br \/>\npatalyn\u0117s laikymo<br \/>\nDL automatinis i\u0161skleidimo mechanizmas<br \/>\nauk\u0161tos kokyb\u0117s banguotos spyruokl\u0117s ir T30 apmu\u0161al\u0173 putplastis u\u017etikrina tvirtum\u0105 ir ilgaam\u017ei\u0161kum\u0105<br \/>\npatogi s\u0117dyn\u0117<br \/>\npatogus atlo\u0161as<br \/>\ndekoratyviniai vamzd\u017eiai<br \/>\npagalv\u0117s \u012fskai\u010diuotos<br \/>\nSimetri\u0161ka kampin\u0117 sofa.<\/p>","protected":false},"excerpt":{"rendered":"<p>I\u0161skleid\u017eiama kampin\u0117 sofa \u201eMasivo U\u201c \u2013 tai patogus, mink\u0161tas baldas, pasi\u017eymintis moderniu dizainu ir kruop\u0161\u010diu d\u0117mesiu detal\u0117ms. \u201eMasivo\u201c savyb\u0117s: miegojimo funkcija; patalyn\u0117s d\u0117\u017e\u0117; automatinis DL i\u0161skleidimo mechanizmas; auk\u0161tos kokyb\u0117s banguotos spyruokl\u0117s ir T30 apmu\u0161al\u0173 putos u\u017etikrina tvirtum\u0105 ir ilgaam\u017ei\u0161kum\u0105; patogi s\u0117dyn\u0117; patogus atlo\u0161as; dekoratyviniai apvadai; pagalv\u0117l\u0117s pridedamos; simetri\u0161ka kampin\u0117 sofa.<\/p>","protected":false},"featured_media":239909,"comment_status":"open","ping_status":"closed","template":"","meta":[],"product_brand":[],"product_cat":[616,1982,9112],"product_tag":[],"class_list":{"0":"post-239877","1":"product","2":"type-product","3":"status-publish","4":"has-post-thumbnail","6":"product_cat-corners","7":"product_cat-corners-u","8":"product_cat-linneo","10":"first","11":"instock","12":"shipping-taxable","13":"product-type-grouped"},"_links":{"self":[{"href":"https:\/\/baldumarket.lt\/lt\/wp-json\/wp\/v2\/product\/239877","targetHints":{"allow":["GET"]}}],"collection":[{"href":"https:\/\/baldumarket.lt\/lt\/wp-json\/wp\/v2\/product"}],"about":[{"href":"https:\/\/baldumarket.lt\/lt\/wp-json\/wp\/v2\/types\/product"}],"replies":[{"embeddable":true,"href":"https:\/\/baldumarket.lt\/lt\/wp-json\/wp\/v2\/comments?post=239877"}],"wp:featuredmedia":[{"embeddable":true,"href":"https:\/\/baldumarket.lt\/lt\/wp-json\/wp\/v2\/media\/239909"}],"wp:attachment":[{"href":"https:\/\/baldumarket.lt\/lt\/wp-json\/wp\/v2\/media?parent=239877"}],"wp:term":[{"taxonomy":"product_brand","embeddable":true,"href":"https:\/\/baldumarket.lt\/lt\/wp-json\/wp\/v2\/product_brand?post=239877"},{"taxonomy":"product_cat","embeddable":true,"href":"https:\/\/baldumarket.lt\/lt\/wp-json\/wp\/v2\/product_cat?post=239877"},{"taxonomy":"product_tag","embeddable":true,"href":"https:\/\/baldumarket.lt\/lt\/wp-json\/wp\/v2\/product_tag?post=239877"}],"curies":[{"name":"wp","href":"https:\/\/api.w.org\/{rel}","templated":true}]}}