{"id":239794,"date":"2025-12-30T23:15:06","date_gmt":"2025-12-30T20:15:06","guid":{"rendered":"https:\/\/baldumarket.lt\/?post_type=product&#038;p=239794"},"modified":"2026-02-03T23:04:56","modified_gmt":"2026-02-03T20:04:56","slug":"naroznik-rozkladany-kubi-gr1","status":"publish","type":"product","link":"https:\/\/baldumarket.lt\/lt\/product\/naroznik-rozkladany-kubi-gr1\/","title":{"rendered":"Kubi Gr1 i\u0161skleid\u017eiama kampin\u0117 sofa"},"content":{"rendered":"<p>\u201eKubi\u201c i\u0161skleid\u017eiama kampin\u0117 sofa yra patogus mink\u0161tas baldas, pasi\u017eymintis moderniu dizainu ir kruop\u0161\u010diu d\u0117mesiu detal\u0117ms.<br \/>\nKubi savyb\u0117s:<br \/>\nmiego funkcija<br \/>\n2 patalyn\u0117s saugyklos<br \/>\nDL automatinis i\u0161skleidimo mechanizmas<br \/>\nAuk\u0161tos kokyb\u0117s \u201eBonnell\u201c spyruokl\u0117s ir T30 apmu\u0161al\u0173 putos u\u017etikrina tvirtum\u0105 ir ilgaam\u017ei\u0161kum\u0105<br \/>\nPatogi s\u0117dyn\u0117<br \/>\nPatogus atlo\u0161as<br \/>\nDekoratyvin\u0117s pagalv\u0117l\u0117s<br \/>\nDekoratyvinis si\u016bli\u0173 si\u016bl\u0117s<\/p>","protected":false},"excerpt":{"rendered":"<p>Ilgosios pus\u0117s plotis [cm]: 249<br \/>\nTrumposios pus\u0117s plotis [cm]: 155<br \/>\nAuk\u0161tis [cm]: 93<br \/>\nS\u0117dyn\u0117s auk\u0161tis [cm]: 45<br \/>\nPagalv\u0117l\u0117s \/ atlo\u0161o tipas: nuimamos pagalv\u0117l\u0117s<br \/>\n\u0160onin\u0117s atlo\u0161o dalys: su atlo\u0161ais<br \/>\nMiegamasis plotas [cm]: 143 \u00d7 211<br \/>\nKampin\u0117s sofos stilius: modernus<br \/>\nI\u0161skleidimo sistema: Automatin\u0117, kad b\u016bt\u0173 lengva i\u0161skleisti \/ DL<\/p>","protected":false},"featured_media":239839,"comment_status":"open","ping_status":"closed","template":"","meta":[],"product_brand":[],"product_cat":[9133],"product_tag":[],"class_list":{"0":"post-239794","1":"product","2":"type-product","3":"status-publish","4":"has-post-thumbnail","6":"product_cat-grouped","8":"first","9":"instock","10":"shipping-taxable","11":"purchasable","12":"product-type-variable","13":"wvs-archive-product-wrapper"},"_links":{"self":[{"href":"https:\/\/baldumarket.lt\/lt\/wp-json\/wp\/v2\/product\/239794","targetHints":{"allow":["GET"]}}],"collection":[{"href":"https:\/\/baldumarket.lt\/lt\/wp-json\/wp\/v2\/product"}],"about":[{"href":"https:\/\/baldumarket.lt\/lt\/wp-json\/wp\/v2\/types\/product"}],"replies":[{"embeddable":true,"href":"https:\/\/baldumarket.lt\/lt\/wp-json\/wp\/v2\/comments?post=239794"}],"wp:featuredmedia":[{"embeddable":true,"href":"https:\/\/baldumarket.lt\/lt\/wp-json\/wp\/v2\/media\/239839"}],"wp:attachment":[{"href":"https:\/\/baldumarket.lt\/lt\/wp-json\/wp\/v2\/media?parent=239794"}],"wp:term":[{"taxonomy":"product_brand","embeddable":true,"href":"https:\/\/baldumarket.lt\/lt\/wp-json\/wp\/v2\/product_brand?post=239794"},{"taxonomy":"product_cat","embeddable":true,"href":"https:\/\/baldumarket.lt\/lt\/wp-json\/wp\/v2\/product_cat?post=239794"},{"taxonomy":"product_tag","embeddable":true,"href":"https:\/\/baldumarket.lt\/lt\/wp-json\/wp\/v2\/product_tag?post=239794"}],"curies":[{"name":"wp","href":"https:\/\/api.w.org\/{rel}","templated":true}]}}