{"id":239667,"date":"2025-12-30T23:07:15","date_gmt":"2025-12-30T20:07:15","guid":{"rendered":"https:\/\/baldumarket.lt\/?post_type=product&#038;p=239667"},"modified":"2026-02-03T23:05:02","modified_gmt":"2026-02-03T20:05:02","slug":"naroznik-rozkladany-euphoria","status":"publish","type":"product","link":"https:\/\/baldumarket.lt\/lt\/product\/naroznik-rozkladany-euphoria\/","title":{"rendered":"Euforijos kampin\u0117 sofa-lova"},"content":{"rendered":"<p>Kampin\u0117 sofa \u201eEuphoria\u201c su reguliuojamais galvos atlo\u0161ais \u2013 \u012fdomus pasirinkimas moderniam interjerui.<br \/>\nEuforijos parametrai:<br \/>\nmiego funkcija<br \/>\npatalyn\u0117s laikymo<br \/>\n\u201ePuma\u201c i\u0161lankstymo sistema<br \/>\nauk\u0161tos kokyb\u0117s banguotos spyruokl\u0117s ir T30 apmu\u0161al\u0173 putplastis u\u017etikrina tvirtum\u0105 ir ilgaam\u017ei\u0161kum\u0105<br \/>\npatogi s\u0117dyn\u0117<br \/>\npatogus atlo\u0161as<br \/>\nKampin\u0117 sofa pavaizduota de\u0161in\u0117je.<br \/>\nPagrindin\u0117je nuotraukoje pavaizduota sofa su \u201eCurio 02\u201c audiniu.<\/p>","protected":false},"excerpt":{"rendered":"<p>\u201eEuphoria\u201c kampin\u0117 sofa su reguliuojamais galvos atlo\u0161ais \u2013 \u012fdomus pasirinkimas moderniam interjerui. \u201eEuphoria\u201c parametrai: miegojimo funkcija, patalyn\u0117s laikymo vieta, \u201ePuma\u201c i\u0161lankstymo sistema, auk\u0161tos kokyb\u0117s banguotos spyruokl\u0117s ir T30 apmu\u0161al\u0173 putos u\u017etikrina tvirtum\u0105 ir ilgaam\u017ei\u0161kum\u0105, patogi s\u0117dyn\u0117, patogus atlo\u0161as. Kampin\u0117s sofos nuotrauka pateikta de\u0161in\u0117je. Pagrindin\u0117je nuotraukoje pavaizduota \u201eCurio 02\u201c [\u2026]<\/p>","protected":false},"featured_media":239699,"comment_status":"open","ping_status":"closed","template":"","meta":[],"product_brand":[],"product_cat":[616,1983,9112],"product_tag":[],"class_list":{"0":"post-239667","1":"product","2":"type-product","3":"status-publish","4":"has-post-thumbnail","6":"product_cat-corners","7":"product_cat-corners-l","8":"product_cat-linneo","10":"first","11":"instock","12":"shipping-taxable","13":"product-type-grouped"},"_links":{"self":[{"href":"https:\/\/baldumarket.lt\/lt\/wp-json\/wp\/v2\/product\/239667","targetHints":{"allow":["GET"]}}],"collection":[{"href":"https:\/\/baldumarket.lt\/lt\/wp-json\/wp\/v2\/product"}],"about":[{"href":"https:\/\/baldumarket.lt\/lt\/wp-json\/wp\/v2\/types\/product"}],"replies":[{"embeddable":true,"href":"https:\/\/baldumarket.lt\/lt\/wp-json\/wp\/v2\/comments?post=239667"}],"wp:featuredmedia":[{"embeddable":true,"href":"https:\/\/baldumarket.lt\/lt\/wp-json\/wp\/v2\/media\/239699"}],"wp:attachment":[{"href":"https:\/\/baldumarket.lt\/lt\/wp-json\/wp\/v2\/media?parent=239667"}],"wp:term":[{"taxonomy":"product_brand","embeddable":true,"href":"https:\/\/baldumarket.lt\/lt\/wp-json\/wp\/v2\/product_brand?post=239667"},{"taxonomy":"product_cat","embeddable":true,"href":"https:\/\/baldumarket.lt\/lt\/wp-json\/wp\/v2\/product_cat?post=239667"},{"taxonomy":"product_tag","embeddable":true,"href":"https:\/\/baldumarket.lt\/lt\/wp-json\/wp\/v2\/product_tag?post=239667"}],"curies":[{"name":"wp","href":"https:\/\/api.w.org\/{rel}","templated":true}]}}