{"id":239639,"date":"2025-12-30T23:05:34","date_gmt":"2025-12-30T20:05:34","guid":{"rendered":"https:\/\/baldumarket.lt\/?post_type=product&#038;p=239639"},"modified":"2026-02-03T23:05:05","modified_gmt":"2026-02-03T20:05:05","slug":"naroznik-rozkladany-cloud","status":"publish","type":"product","link":"https:\/\/baldumarket.lt\/lt\/product\/naroznik-rozkladany-cloud\/","title":{"rendered":"Debes\u0173 kampin\u0117 sofa-lova"},"content":{"rendered":"<p>\u201eCloud\u201c transformuojama kampin\u0117 sofa yra patogus, mink\u0161tas baldas, pasi\u017eymintis moderniu dizainu ir kruop\u0161\u010diu d\u0117mesiu detal\u0117ms.<br \/>\nDebesijos funkcijos:<br \/>\nmiego funkcija<br \/>\npatalyn\u0117s laikymo<br \/>\nDL automatinis i\u0161skleidimo mechanizmas<br \/>\nauk\u0161tos kokyb\u0117s \u201eBonnell\u201c spyruokl\u0117s ir T30 apmu\u0161al\u0173 putos u\u017etikrina tvirtum\u0105 ir ilgaam\u017ei\u0161kum\u0105<br \/>\npatogi s\u0117dyn\u0117<br \/>\npatogus atlo\u0161as<br \/>\ndekoratyvin\u0117s rutulin\u0117s pagalv\u0117l\u0117s<br \/>\nPagrindin\u0117je nuotraukoje pavaizduota sofa su \u201eArtico Nata\u201c audiniu<\/p>","protected":false},"excerpt":{"rendered":"<p>\u201eCloud\u201c transformuojama kampin\u0117 sofa \u2013 tai patogus, mink\u0161tas baldas, pasi\u017eymintis moderniu dizainu ir kruop\u0161\u010diu d\u0117mesiu detal\u0117ms. \u201eCloud\u201c savyb\u0117s: miegojimo funkcija, patalyn\u0117s laikymo vieta, automatinis DL i\u0161skleidimo mechanizmas, auk\u0161tos kokyb\u0117s \u201eBonnell\u201c spyruokl\u0117s ir T30 apmu\u0161al\u0173 putos u\u017etikrina tvirtum\u0105 ir ilgaam\u017ei\u0161kum\u0105, patogi s\u0117dyn\u0117, patogus atlo\u0161as, dekoratyvin\u0117s rutulin\u0117s pagalv\u0117l\u0117s. Pagrindin\u0117je nuotraukoje pavaizduota sofa [\u2026]<\/p>","protected":false},"featured_media":239671,"comment_status":"open","ping_status":"closed","template":"","meta":[],"product_brand":[],"product_cat":[616,1983,9112],"product_tag":[],"class_list":{"0":"post-239639","1":"product","2":"type-product","3":"status-publish","4":"has-post-thumbnail","6":"product_cat-corners","7":"product_cat-corners-l","8":"product_cat-linneo","10":"first","11":"instock","12":"shipping-taxable","13":"product-type-grouped"},"_links":{"self":[{"href":"https:\/\/baldumarket.lt\/lt\/wp-json\/wp\/v2\/product\/239639","targetHints":{"allow":["GET"]}}],"collection":[{"href":"https:\/\/baldumarket.lt\/lt\/wp-json\/wp\/v2\/product"}],"about":[{"href":"https:\/\/baldumarket.lt\/lt\/wp-json\/wp\/v2\/types\/product"}],"replies":[{"embeddable":true,"href":"https:\/\/baldumarket.lt\/lt\/wp-json\/wp\/v2\/comments?post=239639"}],"wp:featuredmedia":[{"embeddable":true,"href":"https:\/\/baldumarket.lt\/lt\/wp-json\/wp\/v2\/media\/239671"}],"wp:attachment":[{"href":"https:\/\/baldumarket.lt\/lt\/wp-json\/wp\/v2\/media?parent=239639"}],"wp:term":[{"taxonomy":"product_brand","embeddable":true,"href":"https:\/\/baldumarket.lt\/lt\/wp-json\/wp\/v2\/product_brand?post=239639"},{"taxonomy":"product_cat","embeddable":true,"href":"https:\/\/baldumarket.lt\/lt\/wp-json\/wp\/v2\/product_cat?post=239639"},{"taxonomy":"product_tag","embeddable":true,"href":"https:\/\/baldumarket.lt\/lt\/wp-json\/wp\/v2\/product_tag?post=239639"}],"curies":[{"name":"wp","href":"https:\/\/api.w.org\/{rel}","templated":true}]}}