{"id":239584,"date":"2025-12-30T23:02:14","date_gmt":"2025-12-30T20:02:14","guid":{"rendered":"https:\/\/baldumarket.lt\/?post_type=product&#038;p=239584"},"modified":"2026-02-03T23:05:07","modified_gmt":"2026-02-03T20:05:07","slug":"naroznik-z-zaglowkami-bonny-gr1","status":"publish","type":"product","link":"https:\/\/baldumarket.lt\/lt\/product\/naroznik-z-zaglowkami-bonny-gr1\/","title":{"rendered":"Bonny Gr1 kampin\u0117 sofa su galvos atramomis"},"content":{"rendered":"<p>\u201eBonny\u201c kampin\u0117 sofa su reguliuojamais galvos atlo\u0161ais \u2013 \u012fdomus pasirinkimas moderniam interjerui.<br \/>\nBonny parametrai:<br \/>\nmiego funkcija<br \/>\npatalyn\u0117s laikymo<br \/>\nDelfin i\u0161lankstymo sistema<br \/>\nauk\u0161tos kokyb\u0117s banguotos spyruokl\u0117s ir T30 apmu\u0161al\u0173 putplastis u\u017etikrina tvirtum\u0105 ir ilgaam\u017ei\u0161kum\u0105<br \/>\npatogi s\u0117dyn\u0117<br \/>\npatogus atlo\u0161as<br \/>\nreguliuojamos galvos atramos<br \/>\nKampin\u0117 sofa pavaizduota de\u0161in\u0117je.<br \/>\nPagrindin\u0117je nuotraukoje pavaizduota sofa su \u201eSierra 742\u201c audiniu.<\/p>","protected":false},"excerpt":{"rendered":"<p>Ilgosios pus\u0117s plotis [cm]: 255<br \/>\nTrumposios pus\u0117s plotis [cm]: 200<br \/>\n\u016agis [cm]: 65\u201350<br \/>\n\u012ed\u0117klo tipas: banguotos spyruokl\u0117s + putplastis \u2013 vidutinio kietumo\/kietas<br \/>\nPagalv\u0117l\u0117s \/ atlo\u0161o tipas: perdengian\u010dios pagalv\u0117l\u0117s (persidengian\u010dios)<br \/>\n\u0160onin\u0117s atlo\u0161o dalys: be atlo\u0161\u0173<br \/>\nMiegamasis plotas [cm]: 122 \u00d7 190<br \/>\nKampin\u0117s sofos stilius: modernus<br \/>\nI\u0161skleidimo sistema: i\u0161traukiamas ve\u017eim\u0117lis (delfinas)<\/p>","protected":false},"featured_media":239629,"comment_status":"open","ping_status":"closed","template":"","meta":[],"product_brand":[],"product_cat":[9133],"product_tag":[],"class_list":{"0":"post-239584","1":"product","2":"type-product","3":"status-publish","4":"has-post-thumbnail","6":"product_cat-grouped","8":"first","9":"instock","10":"shipping-taxable","11":"purchasable","12":"product-type-variable","13":"wvs-archive-product-wrapper"},"_links":{"self":[{"href":"https:\/\/baldumarket.lt\/lt\/wp-json\/wp\/v2\/product\/239584","targetHints":{"allow":["GET"]}}],"collection":[{"href":"https:\/\/baldumarket.lt\/lt\/wp-json\/wp\/v2\/product"}],"about":[{"href":"https:\/\/baldumarket.lt\/lt\/wp-json\/wp\/v2\/types\/product"}],"replies":[{"embeddable":true,"href":"https:\/\/baldumarket.lt\/lt\/wp-json\/wp\/v2\/comments?post=239584"}],"wp:featuredmedia":[{"embeddable":true,"href":"https:\/\/baldumarket.lt\/lt\/wp-json\/wp\/v2\/media\/239629"}],"wp:attachment":[{"href":"https:\/\/baldumarket.lt\/lt\/wp-json\/wp\/v2\/media?parent=239584"}],"wp:term":[{"taxonomy":"product_brand","embeddable":true,"href":"https:\/\/baldumarket.lt\/lt\/wp-json\/wp\/v2\/product_brand?post=239584"},{"taxonomy":"product_cat","embeddable":true,"href":"https:\/\/baldumarket.lt\/lt\/wp-json\/wp\/v2\/product_cat?post=239584"},{"taxonomy":"product_tag","embeddable":true,"href":"https:\/\/baldumarket.lt\/lt\/wp-json\/wp\/v2\/product_tag?post=239584"}],"curies":[{"name":"wp","href":"https:\/\/api.w.org\/{rel}","templated":true}]}}