{"id":239569,"date":"2025-12-30T23:01:20","date_gmt":"2025-12-30T20:01:20","guid":{"rendered":"https:\/\/baldumarket.lt\/?post_type=product&#038;p=239569"},"modified":"2026-02-03T23:05:07","modified_gmt":"2026-02-03T20:05:07","slug":"naroznik-rozkladany-amsterix-maxi-u","status":"publish","type":"product","link":"https:\/\/baldumarket.lt\/lt\/product\/naroznik-rozkladany-amsterix-maxi-u\/","title":{"rendered":"Amsterix Maxi U i\u0161skleid\u017eiama kampin\u0117 sofa"},"content":{"rendered":"<p>\u201eAmsterix Maxi U\u201c i\u0161skleid\u017eiama kampin\u0117 sofa yra patogus, mink\u0161tas baldas, pasi\u017eymintis moderniu dizainu ir kruop\u0161\u010diu d\u0117mesiu detal\u0117ms.<br \/>\n\u201eAmsterix\u201c ypatyb\u0117s:<br \/>\nmiego funkcija<br \/>\npatalyn\u0117s laikymo<br \/>\nDL automatinis i\u0161skleidimo mechanizmas<br \/>\nauk\u0161tos kokyb\u0117s \u201eBonnell\u201c spyruokl\u0117s ir T30 apmu\u0161al\u0173 putos u\u017etikrina tvirtum\u0105 ir ilgaam\u017ei\u0161kum\u0105<br \/>\npatogi s\u0117dyn\u0117<br \/>\npatogus atlo\u0161as<br \/>\nsimetri\u0161ka kampin\u0117 sofa<br \/>\nPagrindin\u0117je nuotraukoje pavaizduota sofa su \u201eAmbience 2\u201c audiniu<\/p>","protected":false},"excerpt":{"rendered":"<p>The Amsterix Maxi U extendable corner sofa is a comfortable, upholstered piece of furniture with a modern design and meticulous attention to detail. Amsterix features: sleep function bedding storage DL automatic unfolding mechanism high-quality Bonnell springs and T30 upholstery foam provide firmness and durability comfortable seat comfortable backrest symmetrical corner sofa The main photo shows [&hellip;]<\/p>","protected":false},"featured_media":239601,"comment_status":"open","ping_status":"closed","template":"","meta":[],"product_brand":[],"product_cat":[616,1982,9112],"product_tag":[],"class_list":{"0":"post-239569","1":"product","2":"type-product","3":"status-publish","4":"has-post-thumbnail","6":"product_cat-corners","7":"product_cat-corners-u","8":"product_cat-linneo","10":"first","11":"instock","12":"shipping-taxable","13":"product-type-grouped"},"_links":{"self":[{"href":"https:\/\/baldumarket.lt\/lt\/wp-json\/wp\/v2\/product\/239569","targetHints":{"allow":["GET"]}}],"collection":[{"href":"https:\/\/baldumarket.lt\/lt\/wp-json\/wp\/v2\/product"}],"about":[{"href":"https:\/\/baldumarket.lt\/lt\/wp-json\/wp\/v2\/types\/product"}],"replies":[{"embeddable":true,"href":"https:\/\/baldumarket.lt\/lt\/wp-json\/wp\/v2\/comments?post=239569"}],"wp:featuredmedia":[{"embeddable":true,"href":"https:\/\/baldumarket.lt\/lt\/wp-json\/wp\/v2\/media\/239601"}],"wp:attachment":[{"href":"https:\/\/baldumarket.lt\/lt\/wp-json\/wp\/v2\/media?parent=239569"}],"wp:term":[{"taxonomy":"product_brand","embeddable":true,"href":"https:\/\/baldumarket.lt\/lt\/wp-json\/wp\/v2\/product_brand?post=239569"},{"taxonomy":"product_cat","embeddable":true,"href":"https:\/\/baldumarket.lt\/lt\/wp-json\/wp\/v2\/product_cat?post=239569"},{"taxonomy":"product_tag","embeddable":true,"href":"https:\/\/baldumarket.lt\/lt\/wp-json\/wp\/v2\/product_tag?post=239569"}],"curies":[{"name":"wp","href":"https:\/\/api.w.org\/{rel}","templated":true}]}}