{"id":239516,"date":"2025-12-30T22:58:14","date_gmt":"2025-12-30T19:58:14","guid":{"rendered":"https:\/\/baldumarket.lt\/?post_type=product&#038;p=239516"},"modified":"2026-02-03T23:05:09","modified_gmt":"2026-02-03T20:05:09","slug":"naroznik-z-zaglowkami-bonny-tkaniny-element-promocja-gr2","status":"publish","type":"product","link":"https:\/\/baldumarket.lt\/lt\/product\/naroznik-z-zaglowkami-bonny-tkaniny-element-promocja-gr2\/","title":{"rendered":"Bonny kampin\u0117 sofa su galvos atramomis \u2013 AKCIJA Gr2"},"content":{"rendered":"<p>\u201eBonny\u201c kampin\u0117 sofa su reguliuojamais galvos atlo\u0161ais \u2013 \u012fdomus pasirinkimas moderniam interjerui.<br \/>\nBonny parametrai:<br \/>\nmiego funkcija<br \/>\ndantytos spyruokl\u0117s<br \/>\npatalyn\u0117s laikymo<br \/>\nDelfin automatinis i\u0161skleidimas<br \/>\nreguliuojamos galvos atramos<br \/>\nkairysis kampinis sofas pagrindin\u0117je nuotraukoje<br \/>\nKampin\u0117 sofa si\u016bloma su 1, 6 ir 23 audini\u0173 pasirinkimais.<\/p>","protected":false},"excerpt":{"rendered":"<p>\u016agis [cm]: 65\u201350<br \/>\nIlgesn\u0117s kra\u0161tin\u0117s plotis [cm]: 255<br \/>\nTrumpesn\u0117s kra\u0161tin\u0117s plotis [cm]: 200<br \/>\nMiegamasis plotas [cm]: 122 \u00d7 190<\/p>","protected":false},"featured_media":239559,"comment_status":"open","ping_status":"closed","template":"","meta":[],"product_brand":[],"product_cat":[9133],"product_tag":[],"class_list":{"0":"post-239516","1":"product","2":"type-product","3":"status-publish","4":"has-post-thumbnail","6":"product_cat-grouped","8":"first","9":"instock","10":"shipping-taxable","11":"purchasable","12":"product-type-variable","13":"wvs-archive-product-wrapper"},"_links":{"self":[{"href":"https:\/\/baldumarket.lt\/lt\/wp-json\/wp\/v2\/product\/239516","targetHints":{"allow":["GET"]}}],"collection":[{"href":"https:\/\/baldumarket.lt\/lt\/wp-json\/wp\/v2\/product"}],"about":[{"href":"https:\/\/baldumarket.lt\/lt\/wp-json\/wp\/v2\/types\/product"}],"replies":[{"embeddable":true,"href":"https:\/\/baldumarket.lt\/lt\/wp-json\/wp\/v2\/comments?post=239516"}],"wp:featuredmedia":[{"embeddable":true,"href":"https:\/\/baldumarket.lt\/lt\/wp-json\/wp\/v2\/media\/239559"}],"wp:attachment":[{"href":"https:\/\/baldumarket.lt\/lt\/wp-json\/wp\/v2\/media?parent=239516"}],"wp:term":[{"taxonomy":"product_brand","embeddable":true,"href":"https:\/\/baldumarket.lt\/lt\/wp-json\/wp\/v2\/product_brand?post=239516"},{"taxonomy":"product_cat","embeddable":true,"href":"https:\/\/baldumarket.lt\/lt\/wp-json\/wp\/v2\/product_cat?post=239516"},{"taxonomy":"product_tag","embeddable":true,"href":"https:\/\/baldumarket.lt\/lt\/wp-json\/wp\/v2\/product_tag?post=239516"}],"curies":[{"name":"wp","href":"https:\/\/api.w.org\/{rel}","templated":true}]}}