{"id":239513,"date":"2025-12-30T22:58:09","date_gmt":"2025-12-30T19:58:09","guid":{"rendered":"https:\/\/baldumarket.lt\/?post_type=product&#038;p=239513"},"modified":"2026-02-03T23:05:10","modified_gmt":"2026-02-03T20:05:10","slug":"kanapa-sofa-rosso-tkanina-poso-22-lub-poso-3-promocja","status":"publish","type":"product","link":"https:\/\/baldumarket.lt\/lt\/product\/kanapa-sofa-rosso-tkanina-poso-22-lub-poso-3-promocja\/","title":{"rendered":"Rosso sofa &#8211; Poso 22 arba Poso 3 audinys &#8211; AKCIJA"},"content":{"rendered":"<p>\u201eRosso\u201c sofa-lova \u2013 tai mink\u0161tas baldas, kurio modern\u0173 dizain\u0105 papildo prakti\u0161ki dizaino sprendimai ir auk\u0161tos kokyb\u0117s apmu\u0161al\u0173 med\u017eiagos, tod\u0117l jis puikiai tinka bet kuriam svetainei.<br \/>\nSavyb\u0117s:<br \/>\nmiego funkcija<br \/>\npatalyn\u0117s laikymo<br \/>\nDL automatinis i\u0161skleidimo mechanizmas<br \/>\nauk\u0161tos kokyb\u0117s \u201eBonnell\u201c spyruokl\u0117s ir T30 apmu\u0161al\u0173 putplastis<br \/>\npatogios pagalv\u0117l\u0117s<br \/>\nSofa galima \u012fsigyti tik su \u201ePoso 22 + Kronos 22\u201c audiniu su \u012fd\u0117klais arba \u201ePoso 03 + Paros 03\u201c.<br \/>\n\u201ePoso\u201c velvetinis audinys su storais dry\u017eiais yra patvarus, ilgaam\u017eis ir atsparus dilimui, garantuojantis kokyb\u0119 ilgus metus.<\/p>","protected":false},"excerpt":{"rendered":"<p>The Rosso sofa bed is an upholstered piece of furniture whose modern design is enhanced with practical design solutions and high-quality upholstery materials, making it a perfect addition to any living room. Features: sleep function bedding storage DL automatic unfolding mechanism high-quality Bonnell springs and T30 upholstery foam comfortable cushions The sofa is available only [&hellip;]<\/p>","protected":false},"featured_media":239545,"comment_status":"open","ping_status":"closed","template":"","meta":[],"product_brand":[],"product_cat":[9112,560],"product_tag":[],"class_list":{"0":"post-239513","1":"product","2":"type-product","3":"status-publish","4":"has-post-thumbnail","6":"product_cat-linneo","7":"product_cat-sofas-and-couches","9":"first","10":"instock","11":"shipping-taxable","12":"product-type-grouped"},"_links":{"self":[{"href":"https:\/\/baldumarket.lt\/lt\/wp-json\/wp\/v2\/product\/239513","targetHints":{"allow":["GET"]}}],"collection":[{"href":"https:\/\/baldumarket.lt\/lt\/wp-json\/wp\/v2\/product"}],"about":[{"href":"https:\/\/baldumarket.lt\/lt\/wp-json\/wp\/v2\/types\/product"}],"replies":[{"embeddable":true,"href":"https:\/\/baldumarket.lt\/lt\/wp-json\/wp\/v2\/comments?post=239513"}],"wp:featuredmedia":[{"embeddable":true,"href":"https:\/\/baldumarket.lt\/lt\/wp-json\/wp\/v2\/media\/239545"}],"wp:attachment":[{"href":"https:\/\/baldumarket.lt\/lt\/wp-json\/wp\/v2\/media?parent=239513"}],"wp:term":[{"taxonomy":"product_brand","embeddable":true,"href":"https:\/\/baldumarket.lt\/lt\/wp-json\/wp\/v2\/product_brand?post=239513"},{"taxonomy":"product_cat","embeddable":true,"href":"https:\/\/baldumarket.lt\/lt\/wp-json\/wp\/v2\/product_cat?post=239513"},{"taxonomy":"product_tag","embeddable":true,"href":"https:\/\/baldumarket.lt\/lt\/wp-json\/wp\/v2\/product_tag?post=239513"}],"curies":[{"name":"wp","href":"https:\/\/api.w.org\/{rel}","templated":true}]}}