{"id":239444,"date":"2025-12-30T22:54:18","date_gmt":"2025-12-30T19:54:18","guid":{"rendered":"https:\/\/baldumarket.lt\/?post_type=product&#038;p=239444"},"modified":"2026-02-03T23:05:12","modified_gmt":"2026-02-03T20:05:12","slug":"wersalka-z-boczkami-manto-gr1","status":"publish","type":"product","link":"https:\/\/baldumarket.lt\/lt\/product\/wersalka-z-boczkami-manto-gr1\/","title":{"rendered":"Manto Gr1 sofa-lova su \u0161onais"},"content":{"rendered":"<p>Stilingas dizainas ir optimalus s\u0117d\u0117jimo komfortas \u2013 tai pagrindiniai prioritetai kuriant \u201eManto\u201c sof\u0105. Subtilios, bet patvarios buko medienos kojel\u0117s suteikia sofai unikal\u0173 charakter\u012f, tod\u0117l ji puikiai tinka tiek moderniam, tiek tradiciniam interjerui.<br \/>\nManto specifikacijos:<br \/>\nmiego funkcija<br \/>\npatalyn\u0117s laikymo<br \/>\nauk\u0161tos kokyb\u0117s \u201eBonnell\u201c spyruokl\u0117s ir T30 apmu\u0161al\u0173 putos suteikia sofai tvirtumo ir ilgaam\u017ei\u0161kumo<br \/>\npatogi s\u0117dyn\u0117<br \/>\nspragtel\u0117jimas atsiskleid\u017eia, medin\u0117s kojel\u0117s.<br \/>\nPagrindin\u0117je nuotraukoje pavaizduotas \u201eCastel 97\u201c audinys<\/p>","protected":false},"excerpt":{"rendered":"<p>Plotis [cm]: 225<br \/>\nAuk\u0161tis [cm]: 91<br \/>\nS\u0117dyn\u0117s auk\u0161tis [cm]: 45<br \/>\nGylis [cm]: 97<br \/>\nS\u0117dyn\u0117s gylis [cm]: 56<br \/>\nMiegamasis plotas [cm]: 118 \u00d7 198<\/p>","protected":false},"featured_media":239489,"comment_status":"open","ping_status":"closed","template":"","meta":[],"product_brand":[],"product_cat":[9133],"product_tag":[],"class_list":{"0":"post-239444","1":"product","2":"type-product","3":"status-publish","4":"has-post-thumbnail","6":"product_cat-grouped","8":"first","9":"instock","10":"shipping-taxable","11":"purchasable","12":"product-type-variable","13":"wvs-archive-product-wrapper"},"_links":{"self":[{"href":"https:\/\/baldumarket.lt\/lt\/wp-json\/wp\/v2\/product\/239444","targetHints":{"allow":["GET"]}}],"collection":[{"href":"https:\/\/baldumarket.lt\/lt\/wp-json\/wp\/v2\/product"}],"about":[{"href":"https:\/\/baldumarket.lt\/lt\/wp-json\/wp\/v2\/types\/product"}],"replies":[{"embeddable":true,"href":"https:\/\/baldumarket.lt\/lt\/wp-json\/wp\/v2\/comments?post=239444"}],"wp:featuredmedia":[{"embeddable":true,"href":"https:\/\/baldumarket.lt\/lt\/wp-json\/wp\/v2\/media\/239489"}],"wp:attachment":[{"href":"https:\/\/baldumarket.lt\/lt\/wp-json\/wp\/v2\/media?parent=239444"}],"wp:term":[{"taxonomy":"product_brand","embeddable":true,"href":"https:\/\/baldumarket.lt\/lt\/wp-json\/wp\/v2\/product_brand?post=239444"},{"taxonomy":"product_cat","embeddable":true,"href":"https:\/\/baldumarket.lt\/lt\/wp-json\/wp\/v2\/product_cat?post=239444"},{"taxonomy":"product_tag","embeddable":true,"href":"https:\/\/baldumarket.lt\/lt\/wp-json\/wp\/v2\/product_tag?post=239444"}],"curies":[{"name":"wp","href":"https:\/\/api.w.org\/{rel}","templated":true}]}}