{"id":239443,"date":"2025-12-30T22:54:16","date_gmt":"2025-12-30T19:54:16","guid":{"rendered":"https:\/\/baldumarket.lt\/?post_type=product&#038;p=239443"},"modified":"2026-02-03T23:05:12","modified_gmt":"2026-02-03T20:05:12","slug":"fotel-tapicerowany-manto","status":"publish","type":"product","link":"https:\/\/baldumarket.lt\/lt\/product\/fotel-tapicerowany-manto\/","title":{"rendered":"Manto mink\u0161tas fotelis"},"content":{"rendered":"<p>\u201eManto\u201c fotelis yra patogus, mink\u0161tas baldas, pasi\u017eymintis moderniu dizainu ir kruop\u0161\u010diu d\u0117mesiu detal\u0117ms.<br \/>\nPuikiai tinka to paties pavadinimo \u201eManto\u201c sofa-lovai.<br \/>\nSavyb\u0117s:<br \/>\nAuk\u0161tos kokyb\u0117s vingiuotos spyruokl\u0117s<br \/>\nLabai elastingas putplastis<br \/>\nPatogi s\u0117dyn\u0117<br \/>\nPagrindin\u0117 nuotrauka: Castel 97 audinys<\/p>","protected":false},"excerpt":{"rendered":"<p>\u201eManto\u201c fotelis \u2013 patogus, mink\u0161tas baldas, pasi\u017eymintis moderniu dizainu ir kruop\u0161\u010diu d\u0117mesiu detal\u0117ms. Puikiai dera su to paties pavadinimo \u201eManto\u201c sofa-lova. Savyb\u0117s: auk\u0161tos kokyb\u0117s vingiuotos spyruokl\u0117s, labai elastingas putplastis, patogi s\u0117dyn\u0117. Pagrindin\u0117 nuotrauka: \u201eCastel 97\u201c audinys.<\/p>","protected":false},"featured_media":239475,"comment_status":"open","ping_status":"closed","template":"","meta":[],"product_brand":[],"product_cat":[634,9112],"product_tag":[],"class_list":{"0":"post-239443","1":"product","2":"type-product","3":"status-publish","4":"has-post-thumbnail","6":"product_cat-armchairs","7":"product_cat-linneo","9":"first","10":"instock","11":"shipping-taxable","12":"product-type-grouped"},"_links":{"self":[{"href":"https:\/\/baldumarket.lt\/lt\/wp-json\/wp\/v2\/product\/239443","targetHints":{"allow":["GET"]}}],"collection":[{"href":"https:\/\/baldumarket.lt\/lt\/wp-json\/wp\/v2\/product"}],"about":[{"href":"https:\/\/baldumarket.lt\/lt\/wp-json\/wp\/v2\/types\/product"}],"replies":[{"embeddable":true,"href":"https:\/\/baldumarket.lt\/lt\/wp-json\/wp\/v2\/comments?post=239443"}],"wp:featuredmedia":[{"embeddable":true,"href":"https:\/\/baldumarket.lt\/lt\/wp-json\/wp\/v2\/media\/239475"}],"wp:attachment":[{"href":"https:\/\/baldumarket.lt\/lt\/wp-json\/wp\/v2\/media?parent=239443"}],"wp:term":[{"taxonomy":"product_brand","embeddable":true,"href":"https:\/\/baldumarket.lt\/lt\/wp-json\/wp\/v2\/product_brand?post=239443"},{"taxonomy":"product_cat","embeddable":true,"href":"https:\/\/baldumarket.lt\/lt\/wp-json\/wp\/v2\/product_cat?post=239443"},{"taxonomy":"product_tag","embeddable":true,"href":"https:\/\/baldumarket.lt\/lt\/wp-json\/wp\/v2\/product_tag?post=239443"}],"curies":[{"name":"wp","href":"https:\/\/api.w.org\/{rel}","templated":true}]}}