{"id":239430,"date":"2025-12-30T22:53:31","date_gmt":"2025-12-30T19:53:31","guid":{"rendered":"https:\/\/baldumarket.lt\/?post_type=product&#038;p=239430"},"modified":"2026-02-03T23:05:13","modified_gmt":"2026-02-03T20:05:13","slug":"fotel-tapicerowany-manto-gr1","status":"publish","type":"product","link":"https:\/\/baldumarket.lt\/lt\/product\/fotel-tapicerowany-manto-gr1\/","title":{"rendered":"Manto Gr1 mink\u0161tas fotelis"},"content":{"rendered":"<p>\u201eManto\u201c fotelis yra patogus, mink\u0161tas baldas, pasi\u017eymintis moderniu dizainu ir kruop\u0161\u010diu d\u0117mesiu detal\u0117ms.<br \/>\nPuikiai tinka to paties pavadinimo \u201eManto\u201c sofa-lovai.<br \/>\nSavyb\u0117s:<br \/>\nAuk\u0161tos kokyb\u0117s vingiuotos spyruokl\u0117s<br \/>\nLabai elastingas putplastis<br \/>\nPatogi s\u0117dyn\u0117<br \/>\nPagrindin\u0117 nuotrauka: Castel 97 audinys<\/p>","protected":false},"excerpt":{"rendered":"<p>Plotis [cm]: 86<br \/>\nAuk\u0161tis [cm]: 97<br \/>\nGylis [cm]: 81<\/p>","protected":false},"featured_media":239475,"comment_status":"open","ping_status":"closed","template":"","meta":[],"product_brand":[],"product_cat":[9133],"product_tag":[],"class_list":{"0":"post-239430","1":"product","2":"type-product","3":"status-publish","4":"has-post-thumbnail","6":"product_cat-grouped","8":"first","9":"instock","10":"shipping-taxable","11":"purchasable","12":"product-type-variable","13":"wvs-archive-product-wrapper"},"_links":{"self":[{"href":"https:\/\/baldumarket.lt\/lt\/wp-json\/wp\/v2\/product\/239430","targetHints":{"allow":["GET"]}}],"collection":[{"href":"https:\/\/baldumarket.lt\/lt\/wp-json\/wp\/v2\/product"}],"about":[{"href":"https:\/\/baldumarket.lt\/lt\/wp-json\/wp\/v2\/types\/product"}],"replies":[{"embeddable":true,"href":"https:\/\/baldumarket.lt\/lt\/wp-json\/wp\/v2\/comments?post=239430"}],"wp:featuredmedia":[{"embeddable":true,"href":"https:\/\/baldumarket.lt\/lt\/wp-json\/wp\/v2\/media\/239475"}],"wp:attachment":[{"href":"https:\/\/baldumarket.lt\/lt\/wp-json\/wp\/v2\/media?parent=239430"}],"wp:term":[{"taxonomy":"product_brand","embeddable":true,"href":"https:\/\/baldumarket.lt\/lt\/wp-json\/wp\/v2\/product_brand?post=239430"},{"taxonomy":"product_cat","embeddable":true,"href":"https:\/\/baldumarket.lt\/lt\/wp-json\/wp\/v2\/product_cat?post=239430"},{"taxonomy":"product_tag","embeddable":true,"href":"https:\/\/baldumarket.lt\/lt\/wp-json\/wp\/v2\/product_tag?post=239430"}],"curies":[{"name":"wp","href":"https:\/\/api.w.org\/{rel}","templated":true}]}}