{"id":239387,"date":"2025-12-30T22:51:14","date_gmt":"2025-12-30T19:51:14","guid":{"rendered":"https:\/\/baldumarket.lt\/?post_type=product&#038;p=239387"},"modified":"2026-02-03T23:05:14","modified_gmt":"2026-02-03T20:05:14","slug":"sofa-rozkladana-dijon","status":"publish","type":"product","link":"https:\/\/baldumarket.lt\/lt\/product\/sofa-rozkladana-dijon\/","title":{"rendered":"Di\u017eono sofa-lova"},"content":{"rendered":"<p>Di\u017eono sofa \u017eavi savo moderniu dizainu ir auk\u0161tos kokyb\u0117s meistri\u0161kumu.<br \/>\nDi\u017eono ypatyb\u0117s:<br \/>\nmiego funkcija<br \/>\npatalyn\u0117s laikymo<br \/>\nautomatinis i\u0161skleidimo mechanizmas<br \/>\nauk\u0161tos kokyb\u0117s \u201eBonnell\u201c spyruokl\u0117s ir T30 apmu\u0161al\u0173 putos suteikia sofai tvirtumo ir ilgaam\u017ei\u0161kumo<br \/>\npatogi s\u0117dyn\u0117<br \/>\nSofa turi juodas metalines kojeles.<\/p>","protected":false},"excerpt":{"rendered":"<p>\u201eDijon\u201c sofa \u017eavi moderniu dizainu ir auk\u0161tos kokyb\u0117s meistri\u0161kumu. \u201eDijon\u201c savyb\u0117s: miegojimo funkcija, patalyn\u0117s laikymo vieta, automatinis i\u0161skleidimo mechanizmas, auk\u0161tos kokyb\u0117s \u201eBonnell\u201c spyruokl\u0117s ir T30 apmu\u0161al\u0173 putos, suteikian\u010dios sofai tvirtumo ir ilgaam\u017ei\u0161kumo, patogi s\u0117dyn\u0117. Sofa turi juodas metalines kojeles.<\/p>","protected":false},"featured_media":239419,"comment_status":"open","ping_status":"closed","template":"","meta":[],"product_brand":[],"product_cat":[9112,560],"product_tag":[],"class_list":{"0":"post-239387","1":"product","2":"type-product","3":"status-publish","4":"has-post-thumbnail","6":"product_cat-linneo","7":"product_cat-sofas-and-couches","9":"first","10":"instock","11":"shipping-taxable","12":"product-type-grouped"},"_links":{"self":[{"href":"https:\/\/baldumarket.lt\/lt\/wp-json\/wp\/v2\/product\/239387","targetHints":{"allow":["GET"]}}],"collection":[{"href":"https:\/\/baldumarket.lt\/lt\/wp-json\/wp\/v2\/product"}],"about":[{"href":"https:\/\/baldumarket.lt\/lt\/wp-json\/wp\/v2\/types\/product"}],"replies":[{"embeddable":true,"href":"https:\/\/baldumarket.lt\/lt\/wp-json\/wp\/v2\/comments?post=239387"}],"wp:featuredmedia":[{"embeddable":true,"href":"https:\/\/baldumarket.lt\/lt\/wp-json\/wp\/v2\/media\/239419"}],"wp:attachment":[{"href":"https:\/\/baldumarket.lt\/lt\/wp-json\/wp\/v2\/media?parent=239387"}],"wp:term":[{"taxonomy":"product_brand","embeddable":true,"href":"https:\/\/baldumarket.lt\/lt\/wp-json\/wp\/v2\/product_brand?post=239387"},{"taxonomy":"product_cat","embeddable":true,"href":"https:\/\/baldumarket.lt\/lt\/wp-json\/wp\/v2\/product_cat?post=239387"},{"taxonomy":"product_tag","embeddable":true,"href":"https:\/\/baldumarket.lt\/lt\/wp-json\/wp\/v2\/product_tag?post=239387"}],"curies":[{"name":"wp","href":"https:\/\/api.w.org\/{rel}","templated":true}]}}